{"id":32558,"date":"2026-04-17T00:43:13","date_gmt":"2026-04-17T00:43:13","guid":{"rendered":"https:\/\/singuli.wpress.me\/index.php\/proizvod\/gillette-body-intimate-i5-trimer\/"},"modified":"2026-04-21T00:26:38","modified_gmt":"2026-04-21T00:26:38","slug":"gillette-body-intimate-i5-trimer","status":"publish","type":"product","link":"https:\/\/singuli.wpress.me\/index.php\/proizvod\/gillette-body-intimate-i5-trimer\/","title":{"rendered":"GILLETTE Body &amp; Intimate i5, trimer"},"content":{"rendered":"<p>Gillette Body &amp; Intimate i5 je Gilletteov prvi trimer za dla\u010dice intimne zone za mu\u0161karce: za nje\u017enu i jednostavnu njegu intimne zone mu\u0161karaca. Ovaj elektri\u010dni be\u017ei\u010dni trimer koristi tehnologiju SkinFirst s usko raspore\u0111enim o\u0161tricama te ima nastavak s \u010de\u0161lji\u0107em za osjetljivu ko\u017eu kako bi se smanjio rizik od posjekotina. Powered by Braun: ovaj trimer za intimnu zonu s litij-ionskom baterijom radi do 100 minuta sa samo jednim punjenjem. Ovaj vodootporni trimer mo\u017ee se koristiti pod vodom i na suhoj ko\u017ei, a dolazi s punja\u010dem i 3 \u010de\u0161lji\u0107a za podrezivanje dla\u010dica na \u017eeljenu du\u017einu.<\/p>\n<p>Sigurnosno upozorenje:<br \/>\nOvaj je aparat pogodan za uporabu u kadi ili pod tu\u0161em. Zbog sigurnosnih razloga aparat se smije upotrebljavati samo bez kabela. Prije uporabe pod vodom isklju\u010dite ure\u0111aj iz napajanja. Ure\u0111aj ima napajanje s ugra\u0111enim transformatorom (sigurnosno ekstra niski napon). Nemojte mijenjati ili neovla\u0161teno dirati neki njegov dio jer postoji opasnost od elektri\u010dnog udara. Koristiti samo s isporu\u010denim Braunovim priklju\u010dnim kabelom tip 463-XXXX. Ne upotrebljavajte ako je ure\u0111aj ili bilo koji dodatak o\u0161te\u0107en. Ne otvarajte ure\u0111aj! Ugra\u0111enu punjivu bateriju smije mijenjati samo ovla\u0161teni Braunov servisni centar. Ovaj aparat mogu upotrebljavati djeca starija od 8 godina te osobe sa smanjenim fizi\u010dkim, osjetilnim i mentalnim sposobnostima,kao i osobe koje nemaju prethodno dostatno iskustvo i znanje, pod uvjetom da su pod nadzorom odrasle osobe ili da im je obja\u0161njeno kako se aparat upotrebljava na siguran na\u010din tako da u potpunosti razumiju mogu\u0107e rizike prilikom upotrebe. Ako je ure\u0111aj opremljen nastavkom za \u0161i\u0161anje, djeca u dobi od 3 godine i starija, mogu ga upotrebljavati za \u0161i\u0161anje uz nadzor. Djeca se ne smiju igrati s ure\u0111ajem. Djeca ne smiju \u010distiti ni odr\u017eavati ure\u0111aj. Samo za uporabu u ku\u0107anstvu. Pripazite da kabel uvijek bude suh. Promijenite dodatke samo kada je aparat isklju\u010den. Na osjetljivijim dijelovima, glava trimera se mora koristiti samo s nastavkom s \u010de\u0161lji\u0107em.<\/p>\n","protected":false},"excerpt":{"rendered":"<p>Dizajniran da bude nemilosrdan prema dla\u010dicama, a nje\u017ean za ko\u017eu intimne zone<br \/>\nTehnologija SkinFirst: usko raspore\u0111ene o\u0161trice osmi\u0161ljene kako bi pomogle sprije\u010diti posjekotine i iritaciju nakon brijanja<br \/>\nDolazi s 3 \u010de\u0161lji\u0107a, koji se postavljaju kao nastavci na trimer kako bi se smanjio dodir ko\u017ee s o\u0161tricom<\/p>\n","protected":false},"featured_media":32559,"template":"","meta":{"_seopress_robots_primary_cat":"","_seopress_titles_title":"","_seopress_titles_desc":"","_seopress_robots_index":"","iawp_total_views":0},"product_brand":[323],"product_cat":[280,192,279],"product_tag":[],"class_list":{"0":"post-32558","1":"product","2":"type-product","3":"status-publish","4":"has-post-thumbnail","6":"product_brand-gillette","7":"product_cat-aparati-za-muskarce-279","8":"product_cat-aparati-za-osobnu-njegu","9":"product_cat-brijanje-i-sisanje-192","11":"first","12":"outofstock","13":"shipping-taxable","14":"purchasable","15":"product-type-simple"},"_links":{"self":[{"href":"https:\/\/singuli.wpress.me\/index.php\/wp-json\/wp\/v2\/product\/32558","targetHints":{"allow":["GET"]}}],"collection":[{"href":"https:\/\/singuli.wpress.me\/index.php\/wp-json\/wp\/v2\/product"}],"about":[{"href":"https:\/\/singuli.wpress.me\/index.php\/wp-json\/wp\/v2\/types\/product"}],"version-history":[{"count":0,"href":"https:\/\/singuli.wpress.me\/index.php\/wp-json\/wp\/v2\/product\/32558\/revisions"}],"wp:featuredmedia":[{"embeddable":true,"href":"https:\/\/singuli.wpress.me\/index.php\/wp-json\/wp\/v2\/media\/32559"}],"wp:attachment":[{"href":"https:\/\/singuli.wpress.me\/index.php\/wp-json\/wp\/v2\/media?parent=32558"}],"wp:term":[{"taxonomy":"product_brand","embeddable":true,"href":"https:\/\/singuli.wpress.me\/index.php\/wp-json\/wp\/v2\/product_brand?post=32558"},{"taxonomy":"product_cat","embeddable":true,"href":"https:\/\/singuli.wpress.me\/index.php\/wp-json\/wp\/v2\/product_cat?post=32558"},{"taxonomy":"product_tag","embeddable":true,"href":"https:\/\/singuli.wpress.me\/index.php\/wp-json\/wp\/v2\/product_tag?post=32558"}],"curies":[{"name":"wp","href":"https:\/\/api.w.org\/{rel}","templated":true}]}}