{"id":32561,"date":"2026-04-17T00:43:15","date_gmt":"2026-04-17T00:43:15","guid":{"rendered":"https:\/\/singuli.wpress.me\/index.php\/proizvod\/gillette-intimate-pubic-anti-chafe-stick-balzam-protiv-iritacije-od-trenja-48-g\/"},"modified":"2026-04-20T12:33:09","modified_gmt":"2026-04-20T12:33:09","slug":"gillette-intimate-pubic-anti-chafe-stick-balzam-protiv-iritacije-od-trenja-48-g","status":"publish","type":"product","link":"https:\/\/singuli.wpress.me\/index.php\/proizvod\/gillette-intimate-pubic-anti-chafe-stick-balzam-protiv-iritacije-od-trenja-48-g\/","title":{"rendered":"GILLETTE Intimate Pubic Anti-chafe Stick, balzam protiv iritacije od trenja, 48\u00a0g"},"content":{"rendered":"<p>Gillette Intimate Pubic Anti-chafe Stick \u0161titi va\u0161u ko\u017eu od trljanja koje uzrokuje iritacije i guljenje na intimnoj zoni. Ova nemasna i dugotrajna formula pru\u017ea vam za\u0161titu od iritacije od trenja i svje\u017einu tijekom svakodnevnih aktivnosti. Balzam protiv iritacije od trenja mo\u017ee se koristiti svakodnevno za smanjenje svrbe\u017ea i trenja u preponama. Nanesite stik protiv iritacije od trenja izravno na podru\u010dja sklona iritacijama kako biste se za\u0161titili i smanjili trenje. Ponovno primijenite po potrebi.<\/p>\n<p>Na\u010din primjene: Nanijeti nakon brijanja.<\/p>\n","protected":false},"excerpt":{"rendered":"<p>Za\u0161tita od iritacije od trenja za mu\u0161karce: jednostavan korak protiv trljanja ko\u017ee i iritacija od trenja<br \/>\nFormulirano za smanjenje trenja na preponama i na intimnoj zoni<br \/>\nLako nano\u0161enje: svakodnevno nanosite Gilletteov stik protiv iritacije od trenja i u\u017eivajte u nemasnoj, glatkoj formuli<\/p>\n","protected":false},"featured_media":32563,"template":"","meta":{"_seopress_robots_primary_cat":"","_seopress_titles_title":"","_seopress_titles_desc":"","_seopress_robots_index":"","iawp_total_views":0},"product_brand":[323],"product_cat":[268,278],"product_tag":[],"class_list":{"0":"post-32561","1":"product","2":"type-product","3":"status-publish","4":"has-post-thumbnail","6":"product_brand-gillette","7":"product_cat-kozmetika-2","8":"product_cat-njega-tijela-268","10":"first","11":"instock","12":"shipping-taxable","13":"purchasable","14":"product-type-simple"},"_links":{"self":[{"href":"https:\/\/singuli.wpress.me\/index.php\/wp-json\/wp\/v2\/product\/32561","targetHints":{"allow":["GET"]}}],"collection":[{"href":"https:\/\/singuli.wpress.me\/index.php\/wp-json\/wp\/v2\/product"}],"about":[{"href":"https:\/\/singuli.wpress.me\/index.php\/wp-json\/wp\/v2\/types\/product"}],"version-history":[{"count":0,"href":"https:\/\/singuli.wpress.me\/index.php\/wp-json\/wp\/v2\/product\/32561\/revisions"}],"wp:featuredmedia":[{"embeddable":true,"href":"https:\/\/singuli.wpress.me\/index.php\/wp-json\/wp\/v2\/media\/32563"}],"wp:attachment":[{"href":"https:\/\/singuli.wpress.me\/index.php\/wp-json\/wp\/v2\/media?parent=32561"}],"wp:term":[{"taxonomy":"product_brand","embeddable":true,"href":"https:\/\/singuli.wpress.me\/index.php\/wp-json\/wp\/v2\/product_brand?post=32561"},{"taxonomy":"product_cat","embeddable":true,"href":"https:\/\/singuli.wpress.me\/index.php\/wp-json\/wp\/v2\/product_cat?post=32561"},{"taxonomy":"product_tag","embeddable":true,"href":"https:\/\/singuli.wpress.me\/index.php\/wp-json\/wp\/v2\/product_tag?post=32561"}],"curies":[{"name":"wp","href":"https:\/\/api.w.org\/{rel}","templated":true}]}}