{"id":32568,"date":"2026-04-17T00:43:19","date_gmt":"2026-04-17T00:43:19","guid":{"rendered":"https:\/\/singuli.wpress.me\/index.php\/proizvod\/gillette-intimate-krema-za-brijanje-i-ciscenje-za-intimnu-zonu-150-ml\/"},"modified":"2026-04-20T12:33:09","modified_gmt":"2026-04-20T12:33:09","slug":"gillette-intimate-krema-za-brijanje-i-ciscenje-za-intimnu-zonu-150-ml","status":"publish","type":"product","link":"https:\/\/singuli.wpress.me\/index.php\/proizvod\/gillette-intimate-krema-za-brijanje-i-ciscenje-za-intimnu-zonu-150-ml\/","title":{"rendered":"GILLETTE Intimate, krema za brijanje i \u010di\u0161\u0107enje za intimnu zonu, 150\u00a0ml"},"content":{"rendered":"<p>Predstavljamo vam kremu za brijanje i \u010di\u0161\u0107enje 2-u-1 Gillette Body &amp; Intimate koja poma\u017ee za\u0161tititi intimnu zonu od iritacije uzrokovane brijanjem. U\u017eivajte u nje\u017enoj formuli oboga\u0107enoj aloa verom koja ostavlja za\u0161titni sloj na osjetljivim podru\u010djima koje brijete. Nanesite na \u017eeljeno podru\u010dje, protrljajte na vla\u017enoj ko\u017ei kako biste dobili bogatu pjenu pa Gilletteovim brija\u010dem za intimnu zonu nje\u017enim pokretima obrijte dla\u010dice, a zatim isperite ko\u017eu. Koristite cjelokupnu liniju za njegu mu\u0161karaca Gillette Intimate kako biste intimnu zonu pripremili za brijanje te je za\u0161titili od iritacije i njegovali.<\/p>\n<p>Na\u010din primjene:<br \/>\nNanesite. Obrijte. Isperite.<\/p>\n","protected":false},"excerpt":{"rendered":"<p>Gilletteova krema za brijanje i \u010di\u0161\u0107enje za intimnu zonu s formulom za za\u0161titu intimne zone od iritacije uzrokovane brijanjem<br \/>\nNje\u017ena formula ostavlja za\u0161titni sloj na ko\u017ei te poma\u017ee smanjiti zapinjanje i povla\u010denje dla\u010dica<br \/>\nFormula 2-u-1, krema za brijanje za intimnu zonu koja je ujedno i svakodnevna \u010distilica<\/p>\n","protected":false},"featured_media":32569,"template":"","meta":{"_seopress_robots_primary_cat":"","_seopress_titles_title":"","_seopress_titles_desc":"","_seopress_robots_index":"","iawp_total_views":0},"product_brand":[323],"product_cat":[268,278],"product_tag":[],"class_list":{"0":"post-32568","1":"product","2":"type-product","3":"status-publish","4":"has-post-thumbnail","6":"product_brand-gillette","7":"product_cat-kozmetika-2","8":"product_cat-njega-tijela-268","10":"first","11":"instock","12":"shipping-taxable","13":"purchasable","14":"product-type-simple"},"_links":{"self":[{"href":"https:\/\/singuli.wpress.me\/index.php\/wp-json\/wp\/v2\/product\/32568","targetHints":{"allow":["GET"]}}],"collection":[{"href":"https:\/\/singuli.wpress.me\/index.php\/wp-json\/wp\/v2\/product"}],"about":[{"href":"https:\/\/singuli.wpress.me\/index.php\/wp-json\/wp\/v2\/types\/product"}],"version-history":[{"count":0,"href":"https:\/\/singuli.wpress.me\/index.php\/wp-json\/wp\/v2\/product\/32568\/revisions"}],"wp:featuredmedia":[{"embeddable":true,"href":"https:\/\/singuli.wpress.me\/index.php\/wp-json\/wp\/v2\/media\/32569"}],"wp:attachment":[{"href":"https:\/\/singuli.wpress.me\/index.php\/wp-json\/wp\/v2\/media?parent=32568"}],"wp:term":[{"taxonomy":"product_brand","embeddable":true,"href":"https:\/\/singuli.wpress.me\/index.php\/wp-json\/wp\/v2\/product_brand?post=32568"},{"taxonomy":"product_cat","embeddable":true,"href":"https:\/\/singuli.wpress.me\/index.php\/wp-json\/wp\/v2\/product_cat?post=32568"},{"taxonomy":"product_tag","embeddable":true,"href":"https:\/\/singuli.wpress.me\/index.php\/wp-json\/wp\/v2\/product_tag?post=32568"}],"curies":[{"name":"wp","href":"https:\/\/api.w.org\/{rel}","templated":true}]}}