{"id":32571,"date":"2026-04-17T00:43:21","date_gmt":"2026-04-17T00:43:21","guid":{"rendered":"https:\/\/singuli.wpress.me\/index.php\/proizvod\/gillette-king-c-gillette-trimer-za-bradu\/"},"modified":"2026-04-20T12:33:09","modified_gmt":"2026-04-20T12:33:09","slug":"gillette-king-c-gillette-trimer-za-bradu","status":"publish","type":"product","link":"https:\/\/singuli.wpress.me\/index.php\/proizvod\/gillette-king-c-gillette-trimer-za-bradu\/","title":{"rendered":"GILLETTE King C. Gillette, trimer za bradu"},"content":{"rendered":"<p>Trimer za bradu King C. Gillette PRO ima kota\u010di\u0107 za precizno pode\u0161avanje s 40 postavki duljine i 2 \u010de\u0161lji\u0107a, tako da mo\u017eete oblikovati svoju kratku ili dugu bradu ba\u0161 kako \u017eelite. O\u0161trice dugovje\u010dno ostaju o\u0161tre. Trimer za bradu mo\u017eete koristiti 80 minuta s 1 punjenjem bez gubitka performansi. Kad zavr\u0161ite, samo ga isperite pod mlazom vode. Trimer za bradu King C. Gillette najbolji je izbor za njegu kratke ili duge brade.<\/p>\n","protected":false},"excerpt":{"rendered":"<p>Trimer za bradu King C. Gillette PRO s kota\u010di\u0107em za precizno pode\u0161avanje s 40 postavki duljine<br \/>\nS dugovje\u010dnim o\u0161trim o\u0161tricama<br \/>\n80 minuta podrezivanja s 1 potpunim punjenjem<\/p>\n","protected":false},"featured_media":32573,"template":"","meta":{"_seopress_robots_primary_cat":"","_seopress_titles_title":"","_seopress_titles_desc":"","_seopress_robots_index":"","iawp_total_views":0},"product_brand":[323],"product_cat":[280,192,279],"product_tag":[],"class_list":{"0":"post-32571","1":"product","2":"type-product","3":"status-publish","4":"has-post-thumbnail","6":"product_brand-gillette","7":"product_cat-aparati-za-muskarce-279","8":"product_cat-aparati-za-osobnu-njegu","9":"product_cat-brijanje-i-sisanje-192","11":"first","12":"outofstock","13":"shipping-taxable","14":"purchasable","15":"product-type-simple"},"_links":{"self":[{"href":"https:\/\/singuli.wpress.me\/index.php\/wp-json\/wp\/v2\/product\/32571","targetHints":{"allow":["GET"]}}],"collection":[{"href":"https:\/\/singuli.wpress.me\/index.php\/wp-json\/wp\/v2\/product"}],"about":[{"href":"https:\/\/singuli.wpress.me\/index.php\/wp-json\/wp\/v2\/types\/product"}],"version-history":[{"count":0,"href":"https:\/\/singuli.wpress.me\/index.php\/wp-json\/wp\/v2\/product\/32571\/revisions"}],"wp:featuredmedia":[{"embeddable":true,"href":"https:\/\/singuli.wpress.me\/index.php\/wp-json\/wp\/v2\/media\/32573"}],"wp:attachment":[{"href":"https:\/\/singuli.wpress.me\/index.php\/wp-json\/wp\/v2\/media?parent=32571"}],"wp:term":[{"taxonomy":"product_brand","embeddable":true,"href":"https:\/\/singuli.wpress.me\/index.php\/wp-json\/wp\/v2\/product_brand?post=32571"},{"taxonomy":"product_cat","embeddable":true,"href":"https:\/\/singuli.wpress.me\/index.php\/wp-json\/wp\/v2\/product_cat?post=32571"},{"taxonomy":"product_tag","embeddable":true,"href":"https:\/\/singuli.wpress.me\/index.php\/wp-json\/wp\/v2\/product_tag?post=32571"}],"curies":[{"name":"wp","href":"https:\/\/api.w.org\/{rel}","templated":true}]}}