{"id":32580,"date":"2026-04-17T00:43:25","date_gmt":"2026-04-17T00:43:25","guid":{"rendered":"https:\/\/singuli.wpress.me\/index.php\/proizvod\/pantene-pro-v-repair-protect-3-minute-miracle-balzam-za-kosu-220-ml\/"},"modified":"2026-04-20T12:33:09","modified_gmt":"2026-04-20T12:33:09","slug":"pantene-pro-v-repair-protect-3-minute-miracle-balzam-za-kosu-220-ml","status":"publish","type":"product","link":"https:\/\/singuli.wpress.me\/index.php\/proizvod\/pantene-pro-v-repair-protect-3-minute-miracle-balzam-za-kosu-220-ml\/","title":{"rendered":"PANTENE Pro-V Repair &amp; Protect 3 Minute Miracle, balzam za kosu, 220\u00a0ml"},"content":{"rendered":"<p>Otkrijte <span style=\"font-weight: bold\">balzam Pantene Repair &amp; Protect 3 Minute Miracle<\/span> s formulom Pro-V i tehnologijom Active Nutri-Plex. Ovaj je tretman s dubinskim djelovanjem posebno formuliran kako bi pru\u017eio intenzivnu njegu i popravljanje o\u0161te\u0107enja, \u0161to ga \u010dini neizostavnim dijelom va\u0161e rutine njege kose. <br \/>\nNa\u0161a jedinstvena kombinacija nutrijenata oboga\u0107ena je PRO-vitaminom B5, lipidima za ja\u010danje, za\u0161titnim antioksidansima i peptidom kolagena te nudi sveobuhvatan pristup zdravlju kose. Oboga\u0107en s 50 % vi\u0161e sastojaka za za\u0161titu veza u vlasima kose, na\u0161 balzam s dubinskim djelovanjem isti\u010de na\u0161u predanost pru\u017eanju vrhunskih rje\u0161enja za njegu kose. Osmi\u0161ljen je da se odmah otopi u va\u0161oj kosi, \u010dime se osigurava da je svaki pramen pro\u017eet nutrijentima potrebnim za obnovu vidljivih o\u0161te\u0107enja nakon samo jedne upotrebe. <br \/>\nIskusite razliku od prve upotrebe i gledajte kako va\u0161a kosa postaje do 100 % sna\u017enija.<\/p>\n<p>Na\u010din primjene:<br \/>\nBalzam i maska: nanesite na mokru kosu. Isperite. <br \/>\nSerum koji se ne ispire: nanesite malu koli\u010dinu na vla\u017enu ili suhu kosu. <br \/>\nProizvod za za\u0161titu kose prije oblikovanja vru\u0107im ure\u0111ajima: nanesite malu koli\u010dinu prije oblikovanja kose ure\u0111ajima koji koriste visoke temperature.<\/p>\n","protected":false},"excerpt":{"rendered":"<p>Balzam Miracle sadr\u017ei formulu Pro-V oboga\u0107enu s 50 % vi\u0161e sastojaka<br \/>\nBalzam Repair &amp; Protect Miracle vidljivo transformira va\u0161u kosu u samo 3 minute<br \/>\nKosa do 100 % sna\u017enija i vidljivo zdravija<\/p>\n","protected":false},"featured_media":32582,"template":"","meta":{"_seopress_robots_primary_cat":"","_seopress_titles_title":"","_seopress_titles_desc":"","_seopress_robots_index":"","iawp_total_views":0},"product_brand":[411],"product_cat":[268,300],"product_tag":[],"class_list":{"0":"post-32580","1":"product","2":"type-product","3":"status-publish","4":"has-post-thumbnail","6":"product_brand-pantene","7":"product_cat-kozmetika-2","8":"product_cat-njega-kose-268","10":"first","11":"instock","12":"shipping-taxable","13":"purchasable","14":"product-type-simple"},"_links":{"self":[{"href":"https:\/\/singuli.wpress.me\/index.php\/wp-json\/wp\/v2\/product\/32580","targetHints":{"allow":["GET"]}}],"collection":[{"href":"https:\/\/singuli.wpress.me\/index.php\/wp-json\/wp\/v2\/product"}],"about":[{"href":"https:\/\/singuli.wpress.me\/index.php\/wp-json\/wp\/v2\/types\/product"}],"version-history":[{"count":0,"href":"https:\/\/singuli.wpress.me\/index.php\/wp-json\/wp\/v2\/product\/32580\/revisions"}],"wp:featuredmedia":[{"embeddable":true,"href":"https:\/\/singuli.wpress.me\/index.php\/wp-json\/wp\/v2\/media\/32582"}],"wp:attachment":[{"href":"https:\/\/singuli.wpress.me\/index.php\/wp-json\/wp\/v2\/media?parent=32580"}],"wp:term":[{"taxonomy":"product_brand","embeddable":true,"href":"https:\/\/singuli.wpress.me\/index.php\/wp-json\/wp\/v2\/product_brand?post=32580"},{"taxonomy":"product_cat","embeddable":true,"href":"https:\/\/singuli.wpress.me\/index.php\/wp-json\/wp\/v2\/product_cat?post=32580"},{"taxonomy":"product_tag","embeddable":true,"href":"https:\/\/singuli.wpress.me\/index.php\/wp-json\/wp\/v2\/product_tag?post=32580"}],"curies":[{"name":"wp","href":"https:\/\/api.w.org\/{rel}","templated":true}]}}