{"id":32583,"date":"2026-04-17T00:43:27","date_gmt":"2026-04-17T00:43:27","guid":{"rendered":"https:\/\/singuli.wpress.me\/index.php\/proizvod\/pantene-pro-v-active-nutri-plex-repair-protect-3in1-sampon-za-kosu-325-ml\/"},"modified":"2026-04-20T12:33:09","modified_gmt":"2026-04-20T12:33:09","slug":"pantene-pro-v-active-nutri-plex-repair-protect-3in1-sampon-za-kosu-325-ml","status":"publish","type":"product","link":"https:\/\/singuli.wpress.me\/index.php\/proizvod\/pantene-pro-v-active-nutri-plex-repair-protect-3in1-sampon-za-kosu-325-ml\/","title":{"rendered":"PANTENE Pro-V Active Nutri-Plex Repair &amp; Protect 3in1, \u0161ampon za kosu, 325\u00a0ml"},"content":{"rendered":"<p>Otkrijte <span style=\"font-weight: bold\">\u0161ampon Pantene Repair &amp; Protect 3 in 1<\/span>, vrhunsko rje\u0161enje za njegu kose koje \u010dini sve u samo jednom koraku. Uz PRO-V i tehnologiju Active Nutri-Plex ovaj je inovativni proizvod pa\u017eljivo osmi\u0161ljen kako bi istodobno o\u010distio, raspetljao i njegovao kosu. To je vi\u0161e nego samo \u0161ampon, to je sveobuhvatan tretman koji \u0161titi veze u vlasima kose i sna\u017ei kovr\u010de iznutra prema van. Ovaj \u0161ampon od prve upotrebe popravlja vidljive znakove o\u0161te\u0107enja, uklju\u010duju\u0107i gubitak meko\u0107e i sjaja, te tako transformira va\u0161u kosu kako bi izgledala savr\u0161eno zdrava. Njegova formula bez bojila i mineralnih ulja ja\u010da otpornost kose na o\u0161te\u0107enja uzrokovana oblikovanjem, spre\u010dava pucanje vrhova i daje zdravi sjaj i meko\u0107u. <br \/>\nTestirao Swiss Vitamin Institute.<\/p>\n<p>Na\u010din primjene:<br \/>\nUmasirati u mokru kosu i napraviti pjenu. Isprati.<\/p>\n","protected":false},"excerpt":{"rendered":"<p>Za\u0161tita veza u vlasima kose<br \/>\nTajna zdrave kose<br \/>\n3 proizvoda u jednom<\/p>\n","protected":false},"featured_media":32585,"template":"","meta":{"_seopress_robots_primary_cat":"","_seopress_titles_title":"","_seopress_titles_desc":"","_seopress_robots_index":"","iawp_total_views":0},"product_brand":[411],"product_cat":[268,300],"product_tag":[],"class_list":{"0":"post-32583","1":"product","2":"type-product","3":"status-publish","4":"has-post-thumbnail","6":"product_brand-pantene","7":"product_cat-kozmetika-2","8":"product_cat-njega-kose-268","10":"first","11":"instock","12":"shipping-taxable","13":"purchasable","14":"product-type-simple"},"_links":{"self":[{"href":"https:\/\/singuli.wpress.me\/index.php\/wp-json\/wp\/v2\/product\/32583","targetHints":{"allow":["GET"]}}],"collection":[{"href":"https:\/\/singuli.wpress.me\/index.php\/wp-json\/wp\/v2\/product"}],"about":[{"href":"https:\/\/singuli.wpress.me\/index.php\/wp-json\/wp\/v2\/types\/product"}],"version-history":[{"count":0,"href":"https:\/\/singuli.wpress.me\/index.php\/wp-json\/wp\/v2\/product\/32583\/revisions"}],"wp:featuredmedia":[{"embeddable":true,"href":"https:\/\/singuli.wpress.me\/index.php\/wp-json\/wp\/v2\/media\/32585"}],"wp:attachment":[{"href":"https:\/\/singuli.wpress.me\/index.php\/wp-json\/wp\/v2\/media?parent=32583"}],"wp:term":[{"taxonomy":"product_brand","embeddable":true,"href":"https:\/\/singuli.wpress.me\/index.php\/wp-json\/wp\/v2\/product_brand?post=32583"},{"taxonomy":"product_cat","embeddable":true,"href":"https:\/\/singuli.wpress.me\/index.php\/wp-json\/wp\/v2\/product_cat?post=32583"},{"taxonomy":"product_tag","embeddable":true,"href":"https:\/\/singuli.wpress.me\/index.php\/wp-json\/wp\/v2\/product_tag?post=32583"}],"curies":[{"name":"wp","href":"https:\/\/api.w.org\/{rel}","templated":true}]}}