{"id":32586,"date":"2026-04-17T00:43:28","date_gmt":"2026-04-17T00:43:28","guid":{"rendered":"https:\/\/singuli.wpress.me\/index.php\/proizvod\/pantene-pro-v-active-nutri-plex-aqualight-sampon-za-kosu-626-ml\/"},"modified":"2026-04-20T12:33:09","modified_gmt":"2026-04-20T12:33:09","slug":"pantene-pro-v-active-nutri-plex-aqualight-sampon-za-kosu-626-ml","status":"publish","type":"product","link":"https:\/\/singuli.wpress.me\/index.php\/proizvod\/pantene-pro-v-active-nutri-plex-aqualight-sampon-za-kosu-626-ml\/","title":{"rendered":"PANTENE Pro-V Active Nutri-Plex Aqualight, \u0161ampon za kosu, 626\u00a0ml"},"content":{"rendered":"<p>Otkrijte <span style=\"font-weight: bold\">\u0161ampon Pantene Aqualight<\/span>, vrhunski izvor njege i za\u0161tite za va\u0161u kosu. Na\u0161a nje\u017ena formula s nutrijentima Pro-V i inovativnom tehnologijom Active Nutri-Plex \u010disti va\u0161u kosu i istodobno je njeguje esencijalnim nutrijentima. Kada se koristi s na\u0161im balzamom, poma\u017ee oja\u010dati va\u0161u tanku kosu i njeguje je, a da je pritom dodatno ne ote\u017eava. <br \/>\nTestirao Swiss Vitamin Institute. <br \/>\nIskusite vrhunsku njegu kose uz \u0161ampon Pro-V Active Nutri-Plex Aqualight.<\/p>\n<p>Na\u010din primjene:<br \/>\nUmasirati u mokru kosu i napraviti pjenu. Isprati.<\/p>\n","protected":false},"excerpt":{"rendered":"<p>\u0160ampon sadr\u017ei formulu Pro-V i tehnologiju Active Nutri-Plex<br \/>\nNje\u017eno \u010disti va\u0161u kosu kako bi ona bila do 100 % sna\u017enija i uravnote\u017eena<br \/>\n\u0160ampon bez silikona, mineralnih ulja i bojila<\/p>\n","protected":false},"featured_media":32588,"template":"","meta":{"_seopress_robots_primary_cat":"","_seopress_titles_title":"","_seopress_titles_desc":"","_seopress_robots_index":"","iawp_total_views":0},"product_brand":[411],"product_cat":[268,300],"product_tag":[],"class_list":{"0":"post-32586","1":"product","2":"type-product","3":"status-publish","4":"has-post-thumbnail","6":"product_brand-pantene","7":"product_cat-kozmetika-2","8":"product_cat-njega-kose-268","10":"first","11":"instock","12":"shipping-taxable","13":"purchasable","14":"product-type-simple"},"_links":{"self":[{"href":"https:\/\/singuli.wpress.me\/index.php\/wp-json\/wp\/v2\/product\/32586","targetHints":{"allow":["GET"]}}],"collection":[{"href":"https:\/\/singuli.wpress.me\/index.php\/wp-json\/wp\/v2\/product"}],"about":[{"href":"https:\/\/singuli.wpress.me\/index.php\/wp-json\/wp\/v2\/types\/product"}],"version-history":[{"count":0,"href":"https:\/\/singuli.wpress.me\/index.php\/wp-json\/wp\/v2\/product\/32586\/revisions"}],"wp:featuredmedia":[{"embeddable":true,"href":"https:\/\/singuli.wpress.me\/index.php\/wp-json\/wp\/v2\/media\/32588"}],"wp:attachment":[{"href":"https:\/\/singuli.wpress.me\/index.php\/wp-json\/wp\/v2\/media?parent=32586"}],"wp:term":[{"taxonomy":"product_brand","embeddable":true,"href":"https:\/\/singuli.wpress.me\/index.php\/wp-json\/wp\/v2\/product_brand?post=32586"},{"taxonomy":"product_cat","embeddable":true,"href":"https:\/\/singuli.wpress.me\/index.php\/wp-json\/wp\/v2\/product_cat?post=32586"},{"taxonomy":"product_tag","embeddable":true,"href":"https:\/\/singuli.wpress.me\/index.php\/wp-json\/wp\/v2\/product_tag?post=32586"}],"curies":[{"name":"wp","href":"https:\/\/api.w.org\/{rel}","templated":true}]}}