{"id":32589,"date":"2026-04-17T00:43:29","date_gmt":"2026-04-17T00:43:29","guid":{"rendered":"https:\/\/singuli.wpress.me\/index.php\/proizvod\/lavazza-a-modo-mio-intenso-kapsule-36-kom\/"},"modified":"2026-04-21T00:26:38","modified_gmt":"2026-04-21T00:26:38","slug":"lavazza-a-modo-mio-intenso-kapsule-36-kom","status":"publish","type":"product","link":"https:\/\/singuli.wpress.me\/index.php\/proizvod\/lavazza-a-modo-mio-intenso-kapsule-36-kom\/","title":{"rendered":"LAVAZZA A Modo Mio Intenso, kapsule, 36\u00a0kom"},"content":{"rendered":"<p>Intenso: Zavodljiva mo\u0107 i bogatstvo arome<\/p>\n<p>Otkrijte Intenso kapsule, mje\u0161avinu koja donosi sna\u017ean i nezaboravan do\u017eivljaj kave. Pa\u017eljivim spajanjem ju\u017enoameri\u010dke Arabice te afri\u010dke i azijske Robuste nastaje espresso punog okusa i izra\u017eene arome. U svakoj \u0161alici prepoznat \u0107ete bogatstvo okusa oboga\u0107eno za\u010dinskim notama. Intenso je savr\u0161en izbor za one koji tra\u017ee zavodljivu intenzivnost i sna\u017ean po\u010detak dana.<\/p>\n","protected":false},"excerpt":{"rendered":"<p>Espresso punog tijela i bogatog okusa za ljubitelje jake kave<br \/>\nKava je oboga\u0107ena sna\u017enom i prepoznatljivom aromom<br \/>\nOkus je nadopunjen jedinstvenim za\u010dinskim tonovima<\/p>\n","protected":false},"featured_media":32590,"template":"","meta":{"_seopress_robots_primary_cat":"","_seopress_titles_title":"","_seopress_titles_desc":"","_seopress_robots_index":"","iawp_total_views":0},"product_brand":[393],"product_cat":[211,289],"product_tag":[],"class_list":{"0":"post-32589","1":"product","2":"type-product","3":"status-publish","4":"has-post-thumbnail","6":"product_brand-lavazza","7":"product_cat-njega-majke-i-djeteta","8":"product_cat-trudnoca-i-vitamini-211","10":"first","11":"instock","12":"shipping-taxable","13":"purchasable","14":"product-type-simple"},"_links":{"self":[{"href":"https:\/\/singuli.wpress.me\/index.php\/wp-json\/wp\/v2\/product\/32589","targetHints":{"allow":["GET"]}}],"collection":[{"href":"https:\/\/singuli.wpress.me\/index.php\/wp-json\/wp\/v2\/product"}],"about":[{"href":"https:\/\/singuli.wpress.me\/index.php\/wp-json\/wp\/v2\/types\/product"}],"version-history":[{"count":0,"href":"https:\/\/singuli.wpress.me\/index.php\/wp-json\/wp\/v2\/product\/32589\/revisions"}],"wp:featuredmedia":[{"embeddable":true,"href":"https:\/\/singuli.wpress.me\/index.php\/wp-json\/wp\/v2\/media\/32590"}],"wp:attachment":[{"href":"https:\/\/singuli.wpress.me\/index.php\/wp-json\/wp\/v2\/media?parent=32589"}],"wp:term":[{"taxonomy":"product_brand","embeddable":true,"href":"https:\/\/singuli.wpress.me\/index.php\/wp-json\/wp\/v2\/product_brand?post=32589"},{"taxonomy":"product_cat","embeddable":true,"href":"https:\/\/singuli.wpress.me\/index.php\/wp-json\/wp\/v2\/product_cat?post=32589"},{"taxonomy":"product_tag","embeddable":true,"href":"https:\/\/singuli.wpress.me\/index.php\/wp-json\/wp\/v2\/product_tag?post=32589"}],"curies":[{"name":"wp","href":"https:\/\/api.w.org\/{rel}","templated":true}]}}