{"id":32592,"date":"2026-04-17T00:43:30","date_gmt":"2026-04-17T00:43:30","guid":{"rendered":"https:\/\/singuli.wpress.me\/index.php\/proizvod\/lavazza-a-modo-mio-passionale-kapsule-16-kom\/"},"modified":"2026-04-21T00:26:38","modified_gmt":"2026-04-21T00:26:38","slug":"lavazza-a-modo-mio-passionale-kapsule-16-kom","status":"publish","type":"product","link":"https:\/\/singuli.wpress.me\/index.php\/proizvod\/lavazza-a-modo-mio-passionale-kapsule-16-kom\/","title":{"rendered":"LAVAZZA A Modo Mio Passionale, kapsule, 16\u00a0kom"},"content":{"rendered":"<p>Passionale: Intenzivan okus i savr\u0161ena harmonija<\/p>\n<p>Otkrijte espresso koji donosi sna\u017ean, ali istovremeno savr\u0161eno skladan okus. Passionale kapsule sadr\u017ee pa\u017eljivo odabranu mje\u0161avinu Arabice iz Brazila, Azije te Srednje i Ju\u017ene Amerike, stvaraju\u0107i jedinstveno iskustvo u svakoj \u0161alici. U\u017eivajte u bogatom, intenzivnom okusu s blagim karameliziranim tonovima i delikatnim notama \u010dokolade. Passionale je savr\u0161en izbor za one koji tra\u017ee strast u kavi bez kompromisa.<\/p>\n","protected":false},"excerpt":{"rendered":"<p>Sna\u017ean okus s iznena\u0111uju\u0107im, savr\u0161eno uravnote\u017eenim karakterom<br \/>\nNote karamele daju kavi prepoznatljivu slatko\u0107u i puno\u0107u<br \/>\nOkus je oboga\u0107en suptilnim, profinjenim tonovima \u010dokolade<\/p>\n","protected":false},"featured_media":32594,"template":"","meta":{"_seopress_robots_primary_cat":"","_seopress_titles_title":"","_seopress_titles_desc":"","_seopress_robots_index":"","iawp_total_views":0},"product_brand":[393],"product_cat":[211,289],"product_tag":[],"class_list":{"0":"post-32592","1":"product","2":"type-product","3":"status-publish","4":"has-post-thumbnail","6":"product_brand-lavazza","7":"product_cat-njega-majke-i-djeteta","8":"product_cat-trudnoca-i-vitamini-211","10":"first","11":"instock","12":"shipping-taxable","13":"purchasable","14":"product-type-simple"},"_links":{"self":[{"href":"https:\/\/singuli.wpress.me\/index.php\/wp-json\/wp\/v2\/product\/32592","targetHints":{"allow":["GET"]}}],"collection":[{"href":"https:\/\/singuli.wpress.me\/index.php\/wp-json\/wp\/v2\/product"}],"about":[{"href":"https:\/\/singuli.wpress.me\/index.php\/wp-json\/wp\/v2\/types\/product"}],"version-history":[{"count":0,"href":"https:\/\/singuli.wpress.me\/index.php\/wp-json\/wp\/v2\/product\/32592\/revisions"}],"wp:featuredmedia":[{"embeddable":true,"href":"https:\/\/singuli.wpress.me\/index.php\/wp-json\/wp\/v2\/media\/32594"}],"wp:attachment":[{"href":"https:\/\/singuli.wpress.me\/index.php\/wp-json\/wp\/v2\/media?parent=32592"}],"wp:term":[{"taxonomy":"product_brand","embeddable":true,"href":"https:\/\/singuli.wpress.me\/index.php\/wp-json\/wp\/v2\/product_brand?post=32592"},{"taxonomy":"product_cat","embeddable":true,"href":"https:\/\/singuli.wpress.me\/index.php\/wp-json\/wp\/v2\/product_cat?post=32592"},{"taxonomy":"product_tag","embeddable":true,"href":"https:\/\/singuli.wpress.me\/index.php\/wp-json\/wp\/v2\/product_tag?post=32592"}],"curies":[{"name":"wp","href":"https:\/\/api.w.org\/{rel}","templated":true}]}}