{"id":32598,"date":"2026-04-17T00:43:31","date_gmt":"2026-04-17T00:43:31","guid":{"rendered":"https:\/\/singuli.wpress.me\/index.php\/proizvod\/lavazza-a-modo-mio-qualita-rossa-kapsule-16-kom-2\/"},"modified":"2026-04-17T00:43:31","modified_gmt":"2026-04-17T00:43:31","slug":"lavazza-a-modo-mio-qualita-rossa-kapsule-16-kom-2","status":"publish","type":"product","link":"https:\/\/singuli.wpress.me\/index.php\/proizvod\/lavazza-a-modo-mio-qualita-rossa-kapsule-16-kom-2\/","title":{"rendered":"LAVAZZA A Modo Mio Qualita Rossa, kapsule, 16\u00a0kom"},"content":{"rendered":"<p>Qualit\u00e0 Rossa: Talijanska strast u svakoj \u0161alici<\/p>\n<p>Qualit\u00e0 Rossa je idealna mje\u0161avina za one koji tra\u017ee sna\u017ean i uravnote\u017een okus. Nastala iz savr\u0161enog spoja prirodne brazilske Arabice i Robuste, ova kava donosi espresso punog tijela i bogatog karaktera. Svaka \u0161alica donosi istinsku talijansku strast, pru\u017eaju\u0107i sna\u017eno i uravnote\u017eeno iskustvo koje \u0107e vas probuditi i ispuniti energijom.<\/p>\n","protected":false},"excerpt":{"rendered":"<p>Kombinacija Arabice i Robuste stvara savr\u0161en balans punog okusa i intenziteta<br \/>\nStrastveni talijanski karakter prepoznatljiv je u svakoj \u0161alici<br \/>\nIzra\u0111ena od prirodne brazilske Arabice i Robuste za autenti\u010dan do\u017eivljaj<\/p>\n","protected":false},"featured_media":32599,"template":"","meta":{"_seopress_robots_primary_cat":"","_seopress_titles_title":"","_seopress_titles_desc":"","_seopress_robots_index":"","iawp_total_views":0},"product_brand":[393],"product_cat":[211,289],"product_tag":[],"class_list":{"0":"post-32598","1":"product","2":"type-product","3":"status-publish","4":"has-post-thumbnail","6":"product_brand-lavazza","7":"product_cat-njega-majke-i-djeteta","8":"product_cat-trudnoca-i-vitamini-211","10":"first","11":"instock","12":"shipping-taxable","13":"purchasable","14":"product-type-simple"},"_links":{"self":[{"href":"https:\/\/singuli.wpress.me\/index.php\/wp-json\/wp\/v2\/product\/32598","targetHints":{"allow":["GET"]}}],"collection":[{"href":"https:\/\/singuli.wpress.me\/index.php\/wp-json\/wp\/v2\/product"}],"about":[{"href":"https:\/\/singuli.wpress.me\/index.php\/wp-json\/wp\/v2\/types\/product"}],"version-history":[{"count":0,"href":"https:\/\/singuli.wpress.me\/index.php\/wp-json\/wp\/v2\/product\/32598\/revisions"}],"wp:featuredmedia":[{"embeddable":true,"href":"https:\/\/singuli.wpress.me\/index.php\/wp-json\/wp\/v2\/media\/32599"}],"wp:attachment":[{"href":"https:\/\/singuli.wpress.me\/index.php\/wp-json\/wp\/v2\/media?parent=32598"}],"wp:term":[{"taxonomy":"product_brand","embeddable":true,"href":"https:\/\/singuli.wpress.me\/index.php\/wp-json\/wp\/v2\/product_brand?post=32598"},{"taxonomy":"product_cat","embeddable":true,"href":"https:\/\/singuli.wpress.me\/index.php\/wp-json\/wp\/v2\/product_cat?post=32598"},{"taxonomy":"product_tag","embeddable":true,"href":"https:\/\/singuli.wpress.me\/index.php\/wp-json\/wp\/v2\/product_tag?post=32598"}],"curies":[{"name":"wp","href":"https:\/\/api.w.org\/{rel}","templated":true}]}}