{"id":32604,"date":"2026-04-17T00:43:34","date_gmt":"2026-04-17T00:43:34","guid":{"rendered":"https:\/\/singuli.wpress.me\/index.php\/proizvod\/lavazza-a-modo-mio-dek-cremoso-kapsule-16-kom-2\/"},"modified":"2026-04-17T00:43:34","modified_gmt":"2026-04-17T00:43:34","slug":"lavazza-a-modo-mio-dek-cremoso-kapsule-16-kom-2","status":"publish","type":"product","link":"https:\/\/singuli.wpress.me\/index.php\/proizvod\/lavazza-a-modo-mio-dek-cremoso-kapsule-16-kom-2\/","title":{"rendered":"LAVAZZA A Modo Mio Dek Cremoso, kapsule, 16\u00a0kom"},"content":{"rendered":"<p>Cremoso: Bogat okus, bez kofeina<\/p>\n<p>U\u017eivajte u punom, bogatom okusu espressa bez kofeina. Cremoso kapsule donose jedinstvenu mje\u0161avinu brazilske Arabice koja vam jam\u010di sna\u017ean okus, nje\u017enu aromu i bar\u0161unastu kremozu. Zahvaljuju\u0107i posebnoj Lavazza metodi dekofeinizacije, jedinstvena obilje\u017eja svakog zrna ostaju nepromijenjena, osiguravaju\u0107i vam prekrasnu kavu za u\u017eivanje u bilo koje doba dana. Idealna je za ve\u010dernje sate ili kada god \u017eelite pauzu od kofeina, bez kompromisa po pitanju kvalitete.<\/p>\n","protected":false},"excerpt":{"rendered":"<p>Puni espresso s bogatim okusom, savr\u0161en za u\u017eivanje u bilo koje doba dana<br \/>\nMetoda koja zadr\u017eava originalna obilje\u017eja svakog zrna, bez promjene arome<br \/>\nKrema i puni okus osigurani su pa\u017eljivim odabirom isklju\u010divo brazilske Arabice<\/p>\n","protected":false},"featured_media":32606,"template":"","meta":{"_seopress_robots_primary_cat":"","_seopress_titles_title":"","_seopress_titles_desc":"","_seopress_robots_index":"","iawp_total_views":0},"product_brand":[393],"product_cat":[211,289],"product_tag":[],"class_list":{"0":"post-32604","1":"product","2":"type-product","3":"status-publish","4":"has-post-thumbnail","6":"product_brand-lavazza","7":"product_cat-njega-majke-i-djeteta","8":"product_cat-trudnoca-i-vitamini-211","10":"first","11":"instock","12":"shipping-taxable","13":"purchasable","14":"product-type-simple"},"_links":{"self":[{"href":"https:\/\/singuli.wpress.me\/index.php\/wp-json\/wp\/v2\/product\/32604","targetHints":{"allow":["GET"]}}],"collection":[{"href":"https:\/\/singuli.wpress.me\/index.php\/wp-json\/wp\/v2\/product"}],"about":[{"href":"https:\/\/singuli.wpress.me\/index.php\/wp-json\/wp\/v2\/types\/product"}],"version-history":[{"count":0,"href":"https:\/\/singuli.wpress.me\/index.php\/wp-json\/wp\/v2\/product\/32604\/revisions"}],"wp:featuredmedia":[{"embeddable":true,"href":"https:\/\/singuli.wpress.me\/index.php\/wp-json\/wp\/v2\/media\/32606"}],"wp:attachment":[{"href":"https:\/\/singuli.wpress.me\/index.php\/wp-json\/wp\/v2\/media?parent=32604"}],"wp:term":[{"taxonomy":"product_brand","embeddable":true,"href":"https:\/\/singuli.wpress.me\/index.php\/wp-json\/wp\/v2\/product_brand?post=32604"},{"taxonomy":"product_cat","embeddable":true,"href":"https:\/\/singuli.wpress.me\/index.php\/wp-json\/wp\/v2\/product_cat?post=32604"},{"taxonomy":"product_tag","embeddable":true,"href":"https:\/\/singuli.wpress.me\/index.php\/wp-json\/wp\/v2\/product_tag?post=32604"}],"curies":[{"name":"wp","href":"https:\/\/api.w.org\/{rel}","templated":true}]}}