{"id":32611,"date":"2026-04-17T00:43:37","date_gmt":"2026-04-17T00:43:37","guid":{"rendered":"https:\/\/singuli.wpress.me\/index.php\/proizvod\/lavazza-a-modo-mio-qualita-rossa-kapsule-36-kom\/"},"modified":"2026-04-20T12:33:09","modified_gmt":"2026-04-20T12:33:09","slug":"lavazza-a-modo-mio-qualita-rossa-kapsule-36-kom","status":"publish","type":"product","link":"https:\/\/singuli.wpress.me\/index.php\/proizvod\/lavazza-a-modo-mio-qualita-rossa-kapsule-36-kom\/","title":{"rendered":"LAVAZZA A Modo Mio Qualita Rossa, kapsule, 36\u00a0kom"},"content":{"rendered":"<p>Qualit\u00e0 Rossa: Talijanska strast za sna\u017ean espresso<\/p>\n<p>U\u017eivajte u espresso do\u017eivljaju koji je istovremeno sna\u017ean i uravnote\u017een. Qualit\u00e0 Rossa kapsule stvorene su iz savr\u0161enog spoja prirodne brazilske Arabice i Robuste, stvaraju\u0107i espresso punog okusa. Svaka \u0161alica donosi istinsku talijansku strast i klasi\u010dan, sna\u017ean karakter. Ova kava je idealan izbor za one koji cijene uravnote\u017eenost u kombinaciji s bogatim i intenzivnim okusom.<\/p>\n","protected":false},"excerpt":{"rendered":"<p>Mje\u0161avina Arabice i Robuste daje espresso koji je istovremeno jak i savr\u0161eno balansiran<br \/>\nKlasi\u010dni, prepoznatljivi okus koji odra\u017eava talijansku tradiciju pripreme kave<br \/>\nSpoj prirodne brazilske Arabice i Robuste osigurava puni okus i aromu<\/p>\n","protected":false},"featured_media":32612,"template":"","meta":{"_seopress_robots_primary_cat":"","_seopress_titles_title":"","_seopress_titles_desc":"","_seopress_robots_index":"","iawp_total_views":0},"product_brand":[393],"product_cat":[211,289],"product_tag":[],"class_list":{"0":"post-32611","1":"product","2":"type-product","3":"status-publish","4":"has-post-thumbnail","6":"product_brand-lavazza","7":"product_cat-njega-majke-i-djeteta","8":"product_cat-trudnoca-i-vitamini-211","10":"first","11":"instock","12":"shipping-taxable","13":"purchasable","14":"product-type-simple"},"_links":{"self":[{"href":"https:\/\/singuli.wpress.me\/index.php\/wp-json\/wp\/v2\/product\/32611","targetHints":{"allow":["GET"]}}],"collection":[{"href":"https:\/\/singuli.wpress.me\/index.php\/wp-json\/wp\/v2\/product"}],"about":[{"href":"https:\/\/singuli.wpress.me\/index.php\/wp-json\/wp\/v2\/types\/product"}],"version-history":[{"count":0,"href":"https:\/\/singuli.wpress.me\/index.php\/wp-json\/wp\/v2\/product\/32611\/revisions"}],"wp:featuredmedia":[{"embeddable":true,"href":"https:\/\/singuli.wpress.me\/index.php\/wp-json\/wp\/v2\/media\/32612"}],"wp:attachment":[{"href":"https:\/\/singuli.wpress.me\/index.php\/wp-json\/wp\/v2\/media?parent=32611"}],"wp:term":[{"taxonomy":"product_brand","embeddable":true,"href":"https:\/\/singuli.wpress.me\/index.php\/wp-json\/wp\/v2\/product_brand?post=32611"},{"taxonomy":"product_cat","embeddable":true,"href":"https:\/\/singuli.wpress.me\/index.php\/wp-json\/wp\/v2\/product_cat?post=32611"},{"taxonomy":"product_tag","embeddable":true,"href":"https:\/\/singuli.wpress.me\/index.php\/wp-json\/wp\/v2\/product_tag?post=32611"}],"curies":[{"name":"wp","href":"https:\/\/api.w.org\/{rel}","templated":true}]}}