{"id":32617,"date":"2026-04-17T00:43:39","date_gmt":"2026-04-17T00:43:39","guid":{"rendered":"https:\/\/singuli.wpress.me\/index.php\/proizvod\/lavazza-a-modo-mio-crema-e-gusto-kapsule-16-kom\/"},"modified":"2026-04-20T12:33:09","modified_gmt":"2026-04-20T12:33:09","slug":"lavazza-a-modo-mio-crema-e-gusto-kapsule-16-kom","status":"publish","type":"product","link":"https:\/\/singuli.wpress.me\/index.php\/proizvod\/lavazza-a-modo-mio-crema-e-gusto-kapsule-16-kom\/","title":{"rendered":"LAVAZZA A Modo Mio Crema E Gusto, kapsule, 16\u00a0kom"},"content":{"rendered":"<p>Crema e gusto: Strastvena mje\u0161avina za savr\u0161en espresso<\/p>\n<p>Upoznajte Crema e gusto, mje\u0161avinu stvorenu za ljubitelje bogatog okusa i neodoljive arome. Ova jedinstvena kombinacija brazilske Arabice te afri\u010dke i azijske Robuste donosi vam aromati\u010dan espresso punog, intenzivnog okusa. Svaka \u0161alica oboga\u0107ena je slatkastim i \u010dokoladnim notama koje se nje\u017eno isprepli\u0107u s blago za\u010dinjenim tonovima. To je kava koja se pije s u\u017eitkom, pru\u017eaju\u0107i jednostavno neodoljivo iskustvo u svakom gutljaju.<\/p>\n","protected":false},"excerpt":{"rendered":"<p>Mje\u0161avina brazilske Arabice te afri\u010dke i azijske Robuste stvara bogat i zaokru\u017een okus<br \/>\nEspresso punog okusa oboga\u0107en je slatkim, \u010dokoladnim i blago za\u010dinjenim notama<br \/>\nSavr\u0161ena ravnote\u017ea arome i okusa za jedinstven do\u017eivljaj kave<\/p>\n","protected":false},"featured_media":32618,"template":"","meta":{"_seopress_robots_primary_cat":"","_seopress_titles_title":"","_seopress_titles_desc":"","_seopress_robots_index":"","iawp_total_views":0},"product_brand":[393],"product_cat":[211,289],"product_tag":[],"class_list":{"0":"post-32617","1":"product","2":"type-product","3":"status-publish","4":"has-post-thumbnail","6":"product_brand-lavazza","7":"product_cat-njega-majke-i-djeteta","8":"product_cat-trudnoca-i-vitamini-211","10":"first","11":"instock","12":"shipping-taxable","13":"purchasable","14":"product-type-simple"},"_links":{"self":[{"href":"https:\/\/singuli.wpress.me\/index.php\/wp-json\/wp\/v2\/product\/32617","targetHints":{"allow":["GET"]}}],"collection":[{"href":"https:\/\/singuli.wpress.me\/index.php\/wp-json\/wp\/v2\/product"}],"about":[{"href":"https:\/\/singuli.wpress.me\/index.php\/wp-json\/wp\/v2\/types\/product"}],"version-history":[{"count":0,"href":"https:\/\/singuli.wpress.me\/index.php\/wp-json\/wp\/v2\/product\/32617\/revisions"}],"wp:featuredmedia":[{"embeddable":true,"href":"https:\/\/singuli.wpress.me\/index.php\/wp-json\/wp\/v2\/media\/32618"}],"wp:attachment":[{"href":"https:\/\/singuli.wpress.me\/index.php\/wp-json\/wp\/v2\/media?parent=32617"}],"wp:term":[{"taxonomy":"product_brand","embeddable":true,"href":"https:\/\/singuli.wpress.me\/index.php\/wp-json\/wp\/v2\/product_brand?post=32617"},{"taxonomy":"product_cat","embeddable":true,"href":"https:\/\/singuli.wpress.me\/index.php\/wp-json\/wp\/v2\/product_cat?post=32617"},{"taxonomy":"product_tag","embeddable":true,"href":"https:\/\/singuli.wpress.me\/index.php\/wp-json\/wp\/v2\/product_tag?post=32617"}],"curies":[{"name":"wp","href":"https:\/\/api.w.org\/{rel}","templated":true}]}}