{"id":32621,"date":"2026-04-17T00:43:41","date_gmt":"2026-04-17T00:43:41","guid":{"rendered":"https:\/\/singuli.wpress.me\/index.php\/proizvod\/lavazza-a-modo-mio-delizioso-kapsule-16-kom\/"},"modified":"2026-04-20T12:33:09","modified_gmt":"2026-04-20T12:33:09","slug":"lavazza-a-modo-mio-delizioso-kapsule-16-kom","status":"publish","type":"product","link":"https:\/\/singuli.wpress.me\/index.php\/proizvod\/lavazza-a-modo-mio-delizioso-kapsule-16-kom\/","title":{"rendered":"LAVAZZA A Modo Mio Delizioso, kapsule, 16\u00a0kom"},"content":{"rendered":"<p>Delizioso: Bogatstvo arome sa slatkim zavr\u0161etkom<\/p>\n<p>Upoznajte Delizioso, kavu stvorenu za istinske gurmane. Zahvaljuju\u0107i posebnom na\u010dinu pr\u017eenja, ova kava razvija cijeli spektar aroma koje se nje\u017eno isprepli\u0107u. Delizioso kapsule donose neodoljiv okus sa slatkim zavr\u0161etkom i profinjenim notama koje podsje\u0107aju na fini liker. U\u017eivajte u sofisticiranom iskustvu i otkrijte bogatstvo arome u svakoj \u0161alici.<\/p>\n","protected":false},"excerpt":{"rendered":"<p>Kompleksan okus s bogatim spektrom razli\u010ditih nota<br \/>\nOkus se zaokru\u017euje ugodnom slatko\u0107om<br \/>\nJedinstvena aroma koja podsje\u0107a na fini liker<\/p>\n","protected":false},"featured_media":32623,"template":"","meta":{"_seopress_robots_primary_cat":"","_seopress_titles_title":"","_seopress_titles_desc":"","_seopress_robots_index":"","iawp_total_views":0},"product_brand":[393],"product_cat":[211,289],"product_tag":[],"class_list":{"0":"post-32621","1":"product","2":"type-product","3":"status-publish","4":"has-post-thumbnail","6":"product_brand-lavazza","7":"product_cat-njega-majke-i-djeteta","8":"product_cat-trudnoca-i-vitamini-211","10":"first","11":"instock","12":"shipping-taxable","13":"purchasable","14":"product-type-simple"},"_links":{"self":[{"href":"https:\/\/singuli.wpress.me\/index.php\/wp-json\/wp\/v2\/product\/32621","targetHints":{"allow":["GET"]}}],"collection":[{"href":"https:\/\/singuli.wpress.me\/index.php\/wp-json\/wp\/v2\/product"}],"about":[{"href":"https:\/\/singuli.wpress.me\/index.php\/wp-json\/wp\/v2\/types\/product"}],"version-history":[{"count":0,"href":"https:\/\/singuli.wpress.me\/index.php\/wp-json\/wp\/v2\/product\/32621\/revisions"}],"wp:featuredmedia":[{"embeddable":true,"href":"https:\/\/singuli.wpress.me\/index.php\/wp-json\/wp\/v2\/media\/32623"}],"wp:attachment":[{"href":"https:\/\/singuli.wpress.me\/index.php\/wp-json\/wp\/v2\/media?parent=32621"}],"wp:term":[{"taxonomy":"product_brand","embeddable":true,"href":"https:\/\/singuli.wpress.me\/index.php\/wp-json\/wp\/v2\/product_brand?post=32621"},{"taxonomy":"product_cat","embeddable":true,"href":"https:\/\/singuli.wpress.me\/index.php\/wp-json\/wp\/v2\/product_cat?post=32621"},{"taxonomy":"product_tag","embeddable":true,"href":"https:\/\/singuli.wpress.me\/index.php\/wp-json\/wp\/v2\/product_tag?post=32621"}],"curies":[{"name":"wp","href":"https:\/\/api.w.org\/{rel}","templated":true}]}}