{"id":32630,"date":"2026-04-17T00:43:44","date_gmt":"2026-04-17T00:43:44","guid":{"rendered":"https:\/\/singuli.wpress.me\/index.php\/proizvod\/pantene-pro-v-thick-strong-balzam-za-kosu-275-ml\/"},"modified":"2026-04-21T00:26:38","modified_gmt":"2026-04-21T00:26:38","slug":"pantene-pro-v-thick-strong-balzam-za-kosu-275-ml","status":"publish","type":"product","link":"https:\/\/singuli.wpress.me\/index.php\/proizvod\/pantene-pro-v-thick-strong-balzam-za-kosu-275-ml\/","title":{"rendered":"PANTENE Pro-V Thick &amp; Strong, balzam za kosu, 275\u00a0ml"},"content":{"rendered":"<p>Otkrijte <span style=\"font-weight: bold\">balzam Pantene Thick &amp; Strong<\/span>, svog neizostavnog saveznika u svakodnevnoj njezi kose. Ovaj balzam za svakodnevnu upotrebu sna\u017ei kosu, a da je pritom ne ote\u017eava. <br \/>\nNahranite kosu na\u0161om jedinstvenom formulom PRO-V, sna\u017enom kombinacijom PRO-Vitamina B5, lipida za ja\u010danje kose i za\u0161titnih antioksidansa. Osna\u017eena tehnologijom Active Nutri-Plex, na\u0161a napredna formula oboga\u0107ena s 50 % vi\u0161e sastojaka za za\u0161titu veza u vlasima kose, poma\u017ee oja\u010dati tanku kosu od korijena do vrhova, daju\u0107i joj zdravi sjaj i glatko\u0107u. <br \/>\nTestirao Swiss Vitamin Institute. Iskusite vrhunsku njegu kose uz balzam Pro-V Active Nutri-Plex Thick &amp; Strong i usvojite rutinu s kojom \u0107ete jednostavno dobiti blistavu i glatku kosu. <\/p>\n<p>Na\u010din primjene:<br \/>\nNanesite na \u010ditavu duljinu kose, od vrhova prema korijenima. Temeljito isperite.<\/p>\n","protected":false},"excerpt":{"rendered":"<p>Formula s 50 % vi\u0161e za\u0161titnih sastojaka poma\u017ee pri obnavljanju tanke kose od korijena do vrhova da bi ona dobila zdrav sjaj i meko\u0107u bez te\u017eine<br \/>\nBalzam Thick &amp; Strong hrani va\u0161u kosu kako bi ona bila do 100 % sna\u017enija<br \/>\nFormula pa\u017eljivo je osmi\u0161ljena bez mineralnih ulja ili bojila<\/p>\n","protected":false},"featured_media":32631,"template":"","meta":{"_seopress_robots_primary_cat":"","_seopress_titles_title":"","_seopress_titles_desc":"","_seopress_robots_index":"","iawp_total_views":0},"product_brand":[411],"product_cat":[268,300],"product_tag":[],"class_list":{"0":"post-32630","1":"product","2":"type-product","3":"status-publish","4":"has-post-thumbnail","6":"product_brand-pantene","7":"product_cat-kozmetika-2","8":"product_cat-njega-kose-268","10":"first","11":"instock","12":"shipping-taxable","13":"purchasable","14":"product-type-simple"},"_links":{"self":[{"href":"https:\/\/singuli.wpress.me\/index.php\/wp-json\/wp\/v2\/product\/32630","targetHints":{"allow":["GET"]}}],"collection":[{"href":"https:\/\/singuli.wpress.me\/index.php\/wp-json\/wp\/v2\/product"}],"about":[{"href":"https:\/\/singuli.wpress.me\/index.php\/wp-json\/wp\/v2\/types\/product"}],"version-history":[{"count":0,"href":"https:\/\/singuli.wpress.me\/index.php\/wp-json\/wp\/v2\/product\/32630\/revisions"}],"wp:featuredmedia":[{"embeddable":true,"href":"https:\/\/singuli.wpress.me\/index.php\/wp-json\/wp\/v2\/media\/32631"}],"wp:attachment":[{"href":"https:\/\/singuli.wpress.me\/index.php\/wp-json\/wp\/v2\/media?parent=32630"}],"wp:term":[{"taxonomy":"product_brand","embeddable":true,"href":"https:\/\/singuli.wpress.me\/index.php\/wp-json\/wp\/v2\/product_brand?post=32630"},{"taxonomy":"product_cat","embeddable":true,"href":"https:\/\/singuli.wpress.me\/index.php\/wp-json\/wp\/v2\/product_cat?post=32630"},{"taxonomy":"product_tag","embeddable":true,"href":"https:\/\/singuli.wpress.me\/index.php\/wp-json\/wp\/v2\/product_tag?post=32630"}],"curies":[{"name":"wp","href":"https:\/\/api.w.org\/{rel}","templated":true}]}}