{"id":32636,"date":"2026-04-17T00:43:46","date_gmt":"2026-04-17T00:43:46","guid":{"rendered":"https:\/\/singuli.wpress.me\/index.php\/proizvod\/pantene-pro-v-active-nutri-plex-repair-protect-sampon-za-kosu-625-ml\/"},"modified":"2026-04-20T12:33:09","modified_gmt":"2026-04-20T12:33:09","slug":"pantene-pro-v-active-nutri-plex-repair-protect-sampon-za-kosu-625-ml","status":"publish","type":"product","link":"https:\/\/singuli.wpress.me\/index.php\/proizvod\/pantene-pro-v-active-nutri-plex-repair-protect-sampon-za-kosu-625-ml\/","title":{"rendered":"PANTENE Pro-V Active Nutri-Plex Repair &amp; Protect, \u0161ampon za kosu, 625\u00a0ml"},"content":{"rendered":"<p>Otkrijte <span style=\"font-weight: bold\">\u0161ampon Pantene Repair &amp; Protect<\/span>, vrhunski izvor njege i za\u0161tite za kosu. Na\u0161a nje\u017ena formula s nutrijentima PRO-V i inovativnom tehnologijom Active Nutri-Plex \u010disti va\u0161u kosu i istodobno je njeguje esencijalnim nutrijentima. Kada se koristi s na\u0161im balzamom, poma\u017ee popraviti znakove o\u0161te\u0107enja, kao \u0161to su nedostatak meko\u0107e i sjaja, a istodobno \u010dini kosu sna\u017eijom iznutra prema van. <br \/>\nTestirao Swiss Vitamin Institute. <br \/>\nIskusite vrhunsku njegu kose uz \u0161ampon Pro-V Active Nutri-Plex Repair &amp; Protect. <\/p>\n<p>Na\u010din primjene:<br \/>\nUmasirati u mokru kosu i napraviti pjenu. Isprati.<\/p>\n","protected":false},"excerpt":{"rendered":"<p>\u0160ampon sadr\u017ei formulu Pro-V i tehnologiju Active Nutri-Plex<br \/>\nNje\u017eno \u010disti za do 100 % sna\u017eniju i vidljivo zdraviju kosu<br \/>\n\u0160ampon bez silikona, mineralnih ulja i bojila<\/p>\n","protected":false},"featured_media":32637,"template":"","meta":{"_seopress_robots_primary_cat":"","_seopress_titles_title":"","_seopress_titles_desc":"","_seopress_robots_index":"","iawp_total_views":0},"product_brand":[411],"product_cat":[268,300],"product_tag":[],"class_list":{"0":"post-32636","1":"product","2":"type-product","3":"status-publish","4":"has-post-thumbnail","6":"product_brand-pantene","7":"product_cat-kozmetika-2","8":"product_cat-njega-kose-268","10":"first","11":"instock","12":"shipping-taxable","13":"purchasable","14":"product-type-simple"},"_links":{"self":[{"href":"https:\/\/singuli.wpress.me\/index.php\/wp-json\/wp\/v2\/product\/32636","targetHints":{"allow":["GET"]}}],"collection":[{"href":"https:\/\/singuli.wpress.me\/index.php\/wp-json\/wp\/v2\/product"}],"about":[{"href":"https:\/\/singuli.wpress.me\/index.php\/wp-json\/wp\/v2\/types\/product"}],"version-history":[{"count":0,"href":"https:\/\/singuli.wpress.me\/index.php\/wp-json\/wp\/v2\/product\/32636\/revisions"}],"wp:featuredmedia":[{"embeddable":true,"href":"https:\/\/singuli.wpress.me\/index.php\/wp-json\/wp\/v2\/media\/32637"}],"wp:attachment":[{"href":"https:\/\/singuli.wpress.me\/index.php\/wp-json\/wp\/v2\/media?parent=32636"}],"wp:term":[{"taxonomy":"product_brand","embeddable":true,"href":"https:\/\/singuli.wpress.me\/index.php\/wp-json\/wp\/v2\/product_brand?post=32636"},{"taxonomy":"product_cat","embeddable":true,"href":"https:\/\/singuli.wpress.me\/index.php\/wp-json\/wp\/v2\/product_cat?post=32636"},{"taxonomy":"product_tag","embeddable":true,"href":"https:\/\/singuli.wpress.me\/index.php\/wp-json\/wp\/v2\/product_tag?post=32636"}],"curies":[{"name":"wp","href":"https:\/\/api.w.org\/{rel}","templated":true}]}}