{"id":32639,"date":"2026-04-17T00:43:47","date_gmt":"2026-04-17T00:43:47","guid":{"rendered":"https:\/\/singuli.wpress.me\/index.php\/proizvod\/pantene-pro-v-thick-strong-sampon-za-kosu-400-ml\/"},"modified":"2026-04-21T00:26:38","modified_gmt":"2026-04-21T00:26:38","slug":"pantene-pro-v-thick-strong-sampon-za-kosu-400-ml","status":"publish","type":"product","link":"https:\/\/singuli.wpress.me\/index.php\/proizvod\/pantene-pro-v-thick-strong-sampon-za-kosu-400-ml\/","title":{"rendered":"PANTENE Pro-V Thick &amp; Strong, \u0161ampon za kosu, 400\u00a0ml"},"content":{"rendered":"<p>Otkrijte <span style=\"font-weight: bold\">\u0161ampon Pantene Thick &amp; Strong<\/span>, tajnu sna\u017enije kose koja izgleda zdravo.<br \/>\nNa\u0161a nje\u017ena formula s nutrijentima PRO-V i inovativnom tehnologijom Active Nutri-Plex \u010disti va\u0161u kosu i istodobno je njeguje esencijalnim nutrijentima. Kada se koristi s na\u0161im balzamom, poma\u017ee oja\u010dati tanku slabu kosu tako da ona izgleda punije i zdravo. <br \/>\nTestirao Swiss Vitamin Institute. Iskusite vrhunsku njegu kose uz balzam Pro-V Active Nutri-Plex Thick &amp; Strong. <\/p>\n<p>Na\u010din primjene: Umasirati u mokru kosu i napraviti pjenu. Isprati.<\/p>\n","protected":false},"excerpt":{"rendered":"<p>Sadr\u017ei formulu Pro-V i tehnologiju Active Nutri-Plex<br \/>\nNje\u017eno \u010disti i hrani kosu<br \/>\n\u0160ampon bez silikona<\/p>\n","protected":false},"featured_media":32641,"template":"","meta":{"_seopress_robots_primary_cat":"","_seopress_titles_title":"","_seopress_titles_desc":"","_seopress_robots_index":"","iawp_total_views":0},"product_brand":[411],"product_cat":[268,300],"product_tag":[],"class_list":{"0":"post-32639","1":"product","2":"type-product","3":"status-publish","4":"has-post-thumbnail","6":"product_brand-pantene","7":"product_cat-kozmetika-2","8":"product_cat-njega-kose-268","10":"first","11":"instock","12":"shipping-taxable","13":"purchasable","14":"product-type-simple"},"_links":{"self":[{"href":"https:\/\/singuli.wpress.me\/index.php\/wp-json\/wp\/v2\/product\/32639","targetHints":{"allow":["GET"]}}],"collection":[{"href":"https:\/\/singuli.wpress.me\/index.php\/wp-json\/wp\/v2\/product"}],"about":[{"href":"https:\/\/singuli.wpress.me\/index.php\/wp-json\/wp\/v2\/types\/product"}],"version-history":[{"count":0,"href":"https:\/\/singuli.wpress.me\/index.php\/wp-json\/wp\/v2\/product\/32639\/revisions"}],"wp:featuredmedia":[{"embeddable":true,"href":"https:\/\/singuli.wpress.me\/index.php\/wp-json\/wp\/v2\/media\/32641"}],"wp:attachment":[{"href":"https:\/\/singuli.wpress.me\/index.php\/wp-json\/wp\/v2\/media?parent=32639"}],"wp:term":[{"taxonomy":"product_brand","embeddable":true,"href":"https:\/\/singuli.wpress.me\/index.php\/wp-json\/wp\/v2\/product_brand?post=32639"},{"taxonomy":"product_cat","embeddable":true,"href":"https:\/\/singuli.wpress.me\/index.php\/wp-json\/wp\/v2\/product_cat?post=32639"},{"taxonomy":"product_tag","embeddable":true,"href":"https:\/\/singuli.wpress.me\/index.php\/wp-json\/wp\/v2\/product_tag?post=32639"}],"curies":[{"name":"wp","href":"https:\/\/api.w.org\/{rel}","templated":true}]}}