{"id":32645,"date":"2026-04-17T00:43:49","date_gmt":"2026-04-17T00:43:49","guid":{"rendered":"https:\/\/singuli.wpress.me\/index.php\/proizvod\/pantene-pro-v-repair-protect-balzam-za-kosu-160-ml\/"},"modified":"2026-04-20T12:33:09","modified_gmt":"2026-04-20T12:33:09","slug":"pantene-pro-v-repair-protect-balzam-za-kosu-160-ml","status":"publish","type":"product","link":"https:\/\/singuli.wpress.me\/index.php\/proizvod\/pantene-pro-v-repair-protect-balzam-za-kosu-160-ml\/","title":{"rendered":"PANTENE Pro-V Repair &amp; Protect, balzam za kosu, 160\u00a0ml"},"content":{"rendered":"<p>Otkrijte <span style=\"font-weight: bold\">balzam Pantene Repair &amp; Protect<\/span>, svog neizostavnog saveznika u svakodnevnoj njezi kose. Balzam za svakodnevnu upotrebu ne ostavlja osje\u0107aj te\u017eine na kosi i ona ne izgleda masno. <br \/>\nNahranite kosu na\u0161om jedinstvenom kombinacijom PRO-V, mo\u0107nom kombinacijom PRO-vitamina B5, lipida za ja\u010danje kose i za\u0161titnih antioksidansa. Osna\u017eena tehnologijom Active Nutri-Plex, na\u0161a napredna formula oboga\u0107ena s 50 % vi\u0161e sastojaka za za\u0161titu veza u vlasima kose, poma\u017ee popraviti kosu iznutra prema van. Za zdrav izgled. Testirao Swiss Vitamin Institute. <br \/>\nIskusite vrhunsku njegu kose uz balzam Pro-V Active Nutri-Plex Repair &amp; Protect i usvojite rutinu s kojom \u0107ete jednostavno dobiti lijepu i laganu kosu. <\/p>\n<p>Na\u010din primjene:<br \/>\nNanesite na \u010ditavu duljinu kose, od vrhova prema korijenima. Mo\u017eete birati ho\u0107ete li isprati ILI ostaviti na kosi.<\/p>\n","protected":false},"excerpt":{"rendered":"<p>Formula s 50 % vi\u0161e za\u0161titnih sastojaka poma\u017ee popraviti kosu iznutra prema van<br \/>\nBalzam Repair &amp; Protect ja\u010da slabu i suhu o\u0161te\u0107enu kosu i \u010dini je do 100 % sna\u017enijom<br \/>\nHrani kosu na\u0161om jedinstvenom formulom Pro-V<\/p>\n","protected":false},"featured_media":32647,"template":"","meta":{"_seopress_robots_primary_cat":"","_seopress_titles_title":"","_seopress_titles_desc":"","_seopress_robots_index":"","iawp_total_views":0},"product_brand":[411],"product_cat":[268,300],"product_tag":[],"class_list":{"0":"post-32645","1":"product","2":"type-product","3":"status-publish","4":"has-post-thumbnail","6":"product_brand-pantene","7":"product_cat-kozmetika-2","8":"product_cat-njega-kose-268","10":"first","11":"instock","12":"shipping-taxable","13":"purchasable","14":"product-type-simple"},"_links":{"self":[{"href":"https:\/\/singuli.wpress.me\/index.php\/wp-json\/wp\/v2\/product\/32645","targetHints":{"allow":["GET"]}}],"collection":[{"href":"https:\/\/singuli.wpress.me\/index.php\/wp-json\/wp\/v2\/product"}],"about":[{"href":"https:\/\/singuli.wpress.me\/index.php\/wp-json\/wp\/v2\/types\/product"}],"version-history":[{"count":0,"href":"https:\/\/singuli.wpress.me\/index.php\/wp-json\/wp\/v2\/product\/32645\/revisions"}],"wp:featuredmedia":[{"embeddable":true,"href":"https:\/\/singuli.wpress.me\/index.php\/wp-json\/wp\/v2\/media\/32647"}],"wp:attachment":[{"href":"https:\/\/singuli.wpress.me\/index.php\/wp-json\/wp\/v2\/media?parent=32645"}],"wp:term":[{"taxonomy":"product_brand","embeddable":true,"href":"https:\/\/singuli.wpress.me\/index.php\/wp-json\/wp\/v2\/product_brand?post=32645"},{"taxonomy":"product_cat","embeddable":true,"href":"https:\/\/singuli.wpress.me\/index.php\/wp-json\/wp\/v2\/product_cat?post=32645"},{"taxonomy":"product_tag","embeddable":true,"href":"https:\/\/singuli.wpress.me\/index.php\/wp-json\/wp\/v2\/product_tag?post=32645"}],"curies":[{"name":"wp","href":"https:\/\/api.w.org\/{rel}","templated":true}]}}