{"id":32648,"date":"2026-04-17T00:43:50","date_gmt":"2026-04-17T00:43:50","guid":{"rendered":"https:\/\/singuli.wpress.me\/index.php\/proizvod\/pantene-pro-v-aqualight-balzam-za-kosu-275-ml\/"},"modified":"2026-04-20T12:33:09","modified_gmt":"2026-04-20T12:33:09","slug":"pantene-pro-v-aqualight-balzam-za-kosu-275-ml","status":"publish","type":"product","link":"https:\/\/singuli.wpress.me\/index.php\/proizvod\/pantene-pro-v-aqualight-balzam-za-kosu-275-ml\/","title":{"rendered":"PANTENE Pro-V Aqualight, balzam za kosu, 275\u00a0ml"},"content":{"rendered":"<p>Otkrijte <span style=\"font-weight: bold\">balzam Pantene Aqualight<\/span>, svog neizostavnog saveznika u svakodnevnoj njezi kose. Balzam za svakodnevnu upotrebu za zdrav izgled tanke kose. <br \/>\nNahranite kosu na\u0161om jedinstvenom kombinacijom PRO-V, sna\u017enom kombinacijom PRO-vitamina B5, lipida za ja\u010danje kose i za\u0161titnih antioksidansa. Osna\u017eena tehnologijom Active Nutri-Plex, na\u0161a napredna formula, oboga\u0107ena s 50 % vi\u0161e sastojaka za za\u0161titu veza u vlasima kose, poma\u017ee osna\u017eiti tanku kosu pru\u017eaju\u0107i joj potrebnu njegu, a da je pritom ne ote\u017eava. <br \/>\nTestirao Swiss Vitamin Institute. Iskusite vrhunsku njegu kose uz balzam Pro-V Active Nutri-Plex Aqualight i usvojite rutinu koja va\u0161u kosu \u010dini njegovanom, revitaliziranom i prekrasnom od korijena do vrhova. <\/p>\n<p>Na\u010din primjene:<br \/>\nNanesite na \u010ditavu duljinu kose, od vrhova prema korijenima. Temeljito isperite.<\/p>\n","protected":false},"excerpt":{"rendered":"<p>Formula s 50 % vi\u0161e za\u0161titnih sastojaka poma\u017ee obnoviti kosu iznutra<br \/>\nBalzam Aqualight uravnote\u017euje be\u017eivotnu kosu sklonu ma\u0161\u0107enju i pru\u017ea joj potrebnu njegu<br \/>\nHrani kosu na\u0161om jedinstvenom formulom Pro-V<\/p>\n","protected":false},"featured_media":32649,"template":"","meta":{"_seopress_robots_primary_cat":"","_seopress_titles_title":"","_seopress_titles_desc":"","_seopress_robots_index":"","iawp_total_views":0},"product_brand":[411],"product_cat":[268,300],"product_tag":[],"class_list":{"0":"post-32648","1":"product","2":"type-product","3":"status-publish","4":"has-post-thumbnail","6":"product_brand-pantene","7":"product_cat-kozmetika-2","8":"product_cat-njega-kose-268","10":"first","11":"instock","12":"shipping-taxable","13":"purchasable","14":"product-type-simple"},"_links":{"self":[{"href":"https:\/\/singuli.wpress.me\/index.php\/wp-json\/wp\/v2\/product\/32648","targetHints":{"allow":["GET"]}}],"collection":[{"href":"https:\/\/singuli.wpress.me\/index.php\/wp-json\/wp\/v2\/product"}],"about":[{"href":"https:\/\/singuli.wpress.me\/index.php\/wp-json\/wp\/v2\/types\/product"}],"version-history":[{"count":0,"href":"https:\/\/singuli.wpress.me\/index.php\/wp-json\/wp\/v2\/product\/32648\/revisions"}],"wp:featuredmedia":[{"embeddable":true,"href":"https:\/\/singuli.wpress.me\/index.php\/wp-json\/wp\/v2\/media\/32649"}],"wp:attachment":[{"href":"https:\/\/singuli.wpress.me\/index.php\/wp-json\/wp\/v2\/media?parent=32648"}],"wp:term":[{"taxonomy":"product_brand","embeddable":true,"href":"https:\/\/singuli.wpress.me\/index.php\/wp-json\/wp\/v2\/product_brand?post=32648"},{"taxonomy":"product_cat","embeddable":true,"href":"https:\/\/singuli.wpress.me\/index.php\/wp-json\/wp\/v2\/product_cat?post=32648"},{"taxonomy":"product_tag","embeddable":true,"href":"https:\/\/singuli.wpress.me\/index.php\/wp-json\/wp\/v2\/product_tag?post=32648"}],"curies":[{"name":"wp","href":"https:\/\/api.w.org\/{rel}","templated":true}]}}