{"id":32654,"date":"2026-04-17T00:43:51","date_gmt":"2026-04-17T00:43:51","guid":{"rendered":"https:\/\/singuli.wpress.me\/index.php\/proizvod\/pantene-pro-v-infinite-lengths-3-minute-miracle-balzam-za-kosu-220-ml\/"},"modified":"2026-04-20T12:33:09","modified_gmt":"2026-04-20T12:33:09","slug":"pantene-pro-v-infinite-lengths-3-minute-miracle-balzam-za-kosu-220-ml","status":"publish","type":"product","link":"https:\/\/singuli.wpress.me\/index.php\/proizvod\/pantene-pro-v-infinite-lengths-3-minute-miracle-balzam-za-kosu-220-ml\/","title":{"rendered":"PANTENE Pro-V Infinite Lengths 3 Minute Miracle, balzam za kosu, 220\u00a0ml"},"content":{"rendered":"<p>Otkrijte <span style=\"font-weight: bold\">balzam Pantene Infinite Lengths 3 Minute Miracle<\/span> s formulom Pro-V i tehnologijom Active Nutri-Plex. Ovaj je dubinski tretman posebno formuliran da pru\u017ei intenzivnu njegu i pomogne obnoviti dugu kosu sa slabim vrhovima, \u0161to ga \u010dini neizostavnim dijelom va\u0161e rutine njege kose. <br \/>\nNa\u0161a jedinstvena kombinacija nutrijenata oboga\u0107ena je PRO-vitaminom B5, lipidima za ja\u010danje i za\u0161titnim antioksidansima te nudi sveobuhvatan pristup zdravlju kose. Oboga\u0107en sastojcima za za\u0161titu veza u vlasima kose na\u0161 balzam s dubinskim djelovanjem isti\u010de na\u0161u predanost pru\u017eanju vrhunskih rje\u0161enja za njegu kose. Osmi\u0161ljen je da se odmah otopi u kosi, \u010dime se osigurava da je svaki pramen pro\u017eet nutrijentima potrebnim za popravljanje vidljivih o\u0161te\u0107enja nakon samo jedne upotrebe. <br \/>\nIskusite razliku od prve upotrebe i gledajte kako va\u0161a kosa cijelom svojom du\u017einom postaje do 100 % sna\u017enija i vidljivo zdravija. <\/p>\n<p>Na\u010din primjene:<br \/>\nBalzam i maska: nanesite na mokru kosu. Isperite. <br \/>\nSerum koji se ne ispire: nanesite malu koli\u010dinu na vla\u017enu ili suhu kosu. <br \/>\nProizvod za za\u0161titu kose prije oblikovanja vru\u0107im ure\u0111ajima: nanesite malu koli\u010dinu prije oblikovanja kose ure\u0111ajima koji koriste visoke temperature.<\/p>\n","protected":false},"excerpt":{"rendered":"<p>Bolja za\u0161tita veza u vlasima za dugu, slabu kosu<br \/>\nBalzam Infinite Lengths 3 Minute Miracle hrani kosu za zdrav izgled i meke vrhove<br \/>\nZa do 100 % sna\u017eniju i obnovljenu kosu<\/p>\n","protected":false},"featured_media":32655,"template":"","meta":{"_seopress_robots_primary_cat":"","_seopress_titles_title":"","_seopress_titles_desc":"","_seopress_robots_index":"","iawp_total_views":0},"product_brand":[411],"product_cat":[268,300],"product_tag":[],"class_list":{"0":"post-32654","1":"product","2":"type-product","3":"status-publish","4":"has-post-thumbnail","6":"product_brand-pantene","7":"product_cat-kozmetika-2","8":"product_cat-njega-kose-268","10":"first","11":"instock","12":"shipping-taxable","13":"purchasable","14":"product-type-simple"},"_links":{"self":[{"href":"https:\/\/singuli.wpress.me\/index.php\/wp-json\/wp\/v2\/product\/32654","targetHints":{"allow":["GET"]}}],"collection":[{"href":"https:\/\/singuli.wpress.me\/index.php\/wp-json\/wp\/v2\/product"}],"about":[{"href":"https:\/\/singuli.wpress.me\/index.php\/wp-json\/wp\/v2\/types\/product"}],"version-history":[{"count":0,"href":"https:\/\/singuli.wpress.me\/index.php\/wp-json\/wp\/v2\/product\/32654\/revisions"}],"wp:featuredmedia":[{"embeddable":true,"href":"https:\/\/singuli.wpress.me\/index.php\/wp-json\/wp\/v2\/media\/32655"}],"wp:attachment":[{"href":"https:\/\/singuli.wpress.me\/index.php\/wp-json\/wp\/v2\/media?parent=32654"}],"wp:term":[{"taxonomy":"product_brand","embeddable":true,"href":"https:\/\/singuli.wpress.me\/index.php\/wp-json\/wp\/v2\/product_brand?post=32654"},{"taxonomy":"product_cat","embeddable":true,"href":"https:\/\/singuli.wpress.me\/index.php\/wp-json\/wp\/v2\/product_cat?post=32654"},{"taxonomy":"product_tag","embeddable":true,"href":"https:\/\/singuli.wpress.me\/index.php\/wp-json\/wp\/v2\/product_tag?post=32654"}],"curies":[{"name":"wp","href":"https:\/\/api.w.org\/{rel}","templated":true}]}}