{"id":32659,"date":"2026-04-17T00:43:52","date_gmt":"2026-04-17T00:43:52","guid":{"rendered":"https:\/\/singuli.wpress.me\/index.php\/proizvod\/pantene-pro-v-infinite-lengths-balzam-za-kosu-275-ml-2\/"},"modified":"2026-04-17T00:43:52","modified_gmt":"2026-04-17T00:43:52","slug":"pantene-pro-v-infinite-lengths-balzam-za-kosu-275-ml-2","status":"publish","type":"product","link":"https:\/\/singuli.wpress.me\/index.php\/proizvod\/pantene-pro-v-infinite-lengths-balzam-za-kosu-275-ml-2\/","title":{"rendered":"PANTENE Pro-V Infinite Lengths, balzam za kosu, 275\u00a0ml"},"content":{"rendered":"<p>Otkrijte <span style=\"font-weight: bold\">balzam Pantene Infinite Lengths<\/span>, svog neizostavnog saveznika u svakodnevnoj njezi kose. Balzam za svakodnevnu upotrebu ne ote\u017eava kosu i ona nakon upotrebe ne izgleda masno. <br \/>\nNahranite kosu na\u0161om jedinstvenom sna\u017enom kombinacijom PRO-vitamina B5, lipida za ja\u010danje kose i za\u0161titnih antioksidansa. Osna\u017eena tehnologijom Active Nutri-Plex, na\u0161a napredna formula oboga\u0107ena s 50 % vi\u0161e sastojaka za za\u0161titu veza u vlasima kose poma\u017ee obnoviti o\u0161te\u0107ene vrhove iznutra prema van, za zdrav izgled. Testirao Swiss Vitamin Institute. <br \/>\nIskusite vrhunsku njegu kose uz \u0161ampon Pro-V Active Nutri-Plex Infinite Lengths. <\/p>\n<p>Na\u010din primjene:<br \/>\nNanesite na \u010ditavu duljinu kose, od vrhova prema korijenima. Mo\u017eete birati ho\u0107ete li isprati ILI ostaviti na kosi.<\/p>\n","protected":false},"excerpt":{"rendered":"<p>Formula s 50 % vi\u0161e za\u0161titnih aktivnih sastojaka osmi\u0161ljena je da za\u0161titi veze u vlasima kose i obnovi<br \/>\nBalzam Infinite Lengths njeguje kosu kako bi ona cijelom du\u017einom bila do 100 % sna\u017enija i vidljivo zdravija<br \/>\nFormula je pa\u017eljivo osmi\u0161ljena bez mineralnih ulja ili bojila<\/p>\n","protected":false},"featured_media":32661,"template":"","meta":{"_seopress_robots_primary_cat":"","_seopress_titles_title":"","_seopress_titles_desc":"","_seopress_robots_index":"","iawp_total_views":0},"product_brand":[411],"product_cat":[268,300],"product_tag":[],"class_list":{"0":"post-32659","1":"product","2":"type-product","3":"status-publish","4":"has-post-thumbnail","6":"product_brand-pantene","7":"product_cat-kozmetika-2","8":"product_cat-njega-kose-268","10":"first","11":"instock","12":"shipping-taxable","13":"purchasable","14":"product-type-simple"},"_links":{"self":[{"href":"https:\/\/singuli.wpress.me\/index.php\/wp-json\/wp\/v2\/product\/32659","targetHints":{"allow":["GET"]}}],"collection":[{"href":"https:\/\/singuli.wpress.me\/index.php\/wp-json\/wp\/v2\/product"}],"about":[{"href":"https:\/\/singuli.wpress.me\/index.php\/wp-json\/wp\/v2\/types\/product"}],"version-history":[{"count":0,"href":"https:\/\/singuli.wpress.me\/index.php\/wp-json\/wp\/v2\/product\/32659\/revisions"}],"wp:featuredmedia":[{"embeddable":true,"href":"https:\/\/singuli.wpress.me\/index.php\/wp-json\/wp\/v2\/media\/32661"}],"wp:attachment":[{"href":"https:\/\/singuli.wpress.me\/index.php\/wp-json\/wp\/v2\/media?parent=32659"}],"wp:term":[{"taxonomy":"product_brand","embeddable":true,"href":"https:\/\/singuli.wpress.me\/index.php\/wp-json\/wp\/v2\/product_brand?post=32659"},{"taxonomy":"product_cat","embeddable":true,"href":"https:\/\/singuli.wpress.me\/index.php\/wp-json\/wp\/v2\/product_cat?post=32659"},{"taxonomy":"product_tag","embeddable":true,"href":"https:\/\/singuli.wpress.me\/index.php\/wp-json\/wp\/v2\/product_tag?post=32659"}],"curies":[{"name":"wp","href":"https:\/\/api.w.org\/{rel}","templated":true}]}}