{"id":32665,"date":"2026-04-17T00:43:54","date_gmt":"2026-04-17T00:43:54","guid":{"rendered":"https:\/\/singuli.wpress.me\/index.php\/proizvod\/make-it-real-beauty-set-automat-za-vocnu-kozmetiku-2\/"},"modified":"2026-04-17T00:43:54","modified_gmt":"2026-04-17T00:43:54","slug":"make-it-real-beauty-set-automat-za-vocnu-kozmetiku-2","status":"publish","type":"product","link":"https:\/\/singuli.wpress.me\/index.php\/proizvod\/make-it-real-beauty-set-automat-za-vocnu-kozmetiku-2\/","title":{"rendered":"MAKE IT REAL, beauty set, automat za vo\u0107nu kozmetiku"},"content":{"rendered":"<p>Otkrijte \u010daroliju vo\u0107nog osvje\u017eenja s na\u0161im automatom za vo\u0107nu kozmetiku! <br \/>\nOvaj \u0161armantni automat nudi pet sjajila za usne u obliku napitaka s neodoljivim vo\u0107nim mirisom. Jednostavno otvorite pretince i otkrijte svoj omiljeni vo\u0107ni napitak za usne\u2026 uz dodatna dva iznena\u0111enja!<br \/>\nSvaki pretinac skriva pravo blago: 5 sjajila za usne u veselim bojama koji miri\u0161u na breskvu, borovnicu, lubenicu ili gro\u017e\u0111e, lak za nokte te set naljepnica za nokte. S detaljnim uputama, va\u0161i mali\u0161ani \u0107e se lako sna\u0107i i u\u017eivati u otkrivanju svakog iznena\u0111enja.<br \/>\nPustite da va\u0161a djeca istra\u017ee svijet vo\u0107ne kozmetike, razvijaju svoju kreativnost i stil, te se prepuste igri i ma\u0161ti. Svako otvaranje donosi novi osmijeh i val vo\u0107ne radosti!<br \/>\nDob: 8+<\/p>\n","protected":false},"excerpt":{"rendered":"<p>5 vo\u0107nih sjajila za usne u veselim bojama<br \/>\nLak za nokte i set naljepnica za nokte<br \/>\nDob: 8+ god<\/p>\n","protected":false},"featured_media":32667,"template":"","meta":{"_seopress_robots_primary_cat":"","_seopress_titles_title":"","_seopress_titles_desc":"","_seopress_robots_index":"","iawp_total_views":0},"product_brand":[441],"product_cat":[274,238],"product_tag":[],"class_list":{"0":"post-32665","1":"product","2":"type-product","3":"status-publish","4":"has-post-thumbnail","6":"product_brand-make-it-real","7":"product_cat-kucanski-pribor-238","8":"product_cat-sve-za-dom","10":"first","11":"instock","12":"shipping-taxable","13":"purchasable","14":"product-type-simple"},"_links":{"self":[{"href":"https:\/\/singuli.wpress.me\/index.php\/wp-json\/wp\/v2\/product\/32665","targetHints":{"allow":["GET"]}}],"collection":[{"href":"https:\/\/singuli.wpress.me\/index.php\/wp-json\/wp\/v2\/product"}],"about":[{"href":"https:\/\/singuli.wpress.me\/index.php\/wp-json\/wp\/v2\/types\/product"}],"version-history":[{"count":0,"href":"https:\/\/singuli.wpress.me\/index.php\/wp-json\/wp\/v2\/product\/32665\/revisions"}],"wp:featuredmedia":[{"embeddable":true,"href":"https:\/\/singuli.wpress.me\/index.php\/wp-json\/wp\/v2\/media\/32667"}],"wp:attachment":[{"href":"https:\/\/singuli.wpress.me\/index.php\/wp-json\/wp\/v2\/media?parent=32665"}],"wp:term":[{"taxonomy":"product_brand","embeddable":true,"href":"https:\/\/singuli.wpress.me\/index.php\/wp-json\/wp\/v2\/product_brand?post=32665"},{"taxonomy":"product_cat","embeddable":true,"href":"https:\/\/singuli.wpress.me\/index.php\/wp-json\/wp\/v2\/product_cat?post=32665"},{"taxonomy":"product_tag","embeddable":true,"href":"https:\/\/singuli.wpress.me\/index.php\/wp-json\/wp\/v2\/product_tag?post=32665"}],"curies":[{"name":"wp","href":"https:\/\/api.w.org\/{rel}","templated":true}]}}