{"id":32685,"date":"2026-04-17T00:44:27","date_gmt":"2026-04-17T00:44:27","guid":{"rendered":"https:\/\/singuli.wpress.me\/index.php\/proizvod\/make-it-real-set-za-crtanje-i-pisanje-butterfly\/"},"modified":"2026-04-20T12:33:09","modified_gmt":"2026-04-20T12:33:09","slug":"make-it-real-set-za-crtanje-i-pisanje-butterfly","status":"publish","type":"product","link":"https:\/\/singuli.wpress.me\/index.php\/proizvod\/make-it-real-set-za-crtanje-i-pisanje-butterfly\/","title":{"rendered":"MAKE IT REAL, set za crtanje i pisanje, Butterfly"},"content":{"rendered":"<p>Ovaj set pru\u017ea vam savr\u0161eno rje\u0161enje za organizaciju va\u0161ih skica i pribora za pisanje, sve smje\u0161teno u prekrasnu kutiju s magnetskim zatvaranjem! Sa blokom za skice, olovkama, flomasterima u obliku srca i naljepnicama, ovo je sve \u0161to vam treba za poticanje va\u0161e kreativnosti i organizacije.<br \/>\nUz ovaj set, va\u0161a umjetnost \u0107e procvjetati, a svaka bilje\u0161ka \u0107e biti pohranjena na sigurnom, spremna za va\u0161e idu\u0107e inspirativne trenutke<br \/>\nDob: 8+ godina<\/p>\n","protected":false},"excerpt":{"rendered":"<p>Set za crtanje i pisanje s flomasterima u obliku srca<br \/>\nKutija s magnetskim zatvaranjem za pohranu<br \/>\nDob: 8+ god<\/p>\n","protected":false},"featured_media":32686,"template":"","meta":{"_seopress_robots_primary_cat":"","_seopress_titles_title":"","_seopress_titles_desc":"","_seopress_robots_index":"","iawp_total_views":0},"product_brand":[441],"product_cat":[221,291],"product_tag":[],"class_list":{"0":"post-32685","1":"product","2":"type-product","3":"status-publish","4":"has-post-thumbnail","6":"product_brand-make-it-real","7":"product_cat-igracke","8":"product_cat-igracke-za-djecu-221","10":"first","11":"outofstock","12":"shipping-taxable","13":"purchasable","14":"product-type-simple"},"_links":{"self":[{"href":"https:\/\/singuli.wpress.me\/index.php\/wp-json\/wp\/v2\/product\/32685","targetHints":{"allow":["GET"]}}],"collection":[{"href":"https:\/\/singuli.wpress.me\/index.php\/wp-json\/wp\/v2\/product"}],"about":[{"href":"https:\/\/singuli.wpress.me\/index.php\/wp-json\/wp\/v2\/types\/product"}],"version-history":[{"count":0,"href":"https:\/\/singuli.wpress.me\/index.php\/wp-json\/wp\/v2\/product\/32685\/revisions"}],"wp:featuredmedia":[{"embeddable":true,"href":"https:\/\/singuli.wpress.me\/index.php\/wp-json\/wp\/v2\/media\/32686"}],"wp:attachment":[{"href":"https:\/\/singuli.wpress.me\/index.php\/wp-json\/wp\/v2\/media?parent=32685"}],"wp:term":[{"taxonomy":"product_brand","embeddable":true,"href":"https:\/\/singuli.wpress.me\/index.php\/wp-json\/wp\/v2\/product_brand?post=32685"},{"taxonomy":"product_cat","embeddable":true,"href":"https:\/\/singuli.wpress.me\/index.php\/wp-json\/wp\/v2\/product_cat?post=32685"},{"taxonomy":"product_tag","embeddable":true,"href":"https:\/\/singuli.wpress.me\/index.php\/wp-json\/wp\/v2\/product_tag?post=32685"}],"curies":[{"name":"wp","href":"https:\/\/api.w.org\/{rel}","templated":true}]}}