{"id":32691,"date":"2026-04-17T00:44:31","date_gmt":"2026-04-17T00:44:31","guid":{"rendered":"https:\/\/singuli.wpress.me\/index.php\/proizvod\/make-it-real-tajni-dnevnik-bubble-gum-dnevnik-s-olovkom\/"},"modified":"2026-04-20T12:33:09","modified_gmt":"2026-04-20T12:33:09","slug":"make-it-real-tajni-dnevnik-bubble-gum-dnevnik-s-olovkom","status":"publish","type":"product","link":"https:\/\/singuli.wpress.me\/index.php\/proizvod\/make-it-real-tajni-dnevnik-bubble-gum-dnevnik-s-olovkom\/","title":{"rendered":"MAKE IT REAL, tajni dnevnik, Bubble Gum dnevnik s olovkom"},"content":{"rendered":"<p>Protresite dnevnik i gledajte kako \u0161ljokice lepr\u0161aju unutar automata za slatki\u0161e donose\u0107i osmijeh na svako lice!<br \/>\nOvaj trendi dnevnik dolazi s klju\u010dem i lokotom za zaklju\u010davanje, \u0161to ga \u010dini idealnim za \u010duvanje svih tajnih misli i snova. Prilo\u017eena olovka s privjeskom dodaje dodatnu dozu slatko\u0107e i stila, poti\u010du\u0107i djecu da pi\u0161u bilje\u0161ke ili crtaju svoje najdra\u017ee ilustracije. <br \/>\nOvaj set \u010dini savr\u0161en poklon za svaku priliku \u2013 bilo za ro\u0111endansku zabavu ili jednostavno kao znak pa\u017enje. Potaknite djecu da se izraze i u\u017eivaju u svakom trenutku stvaranja s ovim posebnim dnevnikom. \u0160to mo\u017ee biti sla\u0111e od toga? <br \/>\nSavr\u0161eno za djecu od 6 i vi\u0161e godina, ovaj dnevnik od 192 stranice donosi kreativnost u svaku avanturu pisanja!<\/p>\n<p>Set uklju\u010duje:<br \/>\n\u2022 1 dnevnik s lokotom<br \/>\n\u2022 1 olovku s privjeskom i \u0161ljokicama<\/p>\n","protected":false},"excerpt":{"rendered":"<p>Dnevnik s \u0161ljokicama i klju\u010dem za zaklju\u010davanje<br \/>\nOlovka s privjeskom u obliku slatki\u0161a<br \/>\nDob: 6+ god<\/p>\n","protected":false},"featured_media":32692,"template":"","meta":{"_seopress_robots_primary_cat":"","_seopress_titles_title":"","_seopress_titles_desc":"","_seopress_robots_index":"","iawp_total_views":0},"product_brand":[441],"product_cat":[221,291],"product_tag":[],"class_list":{"0":"post-32691","1":"product","2":"type-product","3":"status-publish","4":"has-post-thumbnail","6":"product_brand-make-it-real","7":"product_cat-igracke","8":"product_cat-igracke-za-djecu-221","10":"first","11":"instock","12":"shipping-taxable","13":"purchasable","14":"product-type-simple"},"_links":{"self":[{"href":"https:\/\/singuli.wpress.me\/index.php\/wp-json\/wp\/v2\/product\/32691","targetHints":{"allow":["GET"]}}],"collection":[{"href":"https:\/\/singuli.wpress.me\/index.php\/wp-json\/wp\/v2\/product"}],"about":[{"href":"https:\/\/singuli.wpress.me\/index.php\/wp-json\/wp\/v2\/types\/product"}],"version-history":[{"count":0,"href":"https:\/\/singuli.wpress.me\/index.php\/wp-json\/wp\/v2\/product\/32691\/revisions"}],"wp:featuredmedia":[{"embeddable":true,"href":"https:\/\/singuli.wpress.me\/index.php\/wp-json\/wp\/v2\/media\/32692"}],"wp:attachment":[{"href":"https:\/\/singuli.wpress.me\/index.php\/wp-json\/wp\/v2\/media?parent=32691"}],"wp:term":[{"taxonomy":"product_brand","embeddable":true,"href":"https:\/\/singuli.wpress.me\/index.php\/wp-json\/wp\/v2\/product_brand?post=32691"},{"taxonomy":"product_cat","embeddable":true,"href":"https:\/\/singuli.wpress.me\/index.php\/wp-json\/wp\/v2\/product_cat?post=32691"},{"taxonomy":"product_tag","embeddable":true,"href":"https:\/\/singuli.wpress.me\/index.php\/wp-json\/wp\/v2\/product_tag?post=32691"}],"curies":[{"name":"wp","href":"https:\/\/api.w.org\/{rel}","templated":true}]}}