{"id":32697,"date":"2026-04-17T00:44:36","date_gmt":"2026-04-17T00:44:36","guid":{"rendered":"https:\/\/singuli.wpress.me\/index.php\/proizvod\/headshoulders-smooth-silky-sampon-za-kosu-250-ml\/"},"modified":"2026-04-20T12:33:09","modified_gmt":"2026-04-20T12:33:09","slug":"headshoulders-smooth-silky-sampon-za-kosu-250-ml","status":"publish","type":"product","link":"https:\/\/singuli.wpress.me\/index.php\/proizvod\/headshoulders-smooth-silky-sampon-za-kosu-250-ml\/","title":{"rendered":"HEAD&amp;SHOULDERS Smooth &amp; Silky, \u0161ampon za kosu, 250\u00a0ml"},"content":{"rendered":"<p><span style=\"font-weight: bold\">\u0160ampon protiv peruti Head &amp; Shoulders Smooth &amp; Silky <\/span>za sve tipove kose i vlasi\u0161ta u\u010dinkovit je \u010dak i protiv tvrdokorne peruti. Ovaj \u0161ampon za svakodnevnu upotrebu, prikladan za \u017eene i mu\u0161karce, ima formulu Microbiome Balance koja cilja glavni uzrok peruti, odr\u017eavaju\u0107i ravnote\u017eu mikrobioma vlasi\u0161ta. Djeluje na vidljivu i nevidljivu perut tako \u0161to otpu\u0161ta 2 puta vi\u0161e za\u0161titnih sastojaka koji ulaze u pore da bi se napokon sprije\u010dio povratak tvrdokorne peruti. <br \/>\nOva klini\u010dki dokazana, dermatolo\u0161ki ispitana formula s uravnote\u017eenim pH ostavlja va\u0161e vlasi\u0161te i kosu \u010distima i svje\u017eima.<\/p>\n<p>Na\u010din primjene:<br \/>\nNanesite na mokru kosu i vlasi\u0161te, operite i potom isperite.<\/p>\n","protected":false},"excerpt":{"rendered":"<p>U\u010dinkovita za\u0161tita od peruti i njezino spre\u010davanje<br \/>\nZa najbolje rezultate koristite svakodnevno<br \/>\nFormula za ravnote\u017eu mikrobioma<\/p>\n","protected":false},"featured_media":32698,"template":"","meta":{"_seopress_robots_primary_cat":"","_seopress_titles_title":"","_seopress_titles_desc":"","_seopress_robots_index":"","iawp_total_views":0},"product_brand":[443],"product_cat":[268,300],"product_tag":[],"class_list":{"0":"post-32697","1":"product","2":"type-product","3":"status-publish","4":"has-post-thumbnail","6":"product_brand-headshoulders","7":"product_cat-kozmetika-2","8":"product_cat-njega-kose-268","10":"first","11":"outofstock","12":"shipping-taxable","13":"purchasable","14":"product-type-simple"},"_links":{"self":[{"href":"https:\/\/singuli.wpress.me\/index.php\/wp-json\/wp\/v2\/product\/32697","targetHints":{"allow":["GET"]}}],"collection":[{"href":"https:\/\/singuli.wpress.me\/index.php\/wp-json\/wp\/v2\/product"}],"about":[{"href":"https:\/\/singuli.wpress.me\/index.php\/wp-json\/wp\/v2\/types\/product"}],"version-history":[{"count":0,"href":"https:\/\/singuli.wpress.me\/index.php\/wp-json\/wp\/v2\/product\/32697\/revisions"}],"wp:featuredmedia":[{"embeddable":true,"href":"https:\/\/singuli.wpress.me\/index.php\/wp-json\/wp\/v2\/media\/32698"}],"wp:attachment":[{"href":"https:\/\/singuli.wpress.me\/index.php\/wp-json\/wp\/v2\/media?parent=32697"}],"wp:term":[{"taxonomy":"product_brand","embeddable":true,"href":"https:\/\/singuli.wpress.me\/index.php\/wp-json\/wp\/v2\/product_brand?post=32697"},{"taxonomy":"product_cat","embeddable":true,"href":"https:\/\/singuli.wpress.me\/index.php\/wp-json\/wp\/v2\/product_cat?post=32697"},{"taxonomy":"product_tag","embeddable":true,"href":"https:\/\/singuli.wpress.me\/index.php\/wp-json\/wp\/v2\/product_tag?post=32697"}],"curies":[{"name":"wp","href":"https:\/\/api.w.org\/{rel}","templated":true}]}}