{"id":32700,"date":"2026-04-17T00:44:38","date_gmt":"2026-04-17T00:44:38","guid":{"rendered":"https:\/\/singuli.wpress.me\/index.php\/proizvod\/barbie-coffee-shop-set-za-igru\/"},"modified":"2026-04-21T00:26:38","modified_gmt":"2026-04-21T00:26:38","slug":"barbie-coffee-shop-set-za-igru","status":"publish","type":"product","link":"https:\/\/singuli.wpress.me\/index.php\/proizvod\/barbie-coffee-shop-set-za-igru\/","title":{"rendered":"BARBIE Coffee Shop, set za igru"},"content":{"rendered":"<p>U\u017eivaj u igri s <span style=\"font-weight: bold\">novim Barbie setom<\/span>!<br \/>\nSet uklju\u010duje Barbie lutku, coffee shop i preko 20 dodataka za igru i zabavu. Barbie lutka nosi slatku majicu s prugama i ru\u017ei\u010dastu prega\u010du te joj je kosa svezana u pun\u0111u. Mo\u017ee pripremiti kavu, smoothie ili \u010daj za svoje goste. Barbie mo\u017ee poslu\u017eiti i slatke poslastice, vodu u bo\u010dici i jo\u0161 mnogo toga. Kada je narud\u017eba spremna, Barbie zazvoni na svojoj blagajni! Neki od dodataka na sebi imaju kva\u010dicu koja omogu\u0107uje Barbie lutki da ih dr\u017ei za realisti\u010dniju igru.<br \/>\nDob: 4+ god<\/p>\n","protected":false},"excerpt":{"rendered":"<p>Interaktivni elementi<br \/>\nUklju\u010dena lutka<br \/>\nDob: 3+ god<\/p>\n","protected":false},"featured_media":32701,"template":"","meta":{"_seopress_robots_primary_cat":"","_seopress_titles_title":"","_seopress_titles_desc":"","_seopress_robots_index":"","iawp_total_views":0},"product_brand":[324],"product_cat":[274,238],"product_tag":[],"class_list":{"0":"post-32700","1":"product","2":"type-product","3":"status-publish","4":"has-post-thumbnail","6":"product_brand-barbie","7":"product_cat-kucanski-pribor-238","8":"product_cat-sve-za-dom","10":"first","11":"instock","12":"shipping-taxable","13":"purchasable","14":"product-type-simple"},"_links":{"self":[{"href":"https:\/\/singuli.wpress.me\/index.php\/wp-json\/wp\/v2\/product\/32700","targetHints":{"allow":["GET"]}}],"collection":[{"href":"https:\/\/singuli.wpress.me\/index.php\/wp-json\/wp\/v2\/product"}],"about":[{"href":"https:\/\/singuli.wpress.me\/index.php\/wp-json\/wp\/v2\/types\/product"}],"version-history":[{"count":0,"href":"https:\/\/singuli.wpress.me\/index.php\/wp-json\/wp\/v2\/product\/32700\/revisions"}],"wp:featuredmedia":[{"embeddable":true,"href":"https:\/\/singuli.wpress.me\/index.php\/wp-json\/wp\/v2\/media\/32701"}],"wp:attachment":[{"href":"https:\/\/singuli.wpress.me\/index.php\/wp-json\/wp\/v2\/media?parent=32700"}],"wp:term":[{"taxonomy":"product_brand","embeddable":true,"href":"https:\/\/singuli.wpress.me\/index.php\/wp-json\/wp\/v2\/product_brand?post=32700"},{"taxonomy":"product_cat","embeddable":true,"href":"https:\/\/singuli.wpress.me\/index.php\/wp-json\/wp\/v2\/product_cat?post=32700"},{"taxonomy":"product_tag","embeddable":true,"href":"https:\/\/singuli.wpress.me\/index.php\/wp-json\/wp\/v2\/product_tag?post=32700"}],"curies":[{"name":"wp","href":"https:\/\/api.w.org\/{rel}","templated":true}]}}