{"id":32712,"date":"2026-04-17T00:44:47","date_gmt":"2026-04-17T00:44:47","guid":{"rendered":"https:\/\/singuli.wpress.me\/index.php\/proizvod\/make-it-real-kreativni-set-narukvice-pretty-in-pink-mini\/"},"modified":"2026-04-21T00:26:38","modified_gmt":"2026-04-21T00:26:38","slug":"make-it-real-kreativni-set-narukvice-pretty-in-pink-mini","status":"publish","type":"product","link":"https:\/\/singuli.wpress.me\/index.php\/proizvod\/make-it-real-kreativni-set-narukvice-pretty-in-pink-mini\/","title":{"rendered":"MAKE IT REAL, kreativni set, narukvice Pretty in pink mini"},"content":{"rendered":"<p>Nau\u010dite kako izraditi tri prekrasne narukvice s metalnim privjescima i svjetlucavim la\u017enim kristalima uz Pretty in Pink mini set za izradu narukvica. Ovaj set omogu\u0107ava djeci da istra\u017ee svoju kreativnost i stvaraju vlastite unikatne komade nakita koji \u0107e zasigurno privu\u0107i pa\u017enju.<br \/>\nSet sadr\u017ei sve \u0161to je potrebno za izradu tri jedinstvene narukvice &#8211; od raznobojnih perlica, blistavih kristala do elegantnih metalnih privjesaka. Uz jednostavne i jasne upute, djeca \u0107e lako savladati tehnike izrade nakita, razvijaju\u0107i pritom svoje motori\u010dke vje\u0161tine i osje\u0107aj za dizajn.<br \/>\nMake It Real Pretty in Pink set pru\u017ea sate zabave dok mali kreativci sla\u017eu perlice i kristale, kombiniraju\u0107i boje i oblike prema vlastitom ukusu. <br \/>\nDob: 8+<\/p>\n","protected":false},"excerpt":{"rendered":"<p>Set za izradu tri narukvice s metalnim privjescima<br \/>\nRaznobojne perlice i kristali za ukra\u0161avanje<br \/>\nDob: 8+ god<\/p>\n","protected":false},"featured_media":32713,"template":"","meta":{"_seopress_robots_primary_cat":"","_seopress_titles_title":"","_seopress_titles_desc":"","_seopress_robots_index":"","iawp_total_views":0},"product_brand":[441],"product_cat":[221,291],"product_tag":[],"class_list":{"0":"post-32712","1":"product","2":"type-product","3":"status-publish","4":"has-post-thumbnail","6":"product_brand-make-it-real","7":"product_cat-igracke","8":"product_cat-igracke-za-djecu-221","10":"first","11":"instock","12":"shipping-taxable","13":"purchasable","14":"product-type-simple"},"_links":{"self":[{"href":"https:\/\/singuli.wpress.me\/index.php\/wp-json\/wp\/v2\/product\/32712","targetHints":{"allow":["GET"]}}],"collection":[{"href":"https:\/\/singuli.wpress.me\/index.php\/wp-json\/wp\/v2\/product"}],"about":[{"href":"https:\/\/singuli.wpress.me\/index.php\/wp-json\/wp\/v2\/types\/product"}],"version-history":[{"count":0,"href":"https:\/\/singuli.wpress.me\/index.php\/wp-json\/wp\/v2\/product\/32712\/revisions"}],"wp:featuredmedia":[{"embeddable":true,"href":"https:\/\/singuli.wpress.me\/index.php\/wp-json\/wp\/v2\/media\/32713"}],"wp:attachment":[{"href":"https:\/\/singuli.wpress.me\/index.php\/wp-json\/wp\/v2\/media?parent=32712"}],"wp:term":[{"taxonomy":"product_brand","embeddable":true,"href":"https:\/\/singuli.wpress.me\/index.php\/wp-json\/wp\/v2\/product_brand?post=32712"},{"taxonomy":"product_cat","embeddable":true,"href":"https:\/\/singuli.wpress.me\/index.php\/wp-json\/wp\/v2\/product_cat?post=32712"},{"taxonomy":"product_tag","embeddable":true,"href":"https:\/\/singuli.wpress.me\/index.php\/wp-json\/wp\/v2\/product_tag?post=32712"}],"curies":[{"name":"wp","href":"https:\/\/api.w.org\/{rel}","templated":true}]}}