{"id":32718,"date":"2026-04-17T00:44:50","date_gmt":"2026-04-17T00:44:50","guid":{"rendered":"https:\/\/singuli.wpress.me\/index.php\/proizvod\/twistshake-komplet-pastel-sivi\/"},"modified":"2026-04-20T12:33:09","modified_gmt":"2026-04-20T12:33:09","slug":"twistshake-komplet-pastel-sivi","status":"publish","type":"product","link":"https:\/\/singuli.wpress.me\/index.php\/proizvod\/twistshake-komplet-pastel-sivi\/","title":{"rendered":"TWISTSHAKE, komplet, pastel sivi"},"content":{"rendered":"<p><span style=\"font-family: Roboto;font-size: 15px;font-weight: bold\">Twistshake kada<\/span><span style=\"font-family: Roboto;font-size: 15px\">&nbsp;nije samo obi\u010dna kada, ve\u0107 je i najbolji prijatelj na\u0161ih najmla\u0111ih. Udobnost i sigurnost koju pru\u017ea odu\u0161evljava mame diljem svijeta. Twistshake kada izgleda savr\u0161eno, opremljena je sa neklize\u0107im gumenim nogicama za jo\u0161 ve\u0107u sigurnost na glatkim povr\u0161inama.<\/span><br style=\"font-family: Roboto;font-size: 15px\"><br style=\"font-family: Roboto;font-size: 15px\"><span style=\"font-family: Roboto;font-size: 15px\">Ne sadr\u017ei BPA, a jedinstveni oblik kade i neklizaju\u0107a podloga osiguravaju sigurno kori\u0161tenje kade.<\/span><br style=\"font-family: Roboto;font-size: 15px\"><br style=\"font-family: Roboto;font-size: 15px\"><span style=\"font-family: Roboto;font-size: 15px\">Na\u0161a kada je savr\u0161en izbor jer mogu\u0107nost sklapanja omogu\u0107uje u\u0161tedu prostora i lako spremanje do ponovne upotrebe. Uz sve navedeno, prakti\u010dna je i za putovanja.<\/span><br style=\"font-family: Roboto;font-size: 15px\"><br style=\"font-family: Roboto;font-size: 15px\"><span style=\"font-family: Roboto;font-size: 15px\">Kupanje za bebu \u0107e postati jednostavno, zabavno i ugodno.<\/span><br style=\"font-family: Roboto;font-size: 15px\"><br style=\"font-family: Roboto;font-size: 15px\"><span style=\"font-family: Roboto;font-size: 15px\">Uz Twistshake kadu odli\u010dno se sla\u017eu dodaci poput Twistshake jastuka za kadicu koji \u0107e kupanje novoro\u0111en\u010dadi u\u010diniti jo\u0161 udobnijim i sigurnijim, a Twistshake posuda za ispiranje \u0107e svojim dizajnom sprije\u010diti ulazak vode u o\u010di te samim time kupanje u\u010diniti zabavnim i ugodnim.<\/span><\/p>\n<p>Twistshake jastuk za kadicu idealan je dodatak za potpunu udobnost i sigurnost novoro\u0111en\u010dadi. Omogu\u0107ite svojoj bebi najugodnije kupke uz jastuk za kadicu marke Twistshake. Jastuk pristaje unutar kadice marke Twistshake radi ostvarivanja savr\u0161ene kombinacije za izuzetno iskustvo tijekom kupke.<\/p>\n<p>Trosmjerno fiksiranje \u010dini kupanje jo\u0161 sigurnijim, a samim time i zabavnijim.<\/p>\n<p>Visoko kvalitetni materijal omogu\u0107uje brzo su\u0161enje i laku odr\u017eivost.<\/p>\n","protected":false},"excerpt":{"rendered":"<p>Sigurnost novoro\u0111en\u010dadi<br \/>\nTrosmjerno fiksiranje<br \/>\nVisoko kvalitetni materijali<\/p>\n","protected":false},"featured_media":32719,"template":"","meta":{"_seopress_robots_primary_cat":"","_seopress_titles_title":"","_seopress_titles_desc":"","_seopress_robots_index":"","iawp_total_views":0},"product_brand":[433],"product_cat":[268,278],"product_tag":[],"class_list":{"0":"post-32718","1":"product","2":"type-product","3":"status-publish","4":"has-post-thumbnail","6":"product_brand-twistshake","7":"product_cat-kozmetika-2","8":"product_cat-njega-tijela-268","10":"first","11":"outofstock","12":"shipping-taxable","13":"purchasable","14":"product-type-simple"},"_links":{"self":[{"href":"https:\/\/singuli.wpress.me\/index.php\/wp-json\/wp\/v2\/product\/32718","targetHints":{"allow":["GET"]}}],"collection":[{"href":"https:\/\/singuli.wpress.me\/index.php\/wp-json\/wp\/v2\/product"}],"about":[{"href":"https:\/\/singuli.wpress.me\/index.php\/wp-json\/wp\/v2\/types\/product"}],"version-history":[{"count":0,"href":"https:\/\/singuli.wpress.me\/index.php\/wp-json\/wp\/v2\/product\/32718\/revisions"}],"wp:featuredmedia":[{"embeddable":true,"href":"https:\/\/singuli.wpress.me\/index.php\/wp-json\/wp\/v2\/media\/32719"}],"wp:attachment":[{"href":"https:\/\/singuli.wpress.me\/index.php\/wp-json\/wp\/v2\/media?parent=32718"}],"wp:term":[{"taxonomy":"product_brand","embeddable":true,"href":"https:\/\/singuli.wpress.me\/index.php\/wp-json\/wp\/v2\/product_brand?post=32718"},{"taxonomy":"product_cat","embeddable":true,"href":"https:\/\/singuli.wpress.me\/index.php\/wp-json\/wp\/v2\/product_cat?post=32718"},{"taxonomy":"product_tag","embeddable":true,"href":"https:\/\/singuli.wpress.me\/index.php\/wp-json\/wp\/v2\/product_tag?post=32718"}],"curies":[{"name":"wp","href":"https:\/\/api.w.org\/{rel}","templated":true}]}}