{"id":32724,"date":"2026-04-17T00:44:53","date_gmt":"2026-04-17T00:44:53","guid":{"rendered":"https:\/\/singuli.wpress.me\/index.php\/proizvod\/gillette-fusion5-poklon-paket\/"},"modified":"2026-04-20T12:33:09","modified_gmt":"2026-04-20T12:33:09","slug":"gillette-fusion5-poklon-paket","status":"publish","type":"product","link":"https:\/\/singuli.wpress.me\/index.php\/proizvod\/gillette-fusion5-poklon-paket\/","title":{"rendered":"GILLETTE Fusion5, poklon paket"},"content":{"rendered":"<p>Poklonite mu mo\u0107an po\u010detak i impresivan zavr\u0161etak brijanja, odaberite darovni komplet Gillette Fusion! Dizajniran za temeljito brijanje, brija\u010d Fusion5 ima izuzetno o\u0161tre rubove o\u0161trica koje smanjuju trenje. Dizajn o\u0161trica omogu\u0107uje brijanje dla\u010dica s manje otpora. Precizna o\u0161trica sa stra\u017enje strane mo\u017ee vam pomo\u0107i da pa\u017eljivo obrijete te\u0161ko dostupna podru\u010dja.<\/p>\n","protected":false},"excerpt":{"rendered":"<p>Temeljito brijanje s 5 o\u0161trica<br \/>\nMalen razmak izme\u0111u o\u0161trica smanjuje nabiranje ko\u017ee, \u0161to poma\u017ee smanjiti trenje i olak\u0161ava klizanje brija\u010da<br \/>\nO\u0161trice s prilagodljivim rezanjem, lubrikantnom trakicom i mikrokrilcima osiguravaju u\u010dinkovito i nje\u017eno brijanje<\/p>\n","protected":false},"featured_media":32725,"template":"","meta":{"_seopress_robots_primary_cat":"","_seopress_titles_title":"","_seopress_titles_desc":"","_seopress_robots_index":"","iawp_total_views":0},"product_brand":[323],"product_cat":[261,277],"product_tag":[],"class_list":{"0":"post-32724","1":"product","2":"type-product","3":"status-publish","4":"has-post-thumbnail","6":"product_brand-gillette","7":"product_cat-hrana-i-pice","8":"product_cat-slatkisi-i-grickalice-261","10":"first","11":"instock","12":"shipping-taxable","13":"purchasable","14":"product-type-simple"},"_links":{"self":[{"href":"https:\/\/singuli.wpress.me\/index.php\/wp-json\/wp\/v2\/product\/32724","targetHints":{"allow":["GET"]}}],"collection":[{"href":"https:\/\/singuli.wpress.me\/index.php\/wp-json\/wp\/v2\/product"}],"about":[{"href":"https:\/\/singuli.wpress.me\/index.php\/wp-json\/wp\/v2\/types\/product"}],"version-history":[{"count":0,"href":"https:\/\/singuli.wpress.me\/index.php\/wp-json\/wp\/v2\/product\/32724\/revisions"}],"wp:featuredmedia":[{"embeddable":true,"href":"https:\/\/singuli.wpress.me\/index.php\/wp-json\/wp\/v2\/media\/32725"}],"wp:attachment":[{"href":"https:\/\/singuli.wpress.me\/index.php\/wp-json\/wp\/v2\/media?parent=32724"}],"wp:term":[{"taxonomy":"product_brand","embeddable":true,"href":"https:\/\/singuli.wpress.me\/index.php\/wp-json\/wp\/v2\/product_brand?post=32724"},{"taxonomy":"product_cat","embeddable":true,"href":"https:\/\/singuli.wpress.me\/index.php\/wp-json\/wp\/v2\/product_cat?post=32724"},{"taxonomy":"product_tag","embeddable":true,"href":"https:\/\/singuli.wpress.me\/index.php\/wp-json\/wp\/v2\/product_tag?post=32724"}],"curies":[{"name":"wp","href":"https:\/\/api.w.org\/{rel}","templated":true}]}}