{"id":32741,"date":"2026-04-17T00:45:07","date_gmt":"2026-04-17T00:45:07","guid":{"rendered":"https:\/\/singuli.wpress.me\/index.php\/proizvod\/gillette-proglide-poklon-paket\/"},"modified":"2026-04-20T12:33:09","modified_gmt":"2026-04-20T12:33:09","slug":"gillette-proglide-poklon-paket","status":"publish","type":"product","link":"https:\/\/singuli.wpress.me\/index.php\/proizvod\/gillette-proglide-poklon-paket\/","title":{"rendered":"GILLETTE ProGlide, poklon paket"},"content":{"rendered":"<p>Poklonite mu mo\u0107an po\u010detak i impresivan zavr\u0161etak brijanja, odaberite darovni komplet Gillette ProGlide! Brija\u010d za mu\u0161karce Gillette ProGlide s tehnologijom FlexBall reagira na obrise lica, za beskompromisnu ugodnost i preciznost. Brija\u010d ima o\u0161trice postavljene blizu jedna drugoj za nevjerojatno ugodno brijanje, i precizni trimer sa stra\u017enje strane tako da se mo\u017eete zaista temeljito obrijati. Uz to, na brendiranom postolju va\u0161 \u0107e brija\u010d uvijek biti spreman za upotrebu.<\/p>\n<p>Paket sadr\u017ei: brija\u010d za mu\u0161karce, gel za brijanje Fusion Ultra Sensitive 200 ml, postolje za prija\u010d i putna torbica<\/p>\n","protected":false},"excerpt":{"rendered":"<p>Hvata doslovno svaku dla\u010dicu<br \/>\nO\u0161trice ProGlide su nevjerojatno tanke i imaju izuzetno o\u0161tre vrhove koje manje priti\u0161\u0107u ko\u017eu za nevjerojatnu temeljitost i ugodnost, a svaka se o\u0161trica mo\u017ee prilagoditi nepravilnostima ko\u017ee<br \/>\nIntuitivna dr\u0161ka FlexBall prilago\u0111ava se konturama lica, omogu\u0107uje profesionalnu preciznost i ugodno brijanje<\/p>\n","protected":false},"featured_media":32742,"template":"","meta":{"_seopress_robots_primary_cat":"","_seopress_titles_title":"","_seopress_titles_desc":"","_seopress_robots_index":"","iawp_total_views":0},"product_brand":[323],"product_cat":[261,277],"product_tag":[],"class_list":{"0":"post-32741","1":"product","2":"type-product","3":"status-publish","4":"has-post-thumbnail","6":"product_brand-gillette","7":"product_cat-hrana-i-pice","8":"product_cat-slatkisi-i-grickalice-261","10":"first","11":"outofstock","12":"shipping-taxable","13":"purchasable","14":"product-type-simple"},"_links":{"self":[{"href":"https:\/\/singuli.wpress.me\/index.php\/wp-json\/wp\/v2\/product\/32741","targetHints":{"allow":["GET"]}}],"collection":[{"href":"https:\/\/singuli.wpress.me\/index.php\/wp-json\/wp\/v2\/product"}],"about":[{"href":"https:\/\/singuli.wpress.me\/index.php\/wp-json\/wp\/v2\/types\/product"}],"version-history":[{"count":0,"href":"https:\/\/singuli.wpress.me\/index.php\/wp-json\/wp\/v2\/product\/32741\/revisions"}],"wp:featuredmedia":[{"embeddable":true,"href":"https:\/\/singuli.wpress.me\/index.php\/wp-json\/wp\/v2\/media\/32742"}],"wp:attachment":[{"href":"https:\/\/singuli.wpress.me\/index.php\/wp-json\/wp\/v2\/media?parent=32741"}],"wp:term":[{"taxonomy":"product_brand","embeddable":true,"href":"https:\/\/singuli.wpress.me\/index.php\/wp-json\/wp\/v2\/product_brand?post=32741"},{"taxonomy":"product_cat","embeddable":true,"href":"https:\/\/singuli.wpress.me\/index.php\/wp-json\/wp\/v2\/product_cat?post=32741"},{"taxonomy":"product_tag","embeddable":true,"href":"https:\/\/singuli.wpress.me\/index.php\/wp-json\/wp\/v2\/product_tag?post=32741"}],"curies":[{"name":"wp","href":"https:\/\/api.w.org\/{rel}","templated":true}]}}