{"id":32746,"date":"2026-04-17T00:45:09","date_gmt":"2026-04-17T00:45:09","guid":{"rendered":"https:\/\/singuli.wpress.me\/index.php\/proizvod\/gillette-blue3-poklon-paket\/"},"modified":"2026-04-21T00:26:38","modified_gmt":"2026-04-21T00:26:38","slug":"gillette-blue3-poklon-paket","status":"publish","type":"product","link":"https:\/\/singuli.wpress.me\/index.php\/proizvod\/gillette-blue3-poklon-paket\/","title":{"rendered":"GILLETTE Blue3, poklon paket"},"content":{"rendered":"<p>Poklonite mu glatko i temeljito brijanje, odaberite darovni komplet za mu\u0161karce s brija\u010dem Gillette Sensor3! <\/p>\n<p>Sadr\u017ei brija\u010d Sensor3, 3 zamjenskih britvice i pjena za brijanje Series Sensitive od 200 ml. Brija\u010d ima metalnu dr\u0161ku, tri individualno prilagodljive o\u0161trice, lubrikantnu trakicu i pokretljivu glavu. Gel za brijanje hidratizira tijekom brijanja i poma\u017ee za\u0161tititi ko\u017eu od iritacije.<\/p>\n","protected":false},"excerpt":{"rendered":"<p>Paket sadr\u017ei brija\u010d Blue3, 3 zamjenske britvice, pjena za brijanje Gillette Series Sensitive 75 ml<br \/>\nBrija\u010d ima o\u0161trice za osjetljivu ko\u017eu, lubrikantnu trakicu i mikrokrilca Skin Guard<br \/>\nZamjenska britvica ima lubrikantnu trakicu i mikrokrilca Skin Guard<\/p>\n","protected":false},"featured_media":32747,"template":"","meta":{"_seopress_robots_primary_cat":"","_seopress_titles_title":"","_seopress_titles_desc":"","_seopress_robots_index":"","iawp_total_views":0},"product_brand":[323],"product_cat":[261,277],"product_tag":[],"class_list":{"0":"post-32746","1":"product","2":"type-product","3":"status-publish","4":"has-post-thumbnail","6":"product_brand-gillette","7":"product_cat-hrana-i-pice","8":"product_cat-slatkisi-i-grickalice-261","10":"first","11":"outofstock","12":"shipping-taxable","13":"purchasable","14":"product-type-simple"},"_links":{"self":[{"href":"https:\/\/singuli.wpress.me\/index.php\/wp-json\/wp\/v2\/product\/32746","targetHints":{"allow":["GET"]}}],"collection":[{"href":"https:\/\/singuli.wpress.me\/index.php\/wp-json\/wp\/v2\/product"}],"about":[{"href":"https:\/\/singuli.wpress.me\/index.php\/wp-json\/wp\/v2\/types\/product"}],"version-history":[{"count":0,"href":"https:\/\/singuli.wpress.me\/index.php\/wp-json\/wp\/v2\/product\/32746\/revisions"}],"wp:featuredmedia":[{"embeddable":true,"href":"https:\/\/singuli.wpress.me\/index.php\/wp-json\/wp\/v2\/media\/32747"}],"wp:attachment":[{"href":"https:\/\/singuli.wpress.me\/index.php\/wp-json\/wp\/v2\/media?parent=32746"}],"wp:term":[{"taxonomy":"product_brand","embeddable":true,"href":"https:\/\/singuli.wpress.me\/index.php\/wp-json\/wp\/v2\/product_brand?post=32746"},{"taxonomy":"product_cat","embeddable":true,"href":"https:\/\/singuli.wpress.me\/index.php\/wp-json\/wp\/v2\/product_cat?post=32746"},{"taxonomy":"product_tag","embeddable":true,"href":"https:\/\/singuli.wpress.me\/index.php\/wp-json\/wp\/v2\/product_tag?post=32746"}],"curies":[{"name":"wp","href":"https:\/\/api.w.org\/{rel}","templated":true}]}}