{"id":32753,"date":"2026-04-17T00:45:28","date_gmt":"2026-04-17T00:45:28","guid":{"rendered":"https:\/\/singuli.wpress.me\/index.php\/proizvod\/sportex-kosarkaski-set\/"},"modified":"2026-04-21T00:26:38","modified_gmt":"2026-04-21T00:26:38","slug":"sportex-kosarkaski-set","status":"publish","type":"product","link":"https:\/\/singuli.wpress.me\/index.php\/proizvod\/sportex-kosarkaski-set\/","title":{"rendered":"SPORTEX, ko\u0161arka\u0161ki set"},"content":{"rendered":"<p>Pozovite svoje dijete u svijet ko\u0161arke s ovim zabavnim i jednostavnim SportX ko\u0161arka\u0161kim setom koji uklju\u010duje ko\u0161arka\u0161ki obru\u010d i loptu. <br \/>\nSet je dizajniran za djecu stariju od 3 godine, omogu\u0107uju\u0107i im da razviju svoje vje\u0161tine ga\u0111anja ko\u0161a i koordinacije ruku i o\u010diju. Obru\u010d je jednostavan za postavljanje i prilagodljiv za igru u razli\u010ditim prostorima, bilo u ku\u0107i ili na otvorenom. Ovaj set poti\u010de tjelesnu aktivnost, natjecateljski duh i ljubav prema sportu.<\/p>\n","protected":false},"excerpt":{"rendered":"<p>Jednostavan i prilagodljiv<br \/>\nJednostavan za postavljanje<br \/>\nDob: 3+ god<\/p>\n","protected":false},"featured_media":32754,"template":"","meta":{"_seopress_robots_primary_cat":"","_seopress_titles_title":"","_seopress_titles_desc":"","_seopress_robots_index":"","iawp_total_views":0},"product_brand":[392],"product_cat":[274,238],"product_tag":[],"class_list":{"0":"post-32753","1":"product","2":"type-product","3":"status-publish","4":"has-post-thumbnail","6":"product_brand-sportex","7":"product_cat-kucanski-pribor-238","8":"product_cat-sve-za-dom","10":"first","11":"instock","12":"shipping-taxable","13":"purchasable","14":"product-type-simple"},"_links":{"self":[{"href":"https:\/\/singuli.wpress.me\/index.php\/wp-json\/wp\/v2\/product\/32753","targetHints":{"allow":["GET"]}}],"collection":[{"href":"https:\/\/singuli.wpress.me\/index.php\/wp-json\/wp\/v2\/product"}],"about":[{"href":"https:\/\/singuli.wpress.me\/index.php\/wp-json\/wp\/v2\/types\/product"}],"version-history":[{"count":0,"href":"https:\/\/singuli.wpress.me\/index.php\/wp-json\/wp\/v2\/product\/32753\/revisions"}],"wp:featuredmedia":[{"embeddable":true,"href":"https:\/\/singuli.wpress.me\/index.php\/wp-json\/wp\/v2\/media\/32754"}],"wp:attachment":[{"href":"https:\/\/singuli.wpress.me\/index.php\/wp-json\/wp\/v2\/media?parent=32753"}],"wp:term":[{"taxonomy":"product_brand","embeddable":true,"href":"https:\/\/singuli.wpress.me\/index.php\/wp-json\/wp\/v2\/product_brand?post=32753"},{"taxonomy":"product_cat","embeddable":true,"href":"https:\/\/singuli.wpress.me\/index.php\/wp-json\/wp\/v2\/product_cat?post=32753"},{"taxonomy":"product_tag","embeddable":true,"href":"https:\/\/singuli.wpress.me\/index.php\/wp-json\/wp\/v2\/product_tag?post=32753"}],"curies":[{"name":"wp","href":"https:\/\/api.w.org\/{rel}","templated":true}]}}