{"id":32755,"date":"2026-04-17T00:45:29","date_gmt":"2026-04-17T00:45:29","guid":{"rendered":"https:\/\/singuli.wpress.me\/index.php\/proizvod\/sportex-boks-set\/"},"modified":"2026-04-21T00:26:38","modified_gmt":"2026-04-21T00:26:38","slug":"sportex-boks-set","status":"publish","type":"product","link":"https:\/\/singuli.wpress.me\/index.php\/proizvod\/sportex-boks-set\/","title":{"rendered":"SPORTEX, boks set"},"content":{"rendered":"<p><span style=\"font-weight: bold\">SportX boks set<\/span> je idealan po\u010detni set za djecu koja \u017eele nau\u010diti osnove boksa. Set uklju\u010duje boksa\u010dke rukavice i boksa\u010dku vre\u0107u na stalku, \u0161to omogu\u0107uje djeci da vje\u017ebaju svoje udarce i razvijaju koordinaciju i snagu. Proizvod je izra\u0111en od sigurnih i kvalitetnih materijala, a njegova veli\u010dina i te\u017eina prilago\u0111ene su djeci, \u0161to ga \u010dini savr\u0161enim za ku\u0107nu uporabu. Osim \u0161to pru\u017ea zabavu, ovaj set poma\u017ee djeci u razvijanju motori\u010dkih vje\u0161tina i poti\u010de aktivan na\u010din \u017eivota. Prikladan je za djecu od 3 godine i stariju.<\/p>\n","protected":false},"excerpt":{"rendered":"<p>Idealni po\u010detni set<br \/>\nRazvoj vje\u0161tina i aktivnosti<br \/>\nDob: 3+ god<\/p>\n","protected":false},"featured_media":32756,"template":"","meta":{"_seopress_robots_primary_cat":"","_seopress_titles_title":"","_seopress_titles_desc":"","_seopress_robots_index":"","iawp_total_views":0},"product_brand":[392],"product_cat":[274,238],"product_tag":[],"class_list":{"0":"post-32755","1":"product","2":"type-product","3":"status-publish","4":"has-post-thumbnail","6":"product_brand-sportex","7":"product_cat-kucanski-pribor-238","8":"product_cat-sve-za-dom","10":"first","11":"outofstock","12":"shipping-taxable","13":"purchasable","14":"product-type-simple"},"_links":{"self":[{"href":"https:\/\/singuli.wpress.me\/index.php\/wp-json\/wp\/v2\/product\/32755","targetHints":{"allow":["GET"]}}],"collection":[{"href":"https:\/\/singuli.wpress.me\/index.php\/wp-json\/wp\/v2\/product"}],"about":[{"href":"https:\/\/singuli.wpress.me\/index.php\/wp-json\/wp\/v2\/types\/product"}],"version-history":[{"count":0,"href":"https:\/\/singuli.wpress.me\/index.php\/wp-json\/wp\/v2\/product\/32755\/revisions"}],"wp:featuredmedia":[{"embeddable":true,"href":"https:\/\/singuli.wpress.me\/index.php\/wp-json\/wp\/v2\/media\/32756"}],"wp:attachment":[{"href":"https:\/\/singuli.wpress.me\/index.php\/wp-json\/wp\/v2\/media?parent=32755"}],"wp:term":[{"taxonomy":"product_brand","embeddable":true,"href":"https:\/\/singuli.wpress.me\/index.php\/wp-json\/wp\/v2\/product_brand?post=32755"},{"taxonomy":"product_cat","embeddable":true,"href":"https:\/\/singuli.wpress.me\/index.php\/wp-json\/wp\/v2\/product_cat?post=32755"},{"taxonomy":"product_tag","embeddable":true,"href":"https:\/\/singuli.wpress.me\/index.php\/wp-json\/wp\/v2\/product_tag?post=32755"}],"curies":[{"name":"wp","href":"https:\/\/api.w.org\/{rel}","templated":true}]}}