{"id":32757,"date":"2026-04-17T00:45:30","date_gmt":"2026-04-17T00:45:30","guid":{"rendered":"https:\/\/singuli.wpress.me\/index.php\/proizvod\/sportex-strelicarski-set\/"},"modified":"2026-04-20T12:33:09","modified_gmt":"2026-04-20T12:33:09","slug":"sportex-strelicarski-set","status":"publish","type":"product","link":"https:\/\/singuli.wpress.me\/index.php\/proizvod\/sportex-strelicarski-set\/","title":{"rendered":"SPORTEX, streli\u010darski set"},"content":{"rendered":"<p>Otkrijte uzbu\u0111enje streli\u010darstva s ovim interaktivnim <span style=\"font-weight: bold\">SportX streli\u010darskim setom<\/span> koji sadr\u017ei luk, strijele i metu. <br \/>\nSet je idealan za djecu koja \u017eele razviti svoju preciznost i koncentraciju kroz igru. Sadr\u017ei svjetlosne efekte koji dodatno poja\u010davaju do\u017eivljaj igre, \u010dine\u0107i svaki pogodak posebnim. Prikladno za igru na otvorenom i u zatvorenom prostoru, ovaj set je siguran za upotrebu i pru\u017ea beskrajnu zabavu. <br \/>\nPreporu\u010duje se za djecu stariju od 3 godine.<\/p>\n","protected":false},"excerpt":{"rendered":"<p>Svjetlosni efekti za dodatnu zabavu<br \/>\nPrikladan za igru na otvorenom i u zatvorenom prostoru<br \/>\nDob: 3+ god<\/p>\n","protected":false},"featured_media":32758,"template":"","meta":{"_seopress_robots_primary_cat":"","_seopress_titles_title":"","_seopress_titles_desc":"","_seopress_robots_index":"","iawp_total_views":0},"product_brand":[392],"product_cat":[274,238],"product_tag":[],"class_list":{"0":"post-32757","1":"product","2":"type-product","3":"status-publish","4":"has-post-thumbnail","6":"product_brand-sportex","7":"product_cat-kucanski-pribor-238","8":"product_cat-sve-za-dom","10":"first","11":"instock","12":"shipping-taxable","13":"purchasable","14":"product-type-simple"},"_links":{"self":[{"href":"https:\/\/singuli.wpress.me\/index.php\/wp-json\/wp\/v2\/product\/32757","targetHints":{"allow":["GET"]}}],"collection":[{"href":"https:\/\/singuli.wpress.me\/index.php\/wp-json\/wp\/v2\/product"}],"about":[{"href":"https:\/\/singuli.wpress.me\/index.php\/wp-json\/wp\/v2\/types\/product"}],"version-history":[{"count":0,"href":"https:\/\/singuli.wpress.me\/index.php\/wp-json\/wp\/v2\/product\/32757\/revisions"}],"wp:featuredmedia":[{"embeddable":true,"href":"https:\/\/singuli.wpress.me\/index.php\/wp-json\/wp\/v2\/media\/32758"}],"wp:attachment":[{"href":"https:\/\/singuli.wpress.me\/index.php\/wp-json\/wp\/v2\/media?parent=32757"}],"wp:term":[{"taxonomy":"product_brand","embeddable":true,"href":"https:\/\/singuli.wpress.me\/index.php\/wp-json\/wp\/v2\/product_brand?post=32757"},{"taxonomy":"product_cat","embeddable":true,"href":"https:\/\/singuli.wpress.me\/index.php\/wp-json\/wp\/v2\/product_cat?post=32757"},{"taxonomy":"product_tag","embeddable":true,"href":"https:\/\/singuli.wpress.me\/index.php\/wp-json\/wp\/v2\/product_tag?post=32757"}],"curies":[{"name":"wp","href":"https:\/\/api.w.org\/{rel}","templated":true}]}}