{"id":32759,"date":"2026-04-17T00:45:31","date_gmt":"2026-04-17T00:45:31","guid":{"rendered":"https:\/\/singuli.wpress.me\/index.php\/proizvod\/sportex-2u1-nogometni-gol\/"},"modified":"2026-04-20T12:33:09","modified_gmt":"2026-04-20T12:33:09","slug":"sportex-2u1-nogometni-gol","status":"publish","type":"product","link":"https:\/\/singuli.wpress.me\/index.php\/proizvod\/sportex-2u1-nogometni-gol\/","title":{"rendered":"SPORTEX, 2u1 nogometni gol"},"content":{"rendered":"<p>Dopustite svom djetetu da osjeti uzbu\u0111enje nogometne igre s ovim kompletnim setom za nogomet SportX 2u1 nogometni gol. <br \/>\nSet uklju\u010duje prijenosne golove koji su jednostavni za monta\u017eu i savr\u0161eni za igru na otvorenom. Dizajniran je za djecu uzrasta od 3 godine i stariju, omogu\u0107avaju\u0107i im razvoj motori\u010dkih vje\u0161tina, timskog duha i ljubavi prema sportu. Uz atraktivan dizajn i lako postavljanje, ovaj set pru\u017ea sate zabave i fizi\u010dke aktivnosti.<\/p>\n","protected":false},"excerpt":{"rendered":"<p>Razvoj vje\u0161tina i timskog duha<br \/>\nPru\u017ea sate zabave i fizi\u010dke aktivnosti<br \/>\nDob: 3+ god<\/p>\n","protected":false},"featured_media":32760,"template":"","meta":{"_seopress_robots_primary_cat":"","_seopress_titles_title":"","_seopress_titles_desc":"","_seopress_robots_index":"","iawp_total_views":0},"product_brand":[392],"product_cat":[274,238],"product_tag":[],"class_list":{"0":"post-32759","1":"product","2":"type-product","3":"status-publish","4":"has-post-thumbnail","6":"product_brand-sportex","7":"product_cat-kucanski-pribor-238","8":"product_cat-sve-za-dom","10":"first","11":"outofstock","12":"shipping-taxable","13":"purchasable","14":"product-type-simple"},"_links":{"self":[{"href":"https:\/\/singuli.wpress.me\/index.php\/wp-json\/wp\/v2\/product\/32759","targetHints":{"allow":["GET"]}}],"collection":[{"href":"https:\/\/singuli.wpress.me\/index.php\/wp-json\/wp\/v2\/product"}],"about":[{"href":"https:\/\/singuli.wpress.me\/index.php\/wp-json\/wp\/v2\/types\/product"}],"version-history":[{"count":0,"href":"https:\/\/singuli.wpress.me\/index.php\/wp-json\/wp\/v2\/product\/32759\/revisions"}],"wp:featuredmedia":[{"embeddable":true,"href":"https:\/\/singuli.wpress.me\/index.php\/wp-json\/wp\/v2\/media\/32760"}],"wp:attachment":[{"href":"https:\/\/singuli.wpress.me\/index.php\/wp-json\/wp\/v2\/media?parent=32759"}],"wp:term":[{"taxonomy":"product_brand","embeddable":true,"href":"https:\/\/singuli.wpress.me\/index.php\/wp-json\/wp\/v2\/product_brand?post=32759"},{"taxonomy":"product_cat","embeddable":true,"href":"https:\/\/singuli.wpress.me\/index.php\/wp-json\/wp\/v2\/product_cat?post=32759"},{"taxonomy":"product_tag","embeddable":true,"href":"https:\/\/singuli.wpress.me\/index.php\/wp-json\/wp\/v2\/product_tag?post=32759"}],"curies":[{"name":"wp","href":"https:\/\/api.w.org\/{rel}","templated":true}]}}