{"id":32764,"date":"2026-04-17T00:45:32","date_gmt":"2026-04-17T00:45:32","guid":{"rendered":"https:\/\/singuli.wpress.me\/index.php\/proizvod\/tellus-s2-va-46-hidraulicko-ulje-1000-l\/"},"modified":"2026-04-20T12:33:09","modified_gmt":"2026-04-20T12:33:09","slug":"tellus-s2-va-46-hidraulicko-ulje-1000-l","status":"publish","type":"product","link":"https:\/\/singuli.wpress.me\/index.php\/proizvod\/tellus-s2-va-46-hidraulicko-ulje-1000-l\/","title":{"rendered":"TELLUS S2 VA 46, hidrauli\u010dko ulje, 1000\u00a0l"},"content":{"rendered":"<p>Deterd\u017eentno hidrauli\u010dko ulje visokih performansi za kori\u0161tenje u sustavima gdje se tra\u017ei emulgiraju\u0107e ulje. Provjerena tehnologija za\u0161tite od tro\u0161enja na bazi cinka pru\u017ea sigurne performanse u gra\u0111evinskim i drugim mobilnim aplikacijama gdje je kontrola kontaminata poput vode i krutih \u010destica vrlo va\u017ena karakteristika u kombinaciji sa \u0161irokim spektrom radnih temperatura. Provjereni deterd\u017eenti i tehnologije za\u0161tite od tro\u0161enja pru\u017eaju dodatnu za\u0161titu stroja zbog sprje\u010davanja akumulacije vode, disperzije krutih kontaminata, sprje\u010davanje korozije u prisutnosti vode, omogu\u0107avanja niskog koeficijenta trenja i manjeg tro\u0161enja stroja. Dodatno, visok indeks viskoziteta baznog ulja osigurava dodatnu za\u0161titu i performanse pri hladnom startu i te\u0161kim uvjetima rada.<\/p>\n<p>Specifikacija: DIN 51524-3 (HVLP teku\u0107ine), ISO 11158 (HV teku\u0107ine), ASTM D6158 (HV teku\u0107ine), Bosch Rexroth RD 90220-01 (2011), ISO 32-68. Udovoljava DIN i ISO specifikacijama.<\/p>\n","protected":false},"excerpt":{"rendered":"<p>Deterd\u017eentno hidrauli\u010dko ulje visokih performansi<br \/>\nKori\u0161tenje u sustavima gdje se tra\u017ei emulgiraju\u0107e ulje<br \/>\nProvjerena tehnologija za\u0161tite od tro\u0161enja na bazi cinka<\/p>\n","protected":false},"featured_media":32765,"template":"","meta":{"_seopress_robots_primary_cat":"","_seopress_titles_title":"","_seopress_titles_desc":"","_seopress_robots_index":"","iawp_total_views":0},"product_brand":[414],"product_cat":[243,276],"product_tag":[],"class_list":{"0":"post-32764","1":"product","2":"type-product","3":"status-publish","4":"has-post-thumbnail","6":"product_brand-tellus","7":"product_cat-automobili-i-motori","8":"product_cat-industrijska-i-specijalna-ulja-243","10":"first","11":"outofstock","12":"shipping-taxable","13":"purchasable","14":"product-type-simple"},"_links":{"self":[{"href":"https:\/\/singuli.wpress.me\/index.php\/wp-json\/wp\/v2\/product\/32764","targetHints":{"allow":["GET"]}}],"collection":[{"href":"https:\/\/singuli.wpress.me\/index.php\/wp-json\/wp\/v2\/product"}],"about":[{"href":"https:\/\/singuli.wpress.me\/index.php\/wp-json\/wp\/v2\/types\/product"}],"version-history":[{"count":0,"href":"https:\/\/singuli.wpress.me\/index.php\/wp-json\/wp\/v2\/product\/32764\/revisions"}],"wp:featuredmedia":[{"embeddable":true,"href":"https:\/\/singuli.wpress.me\/index.php\/wp-json\/wp\/v2\/media\/32765"}],"wp:attachment":[{"href":"https:\/\/singuli.wpress.me\/index.php\/wp-json\/wp\/v2\/media?parent=32764"}],"wp:term":[{"taxonomy":"product_brand","embeddable":true,"href":"https:\/\/singuli.wpress.me\/index.php\/wp-json\/wp\/v2\/product_brand?post=32764"},{"taxonomy":"product_cat","embeddable":true,"href":"https:\/\/singuli.wpress.me\/index.php\/wp-json\/wp\/v2\/product_cat?post=32764"},{"taxonomy":"product_tag","embeddable":true,"href":"https:\/\/singuli.wpress.me\/index.php\/wp-json\/wp\/v2\/product_tag?post=32764"}],"curies":[{"name":"wp","href":"https:\/\/api.w.org\/{rel}","templated":true}]}}