{"id":32773,"date":"2026-04-17T00:45:40","date_gmt":"2026-04-17T00:45:40","guid":{"rendered":"https:\/\/singuli.wpress.me\/index.php\/proizvod\/glade-automatski-osvjezivac-zraka-warm-apple-pietm-269-ml\/"},"modified":"2026-04-20T12:33:09","modified_gmt":"2026-04-20T12:33:09","slug":"glade-automatski-osvjezivac-zraka-warm-apple-pietm-269-ml","status":"publish","type":"product","link":"https:\/\/singuli.wpress.me\/index.php\/proizvod\/glade-automatski-osvjezivac-zraka-warm-apple-pietm-269-ml\/","title":{"rendered":"GLADE, automatski osvje\u017eiva\u010d zraka, Warm Apple PieTM, 269\u00a0ml"},"content":{"rendered":"<p>Glade\u00ae Automatski osvje\u017eiva\u010d zraka pru\u017ea pouzdanu svje\u017einu u svakoj prostoriji do 60 dana.<br \/>\nPakiranje sadr\u017ei: 1 automatski osvje\u017eiva\u010d zraka, 2AA baterije i 1 punjenje<br \/>\nProbudi svoja osjetila i obogati svoj prostor srda\u010dnom esencijom svje\u017eih jabuka, mije\u0161anih zimskih bobica i ugodnih za\u010dina klin\u010di\u0107a, cimeta i mu\u0161katnog ora\u0161\u010di\u0107a.<\/p>\n<p>Na\u010din primjene:<br \/>\nPostavke timera: Odaberite jednu od tri postavke vremena kako biste odabrali u\u010destalost ispu\u0161tanja mirisa: svakih 9, 18, 36 minuta.<br \/>\nPritisnite gumb na pole\u0111ini za da\u0161ak svje\u017eine.<br \/>\nIspu\u0161taju\u0107i miris svakih 36 minuta traje do 60 dana. <br \/>\nPravilno umetnite baterije (+\/-). Koristite samo AA baterije.<br \/>\nOtvor osvje\u017eiva\u010da u svakom trenutku dr\u017eite usmjeren od lica. <\/p>\n","protected":false},"excerpt":{"rendered":"<p>Pru\u017ea pouzdanu svje\u017einu u svakoj prostoriji do 60 dana<br \/>\nMirisne note svje\u017eih jabuka i zimskih za\u010dina<\/p>\n","protected":false},"featured_media":32774,"template":"","meta":{"_seopress_robots_primary_cat":"","_seopress_titles_title":"","_seopress_titles_desc":"","_seopress_robots_index":"","iawp_total_views":0},"product_brand":[405],"product_cat":[243,272],"product_tag":[],"class_list":{"0":"post-32773","1":"product","2":"type-product","3":"status-publish","4":"has-post-thumbnail","6":"product_brand-glade","7":"product_cat-automobili-i-motori","8":"product_cat-motorna-ulja-243","10":"first","11":"outofstock","12":"shipping-taxable","13":"purchasable","14":"product-type-simple"},"_links":{"self":[{"href":"https:\/\/singuli.wpress.me\/index.php\/wp-json\/wp\/v2\/product\/32773","targetHints":{"allow":["GET"]}}],"collection":[{"href":"https:\/\/singuli.wpress.me\/index.php\/wp-json\/wp\/v2\/product"}],"about":[{"href":"https:\/\/singuli.wpress.me\/index.php\/wp-json\/wp\/v2\/types\/product"}],"version-history":[{"count":0,"href":"https:\/\/singuli.wpress.me\/index.php\/wp-json\/wp\/v2\/product\/32773\/revisions"}],"wp:featuredmedia":[{"embeddable":true,"href":"https:\/\/singuli.wpress.me\/index.php\/wp-json\/wp\/v2\/media\/32774"}],"wp:attachment":[{"href":"https:\/\/singuli.wpress.me\/index.php\/wp-json\/wp\/v2\/media?parent=32773"}],"wp:term":[{"taxonomy":"product_brand","embeddable":true,"href":"https:\/\/singuli.wpress.me\/index.php\/wp-json\/wp\/v2\/product_brand?post=32773"},{"taxonomy":"product_cat","embeddable":true,"href":"https:\/\/singuli.wpress.me\/index.php\/wp-json\/wp\/v2\/product_cat?post=32773"},{"taxonomy":"product_tag","embeddable":true,"href":"https:\/\/singuli.wpress.me\/index.php\/wp-json\/wp\/v2\/product_tag?post=32773"}],"curies":[{"name":"wp","href":"https:\/\/api.w.org\/{rel}","templated":true}]}}