{"id":32781,"date":"2026-04-17T00:45:44","date_gmt":"2026-04-17T00:45:44","guid":{"rendered":"https:\/\/singuli.wpress.me\/index.php\/proizvod\/glade-mirisna-svijeca-warm-apple-pietm-204-g\/"},"modified":"2026-04-21T00:26:38","modified_gmt":"2026-04-21T00:26:38","slug":"glade-mirisna-svijeca-warm-apple-pietm-204-g","status":"publish","type":"product","link":"https:\/\/singuli.wpress.me\/index.php\/proizvod\/glade-mirisna-svijeca-warm-apple-pietm-204-g\/","title":{"rendered":"GLADE, mirisna svije\u0107a, Warm Apple PieTM, 204\u00a0g"},"content":{"rendered":"<p>Glade\u00ae Mirisna svije\u0107a pru\u017ea ugodan miris oboga\u0107en esencijalnim uljima koji ispunjava cijelu prostoriju. <br \/>\nObasjajte trenutke koji vrijede. Probudi svoja osjetila i obogati svoj prostor srda\u010dnom esencijom svje\u017eih jabuka, mije\u0161anih zimskih bobica i ugodnih za\u010dina klin\u010di\u0107a, cimeta i mu\u0161katnog ora\u0161\u010di\u0107a.<\/p>\n","protected":false},"excerpt":{"rendered":"<p>Mirisna svije\u0107a pru\u017ea ugodan miris<br \/>\nMiris oboga\u0107en esencijalnim uljima<br \/>\nMirisne note svje\u017eih jabuka i zimskih za\u010dina<\/p>\n","protected":false},"featured_media":32782,"template":"","meta":{"_seopress_robots_primary_cat":"","_seopress_titles_title":"","_seopress_titles_desc":"","_seopress_robots_index":"","iawp_total_views":0},"product_brand":[405],"product_cat":[294,238],"product_tag":[],"class_list":{"0":"post-32781","1":"product","2":"type-product","3":"status-publish","4":"has-post-thumbnail","6":"product_brand-glade","7":"product_cat-osvjezivaci-zraka-238","8":"product_cat-sve-za-dom","10":"first","11":"outofstock","12":"shipping-taxable","13":"purchasable","14":"product-type-simple"},"_links":{"self":[{"href":"https:\/\/singuli.wpress.me\/index.php\/wp-json\/wp\/v2\/product\/32781","targetHints":{"allow":["GET"]}}],"collection":[{"href":"https:\/\/singuli.wpress.me\/index.php\/wp-json\/wp\/v2\/product"}],"about":[{"href":"https:\/\/singuli.wpress.me\/index.php\/wp-json\/wp\/v2\/types\/product"}],"version-history":[{"count":0,"href":"https:\/\/singuli.wpress.me\/index.php\/wp-json\/wp\/v2\/product\/32781\/revisions"}],"wp:featuredmedia":[{"embeddable":true,"href":"https:\/\/singuli.wpress.me\/index.php\/wp-json\/wp\/v2\/media\/32782"}],"wp:attachment":[{"href":"https:\/\/singuli.wpress.me\/index.php\/wp-json\/wp\/v2\/media?parent=32781"}],"wp:term":[{"taxonomy":"product_brand","embeddable":true,"href":"https:\/\/singuli.wpress.me\/index.php\/wp-json\/wp\/v2\/product_brand?post=32781"},{"taxonomy":"product_cat","embeddable":true,"href":"https:\/\/singuli.wpress.me\/index.php\/wp-json\/wp\/v2\/product_cat?post=32781"},{"taxonomy":"product_tag","embeddable":true,"href":"https:\/\/singuli.wpress.me\/index.php\/wp-json\/wp\/v2\/product_tag?post=32781"}],"curies":[{"name":"wp","href":"https:\/\/api.w.org\/{rel}","templated":true}]}}