{"id":32785,"date":"2026-04-17T00:45:46","date_gmt":"2026-04-17T00:45:46","guid":{"rendered":"https:\/\/singuli.wpress.me\/index.php\/proizvod\/pringles-cips-hot-sour-cream-160-g\/"},"modified":"2026-04-21T00:26:38","modified_gmt":"2026-04-21T00:26:38","slug":"pringles-cips-hot-sour-cream-160-g","status":"publish","type":"product","link":"https:\/\/singuli.wpress.me\/index.php\/proizvod\/pringles-cips-hot-sour-cream-160-g\/","title":{"rendered":"PRINGLES, \u010dips, HOT Sour Cream, 160\u00a0g"},"content":{"rendered":"<p>U\u017eivajte u jedinstvenom okusu Pringles Hot Sour Cream! Spoj hrskavog \u010dipsa, pikantnog kiselog vrhnja i lagane ljutine stvara savr\u0161en balans okusa. Svaki zalogaj donosi kremastu, bogatu aromu uz za\u010dinski udar koji budi sva \u010dula. Prakti\u010dno pakiranje od 160g omogu\u0107ava u\u017eivanje u omiljenoj grickalici bilo kada i bilo gdje. Pringles Hot Sour Cream \u2013 za one koji tra\u017ee kremasti okus s dozom pikantnosti!<br \/>\nOsjeti vatru u svakom zalogaju!  &#8211; nova HOT linija Pringlesa je za one koji se ne boje za\u010dina.  <br \/>\nNeka te hrskavi zalogaji povedu na pikantno putovanje!<br \/>\nHOT Pringles je stigao da ti zagrije dan!<\/p>\n","protected":false},"excerpt":{"rendered":"<p>Spoj kiselog vrhnja i pikantnosti<br \/>\nPrepoznatljivi Pringles oblik koji garantira ravnomjernu hrskavost u svakom zalogaju<br \/>\nPrakti\u010dno pakiranje<\/p>\n","protected":false},"featured_media":32786,"template":"","meta":{"_seopress_robots_primary_cat":"","_seopress_titles_title":"","_seopress_titles_desc":"","_seopress_robots_index":"","iawp_total_views":0},"product_brand":[462],"product_cat":[261,277],"product_tag":[],"class_list":{"0":"post-32785","1":"product","2":"type-product","3":"status-publish","4":"has-post-thumbnail","6":"product_brand-pringles","7":"product_cat-hrana-i-pice","8":"product_cat-slatkisi-i-grickalice-261","10":"first","11":"outofstock","12":"shipping-taxable","13":"purchasable","14":"product-type-simple"},"_links":{"self":[{"href":"https:\/\/singuli.wpress.me\/index.php\/wp-json\/wp\/v2\/product\/32785","targetHints":{"allow":["GET"]}}],"collection":[{"href":"https:\/\/singuli.wpress.me\/index.php\/wp-json\/wp\/v2\/product"}],"about":[{"href":"https:\/\/singuli.wpress.me\/index.php\/wp-json\/wp\/v2\/types\/product"}],"version-history":[{"count":0,"href":"https:\/\/singuli.wpress.me\/index.php\/wp-json\/wp\/v2\/product\/32785\/revisions"}],"wp:featuredmedia":[{"embeddable":true,"href":"https:\/\/singuli.wpress.me\/index.php\/wp-json\/wp\/v2\/media\/32786"}],"wp:attachment":[{"href":"https:\/\/singuli.wpress.me\/index.php\/wp-json\/wp\/v2\/media?parent=32785"}],"wp:term":[{"taxonomy":"product_brand","embeddable":true,"href":"https:\/\/singuli.wpress.me\/index.php\/wp-json\/wp\/v2\/product_brand?post=32785"},{"taxonomy":"product_cat","embeddable":true,"href":"https:\/\/singuli.wpress.me\/index.php\/wp-json\/wp\/v2\/product_cat?post=32785"},{"taxonomy":"product_tag","embeddable":true,"href":"https:\/\/singuli.wpress.me\/index.php\/wp-json\/wp\/v2\/product_tag?post=32785"}],"curies":[{"name":"wp","href":"https:\/\/api.w.org\/{rel}","templated":true}]}}