{"id":32787,"date":"2026-04-17T00:45:48","date_gmt":"2026-04-17T00:45:48","guid":{"rendered":"https:\/\/singuli.wpress.me\/index.php\/proizvod\/pringles-cips-hot-chilli-lime-160-g\/"},"modified":"2026-04-20T12:33:09","modified_gmt":"2026-04-20T12:33:09","slug":"pringles-cips-hot-chilli-lime-160-g","status":"publish","type":"product","link":"https:\/\/singuli.wpress.me\/index.php\/proizvod\/pringles-cips-hot-chilli-lime-160-g\/","title":{"rendered":"PRINGLES, \u010dips, HOT Chilli &amp; Lime, 160\u00a0g"},"content":{"rendered":"<p>Pripremite se za vatromet okusa s Pringles Hot Chilli &amp; Lime! Savr\u0161eno hrskavi \u010dips oboga\u0107en uzbudljivom kombinacijom ljutog \u010dilija i osvje\u017eavaju\u0107e limete. Svaki zalogaj donosi eksploziju za\u010dina i citrusa, stvaraju\u0107i neodoljivu ravnote\u017eu pikantnosti i svje\u017eine. Uz prakti\u010dno pakiranje od 160g, ovaj snack je idealan za dijeljenje ili u\u017eivanje u bilo kojem trenutku. Pringles Hot Chilli &amp; Lime \u2013 grickalica za sve koji tra\u017ee avanturu u svakom zalogaju! <br \/>\nOsjeti vatru u svakom zalogaju!  &#8211; nova HOT linija Pringlesa je za one koji se ne boje za\u010dina. <br \/>\nNeka te hrskavi zalogaji povedu na pikantno putovanje!<br \/>\nHOT Pringles je stigao da ti zagrije dan!<\/p>\n","protected":false},"excerpt":{"rendered":"<p>Kombinacija ljutog \u010dilija i osvje\u017eavaju\u0107e limete<br \/>\nPrepoznatljivi Pringles oblik koji garantira ravnomjernu hrskavost u svakom zalogaju<br \/>\nPrakti\u010dno pakiranje<\/p>\n","protected":false},"featured_media":32788,"template":"","meta":{"_seopress_robots_primary_cat":"","_seopress_titles_title":"","_seopress_titles_desc":"","_seopress_robots_index":"","iawp_total_views":0},"product_brand":[462],"product_cat":[261,277],"product_tag":[],"class_list":{"0":"post-32787","1":"product","2":"type-product","3":"status-publish","4":"has-post-thumbnail","6":"product_brand-pringles","7":"product_cat-hrana-i-pice","8":"product_cat-slatkisi-i-grickalice-261","10":"first","11":"instock","12":"shipping-taxable","13":"purchasable","14":"product-type-simple"},"_links":{"self":[{"href":"https:\/\/singuli.wpress.me\/index.php\/wp-json\/wp\/v2\/product\/32787","targetHints":{"allow":["GET"]}}],"collection":[{"href":"https:\/\/singuli.wpress.me\/index.php\/wp-json\/wp\/v2\/product"}],"about":[{"href":"https:\/\/singuli.wpress.me\/index.php\/wp-json\/wp\/v2\/types\/product"}],"version-history":[{"count":0,"href":"https:\/\/singuli.wpress.me\/index.php\/wp-json\/wp\/v2\/product\/32787\/revisions"}],"wp:featuredmedia":[{"embeddable":true,"href":"https:\/\/singuli.wpress.me\/index.php\/wp-json\/wp\/v2\/media\/32788"}],"wp:attachment":[{"href":"https:\/\/singuli.wpress.me\/index.php\/wp-json\/wp\/v2\/media?parent=32787"}],"wp:term":[{"taxonomy":"product_brand","embeddable":true,"href":"https:\/\/singuli.wpress.me\/index.php\/wp-json\/wp\/v2\/product_brand?post=32787"},{"taxonomy":"product_cat","embeddable":true,"href":"https:\/\/singuli.wpress.me\/index.php\/wp-json\/wp\/v2\/product_cat?post=32787"},{"taxonomy":"product_tag","embeddable":true,"href":"https:\/\/singuli.wpress.me\/index.php\/wp-json\/wp\/v2\/product_tag?post=32787"}],"curies":[{"name":"wp","href":"https:\/\/api.w.org\/{rel}","templated":true}]}}