{"id":32789,"date":"2026-04-17T00:45:52","date_gmt":"2026-04-17T00:45:52","guid":{"rendered":"https:\/\/singuli.wpress.me\/index.php\/proizvod\/glade-aromatherapy-moment-of-zen-mirisna-svijeca-lavandin-i-sandalovina-170-g\/"},"modified":"2026-04-20T12:33:09","modified_gmt":"2026-04-20T12:33:09","slug":"glade-aromatherapy-moment-of-zen-mirisna-svijeca-lavandin-i-sandalovina-170-g","status":"publish","type":"product","link":"https:\/\/singuli.wpress.me\/index.php\/proizvod\/glade-aromatherapy-moment-of-zen-mirisna-svijeca-lavandin-i-sandalovina-170-g\/","title":{"rendered":"GLADE Aromatherapy Moment of Zen, mirisna svije\u0107a, lavandin i sandalovina, 170\u00a0g"},"content":{"rendered":"<p>Moment of Zen svije\u0107a &#8211; Glade\u00ae Mirisna svije\u0107a pru\u017ea ugodan miris oboga\u0107en dvostrukom mje\u0161avinom premium esencijalnih ulja koji ispunjavaju cijelu prostoriju. Prona\u0111ite mir i opustite se uz umiruju\u0107u mje\u0161avinu biljnog francuskog lavandina i kremaste australske sandalovine.<br \/>\nOva formula ne sadr\u017ei parabene, ftalate, nitro mo\u0161us, boje ili umjetna bojila. <\/p>\n<p>Staklena posuda i metalni poklopac mogu se reciklirati.<\/p>\n","protected":false},"excerpt":{"rendered":"<p>Mirisna svije\u0107a oboga\u0107ena dvostrukom mje\u0161avinom esencijalnih ulja<br \/>\nNapravljena od voska na biljnoj bazi<br \/>\nNe sadr\u017ei parabene, ftalate, nitro mo\u0161us i umjetna bojila<\/p>\n","protected":false},"featured_media":32790,"template":"","meta":{"_seopress_robots_primary_cat":"","_seopress_titles_title":"","_seopress_titles_desc":"","_seopress_robots_index":"","iawp_total_views":0},"product_brand":[405],"product_cat":[294,238],"product_tag":[],"class_list":{"0":"post-32789","1":"product","2":"type-product","3":"status-publish","4":"has-post-thumbnail","6":"product_brand-glade","7":"product_cat-osvjezivaci-zraka-238","8":"product_cat-sve-za-dom","10":"first","11":"instock","12":"shipping-taxable","13":"purchasable","14":"product-type-simple"},"_links":{"self":[{"href":"https:\/\/singuli.wpress.me\/index.php\/wp-json\/wp\/v2\/product\/32789","targetHints":{"allow":["GET"]}}],"collection":[{"href":"https:\/\/singuli.wpress.me\/index.php\/wp-json\/wp\/v2\/product"}],"about":[{"href":"https:\/\/singuli.wpress.me\/index.php\/wp-json\/wp\/v2\/types\/product"}],"version-history":[{"count":0,"href":"https:\/\/singuli.wpress.me\/index.php\/wp-json\/wp\/v2\/product\/32789\/revisions"}],"wp:featuredmedia":[{"embeddable":true,"href":"https:\/\/singuli.wpress.me\/index.php\/wp-json\/wp\/v2\/media\/32790"}],"wp:attachment":[{"href":"https:\/\/singuli.wpress.me\/index.php\/wp-json\/wp\/v2\/media?parent=32789"}],"wp:term":[{"taxonomy":"product_brand","embeddable":true,"href":"https:\/\/singuli.wpress.me\/index.php\/wp-json\/wp\/v2\/product_brand?post=32789"},{"taxonomy":"product_cat","embeddable":true,"href":"https:\/\/singuli.wpress.me\/index.php\/wp-json\/wp\/v2\/product_cat?post=32789"},{"taxonomy":"product_tag","embeddable":true,"href":"https:\/\/singuli.wpress.me\/index.php\/wp-json\/wp\/v2\/product_tag?post=32789"}],"curies":[{"name":"wp","href":"https:\/\/api.w.org\/{rel}","templated":true}]}}