{"id":32793,"date":"2026-04-17T00:45:58","date_gmt":"2026-04-17T00:45:58","guid":{"rendered":"https:\/\/singuli.wpress.me\/index.php\/proizvod\/herbal-essences-rose-petal-soft-poklon-paket\/"},"modified":"2026-04-20T12:33:09","modified_gmt":"2026-04-20T12:33:09","slug":"herbal-essences-rose-petal-soft-poklon-paket","status":"publish","type":"product","link":"https:\/\/singuli.wpress.me\/index.php\/proizvod\/herbal-essences-rose-petal-soft-poklon-paket\/","title":{"rendered":"HERBAL ESSENCES Rose Petal Soft, poklon paket"},"content":{"rendered":"<p>Otkrijte <span style=\"font-weight: bold\">set Herbal Essences s proizvodima Rose Petal Soft<\/span> koji \u0107e vam pomo\u0107i posti\u0107i svilenkastu meko\u0107u. Na\u0161a formula temeljena na pa\u017eljivo odabranim prirodnim sastojcima ispunit \u0107e va\u0161u kupaonicu hranjivom snagom biljaka i probuditi va\u0161a osjetila.<\/p>\n<p>Paket sadr\u017ei: \u0161ampon za kosu 350ml + regenerator 250ml + maska 300ml<\/p>\n<p>Na\u010din primjene:<br \/>\n\u0160ampon: Obilno nanesite, zapjenite i isperite. Nastavite s balzamom za kosu. <br \/>\nBalzam: Za\u0161to ne biste PRESKO\u010cILI ispiranje? Mo\u017eete ga isprati ili ostaviti na kosi. Prilagodite koli\u010dinu ovisno o potrebi. <br \/>\nMaska: Za dubinsku njegu nanesite na mokru kosu, ostavite pet minuta i isperite.<\/p>\n","protected":false},"excerpt":{"rendered":"<p>Paket sadr\u017ei \u0161ampon za kosu 350ml, regenerator 250ml i masku 300ml<br \/>\nPrirodno podi\u017ee raspolo\u017eenje uz bogatu pjenu<br \/>\nKosa mekana poput latica<\/p>\n","protected":false},"featured_media":32794,"template":"","meta":{"_seopress_robots_primary_cat":"","_seopress_titles_title":"","_seopress_titles_desc":"","_seopress_robots_index":"","iawp_total_views":0},"product_brand":[483],"product_cat":[261,277],"product_tag":[],"class_list":{"0":"post-32793","1":"product","2":"type-product","3":"status-publish","4":"has-post-thumbnail","6":"product_brand-herbal-essences","7":"product_cat-hrana-i-pice","8":"product_cat-slatkisi-i-grickalice-261","10":"first","11":"outofstock","12":"shipping-taxable","13":"purchasable","14":"product-type-simple"},"_links":{"self":[{"href":"https:\/\/singuli.wpress.me\/index.php\/wp-json\/wp\/v2\/product\/32793","targetHints":{"allow":["GET"]}}],"collection":[{"href":"https:\/\/singuli.wpress.me\/index.php\/wp-json\/wp\/v2\/product"}],"about":[{"href":"https:\/\/singuli.wpress.me\/index.php\/wp-json\/wp\/v2\/types\/product"}],"version-history":[{"count":0,"href":"https:\/\/singuli.wpress.me\/index.php\/wp-json\/wp\/v2\/product\/32793\/revisions"}],"wp:featuredmedia":[{"embeddable":true,"href":"https:\/\/singuli.wpress.me\/index.php\/wp-json\/wp\/v2\/media\/32794"}],"wp:attachment":[{"href":"https:\/\/singuli.wpress.me\/index.php\/wp-json\/wp\/v2\/media?parent=32793"}],"wp:term":[{"taxonomy":"product_brand","embeddable":true,"href":"https:\/\/singuli.wpress.me\/index.php\/wp-json\/wp\/v2\/product_brand?post=32793"},{"taxonomy":"product_cat","embeddable":true,"href":"https:\/\/singuli.wpress.me\/index.php\/wp-json\/wp\/v2\/product_cat?post=32793"},{"taxonomy":"product_tag","embeddable":true,"href":"https:\/\/singuli.wpress.me\/index.php\/wp-json\/wp\/v2\/product_tag?post=32793"}],"curies":[{"name":"wp","href":"https:\/\/api.w.org\/{rel}","templated":true}]}}