{"id":32796,"date":"2026-04-17T00:45:59","date_gmt":"2026-04-17T00:45:59","guid":{"rendered":"https:\/\/singuli.wpress.me\/index.php\/proizvod\/old-spice-lumberjack-poklon-paket\/"},"modified":"2026-04-20T12:33:09","modified_gmt":"2026-04-20T12:33:09","slug":"old-spice-lumberjack-poklon-paket","status":"publish","type":"product","link":"https:\/\/singuli.wpress.me\/index.php\/proizvod\/old-spice-lumberjack-poklon-paket\/","title":{"rendered":"OLD SPICE Lumberjack, poklon paket"},"content":{"rendered":"<p>Tra\u017eite savr\u0161en dar za njega? <br \/>\n<span style=\"font-weight: bold\">Darovni kompleti Old Spice<\/span> za mu\u0161karce najbolji su poklon ako \u017eelite zadiviti modernog mu\u0161karca. <br \/>\nZa\u0161to, pitate se? <br \/>\nZato \u0161to jednostavno ne mo\u017eete pogrije\u0161iti s mirisima parfemske kvalitete Old Spice.  <\/p>\n<p>Darovni komplet Old Spice Lumberjack sadr\u017ei dezodorans u spreju Bearglove, dezodorans u stiku Bearglove i gel za tu\u0161iranje za mu\u0161karce Bearglove. Proizvodi za njegu tijela dolaze u kartonskoj kutiji s dizajnom Lumberjack koja uklju\u010duje uradi-sam domino. Plo\u010dice su otisnute sa strana kutije, dovoljno ih je samo izrezati i mo\u017eete u\u017eivati u fantasti\u010dnoj igri. <\/p>\n<p>Neka va\u0161 mu\u0161karac isproba miris parfemske kvalitete Bearglove: uz ovaj vo\u0107ni, svje\u017ei miris so\u010dnog bobi\u010dastog vo\u0107a, pikantnih citrusa i hrskave jabuke s da\u0161kom za\u010dina postat \u0107e najneodoljiviji stvor u \u0161umi.<\/p>\n","protected":false},"excerpt":{"rendered":"<p>Darovni kompleti Old Spice za mu\u0161karce<br \/>\nDezodorans u spreju Bearglove (150 ml), dezodorans u stiku Bearglove (50 ml) i gel za tu\u0161iranje Bearglove (250 ml)<br \/>\nNeka va\u0161 mu\u0161karac u\u017eiva u igri i pru\u017ei darovnoj kutiji nov \u017eivot<\/p>\n","protected":false},"featured_media":32797,"template":"","meta":{"_seopress_robots_primary_cat":"","_seopress_titles_title":"","_seopress_titles_desc":"","_seopress_robots_index":"","iawp_total_views":0},"product_brand":[448],"product_cat":[261,277],"product_tag":[],"class_list":{"0":"post-32796","1":"product","2":"type-product","3":"status-publish","4":"has-post-thumbnail","6":"product_brand-old-spice","7":"product_cat-hrana-i-pice","8":"product_cat-slatkisi-i-grickalice-261","10":"first","11":"outofstock","12":"shipping-taxable","13":"purchasable","14":"product-type-simple"},"_links":{"self":[{"href":"https:\/\/singuli.wpress.me\/index.php\/wp-json\/wp\/v2\/product\/32796","targetHints":{"allow":["GET"]}}],"collection":[{"href":"https:\/\/singuli.wpress.me\/index.php\/wp-json\/wp\/v2\/product"}],"about":[{"href":"https:\/\/singuli.wpress.me\/index.php\/wp-json\/wp\/v2\/types\/product"}],"version-history":[{"count":0,"href":"https:\/\/singuli.wpress.me\/index.php\/wp-json\/wp\/v2\/product\/32796\/revisions"}],"wp:featuredmedia":[{"embeddable":true,"href":"https:\/\/singuli.wpress.me\/index.php\/wp-json\/wp\/v2\/media\/32797"}],"wp:attachment":[{"href":"https:\/\/singuli.wpress.me\/index.php\/wp-json\/wp\/v2\/media?parent=32796"}],"wp:term":[{"taxonomy":"product_brand","embeddable":true,"href":"https:\/\/singuli.wpress.me\/index.php\/wp-json\/wp\/v2\/product_brand?post=32796"},{"taxonomy":"product_cat","embeddable":true,"href":"https:\/\/singuli.wpress.me\/index.php\/wp-json\/wp\/v2\/product_cat?post=32796"},{"taxonomy":"product_tag","embeddable":true,"href":"https:\/\/singuli.wpress.me\/index.php\/wp-json\/wp\/v2\/product_tag?post=32796"}],"curies":[{"name":"wp","href":"https:\/\/api.w.org\/{rel}","templated":true}]}}