{"id":32799,"date":"2026-04-17T00:46:01","date_gmt":"2026-04-17T00:46:01","guid":{"rendered":"https:\/\/singuli.wpress.me\/index.php\/proizvod\/pantene-miracles-hydra-glow-poklon-paket\/"},"modified":"2026-04-20T12:33:09","modified_gmt":"2026-04-20T12:33:09","slug":"pantene-miracles-hydra-glow-poklon-paket","status":"publish","type":"product","link":"https:\/\/singuli.wpress.me\/index.php\/proizvod\/pantene-miracles-hydra-glow-poklon-paket\/","title":{"rendered":"PANTENE Miracles Hydra Glow, poklon paket"},"content":{"rendered":"<p>Otkrijte snagu maksimalne hidratacije s kolekcijom <span style=\"font-weight: bold\">Pantene Hydra<\/span>: \u0161ampon, regenerator i maska. Formula Pro-V s Nutri Pearls osloba\u0111a hranjive sastojke, kosa postaje 100% mek\u0161a ve\u0107 nakon prvog kori\u0161tenja.<\/p>\n<p>Na\u010din primjene:<br \/>\nMaska: Nanesite na mokru kosu. Isperite. \u0160ampon: Umasirati u mokru kosu i napraviti pjenu. Isprati. <br \/>\nBalzam: Nanesite na mokru kosu, po\u010dev\u0161i od vrhova. Isperite.<\/p>\n","protected":false},"excerpt":{"rendered":"<p>Paket sadr\u017ei masku za kosu 300ml, \u0161ampon 250ml i masku 160ml<br \/>\nOboga\u0107en nutrijentima biotin, hijaluronska kiselina i Pro-V<br \/>\nIntenzivno hidratizira suhu i o\u0161te\u0107enu kosu<\/p>\n","protected":false},"featured_media":32800,"template":"","meta":{"_seopress_robots_primary_cat":"","_seopress_titles_title":"","_seopress_titles_desc":"","_seopress_robots_index":"","iawp_total_views":0},"product_brand":[411],"product_cat":[261,277],"product_tag":[],"class_list":{"0":"post-32799","1":"product","2":"type-product","3":"status-publish","4":"has-post-thumbnail","6":"product_brand-pantene","7":"product_cat-hrana-i-pice","8":"product_cat-slatkisi-i-grickalice-261","10":"first","11":"outofstock","12":"shipping-taxable","13":"purchasable","14":"product-type-simple"},"_links":{"self":[{"href":"https:\/\/singuli.wpress.me\/index.php\/wp-json\/wp\/v2\/product\/32799","targetHints":{"allow":["GET"]}}],"collection":[{"href":"https:\/\/singuli.wpress.me\/index.php\/wp-json\/wp\/v2\/product"}],"about":[{"href":"https:\/\/singuli.wpress.me\/index.php\/wp-json\/wp\/v2\/types\/product"}],"version-history":[{"count":0,"href":"https:\/\/singuli.wpress.me\/index.php\/wp-json\/wp\/v2\/product\/32799\/revisions"}],"wp:featuredmedia":[{"embeddable":true,"href":"https:\/\/singuli.wpress.me\/index.php\/wp-json\/wp\/v2\/media\/32800"}],"wp:attachment":[{"href":"https:\/\/singuli.wpress.me\/index.php\/wp-json\/wp\/v2\/media?parent=32799"}],"wp:term":[{"taxonomy":"product_brand","embeddable":true,"href":"https:\/\/singuli.wpress.me\/index.php\/wp-json\/wp\/v2\/product_brand?post=32799"},{"taxonomy":"product_cat","embeddable":true,"href":"https:\/\/singuli.wpress.me\/index.php\/wp-json\/wp\/v2\/product_cat?post=32799"},{"taxonomy":"product_tag","embeddable":true,"href":"https:\/\/singuli.wpress.me\/index.php\/wp-json\/wp\/v2\/product_tag?post=32799"}],"curies":[{"name":"wp","href":"https:\/\/api.w.org\/{rel}","templated":true}]}}