{"id":32805,"date":"2026-04-17T00:46:05","date_gmt":"2026-04-17T00:46:05","guid":{"rendered":"https:\/\/singuli.wpress.me\/index.php\/proizvod\/old-spice-footballer-poklon-paket\/"},"modified":"2026-04-20T12:33:09","modified_gmt":"2026-04-20T12:33:09","slug":"old-spice-footballer-poklon-paket","status":"publish","type":"product","link":"https:\/\/singuli.wpress.me\/index.php\/proizvod\/old-spice-footballer-poklon-paket\/","title":{"rendered":"OLD SPICE Footballer, poklon paket"},"content":{"rendered":"<p>Tra\u017eite savr\u0161en dar za njega? <br \/>\n<span style=\"font-weight: bold\">Darovni kompleti Old Spice<\/span> za mu\u0161karce najbolji su poklon ako \u017eelite zadiviti modernog mu\u0161karca. <br \/>\nZa\u0161to, pitate se? <br \/>\nZato \u0161to jednostavno ne mo\u017eete pogrije\u0161iti s mirisima parfemske kvalitete Old Spice.  <\/p>\n<p>Darovni komplet Old Spice Footballer sadr\u017ei dezodorans u spreju Captain i gel za tu\u0161iranje za mu\u0161karce Captain. Proizvodi za njegu tijela dolaze u kartonskoj kutiji s dizajnom Footballer koja je savr\u0161ena za sve mu\u0161karce u va\u0161em \u017eivotu opsjednute nogometom. <\/p>\n<p>Neka va\u0161 mu\u0161karac isproba miris parfemske kvalitete Captain: miris divljih morskih valova, sandalovine i pikantnog bergamota pretvorit \u0107e ga u neustra\u0161ivog kapetana svje\u017eine. <\/p>\n","protected":false},"excerpt":{"rendered":"<p>Darovni kompleti Old Spice za mu\u0161karce<br \/>\nDezodorans u spreju Captain (150 ml) i gel za tu\u0161iranje Captain (250 ml)<br \/>\nSavr\u0161en darovni komplet za ljubitelje nogometa koji fantasti\u010dno miri\u0161u<\/p>\n","protected":false},"featured_media":32806,"template":"","meta":{"_seopress_robots_primary_cat":"","_seopress_titles_title":"","_seopress_titles_desc":"","_seopress_robots_index":"","iawp_total_views":0},"product_brand":[448],"product_cat":[261,277],"product_tag":[],"class_list":{"0":"post-32805","1":"product","2":"type-product","3":"status-publish","4":"has-post-thumbnail","6":"product_brand-old-spice","7":"product_cat-hrana-i-pice","8":"product_cat-slatkisi-i-grickalice-261","10":"first","11":"outofstock","12":"shipping-taxable","13":"purchasable","14":"product-type-simple"},"_links":{"self":[{"href":"https:\/\/singuli.wpress.me\/index.php\/wp-json\/wp\/v2\/product\/32805","targetHints":{"allow":["GET"]}}],"collection":[{"href":"https:\/\/singuli.wpress.me\/index.php\/wp-json\/wp\/v2\/product"}],"about":[{"href":"https:\/\/singuli.wpress.me\/index.php\/wp-json\/wp\/v2\/types\/product"}],"version-history":[{"count":0,"href":"https:\/\/singuli.wpress.me\/index.php\/wp-json\/wp\/v2\/product\/32805\/revisions"}],"wp:featuredmedia":[{"embeddable":true,"href":"https:\/\/singuli.wpress.me\/index.php\/wp-json\/wp\/v2\/media\/32806"}],"wp:attachment":[{"href":"https:\/\/singuli.wpress.me\/index.php\/wp-json\/wp\/v2\/media?parent=32805"}],"wp:term":[{"taxonomy":"product_brand","embeddable":true,"href":"https:\/\/singuli.wpress.me\/index.php\/wp-json\/wp\/v2\/product_brand?post=32805"},{"taxonomy":"product_cat","embeddable":true,"href":"https:\/\/singuli.wpress.me\/index.php\/wp-json\/wp\/v2\/product_cat?post=32805"},{"taxonomy":"product_tag","embeddable":true,"href":"https:\/\/singuli.wpress.me\/index.php\/wp-json\/wp\/v2\/product_tag?post=32805"}],"curies":[{"name":"wp","href":"https:\/\/api.w.org\/{rel}","templated":true}]}}