{"id":32808,"date":"2026-04-17T00:46:08","date_gmt":"2026-04-17T00:46:08","guid":{"rendered":"https:\/\/singuli.wpress.me\/index.php\/proizvod\/headshoulders-poklon-paket\/"},"modified":"2026-04-20T12:33:09","modified_gmt":"2026-04-20T12:33:09","slug":"headshoulders-poklon-paket","status":"publish","type":"product","link":"https:\/\/singuli.wpress.me\/index.php\/proizvod\/headshoulders-poklon-paket\/","title":{"rendered":"HEAD&amp;SHOULDERS, poklon paket"},"content":{"rendered":"<p>Poklonite odli\u010dan set za njegu mu\u0161karaca! <span style=\"font-weight: bold\">\u0160ampon Head &amp; Shoulders 2u1 Classic Clean<\/span> \u0161titi od peruti, a dezodorant Old Spice Captain odr\u017eava svje\u017einu tijekom cijelog dana. Duo koje \u0107e svaki mu\u0161karac zavoljeti!<\/p>\n<p>Na\u010din primjene:<br \/>\nOld Spice: Proizvod se podi\u017ee okretanjem kota\u010di\u0107a. Nanijeti ispod pazuha.<\/p>\n<p><\/p>\n","protected":false},"excerpt":{"rendered":"<p>Paket sadr\u017ei \u0161ampon za kosu 2u1 Classic Clean i dezodorans Old Spice Captain<br \/>\nU\u010dinkovita za\u0161tita od peruti i njezino spre\u010davanje, mekana i lijepa kosa<br \/>\nZaboravi na neugodne mirise i u\u017eivaj u dugotrajnoj svje\u017eini<\/p>\n","protected":false},"featured_media":32809,"template":"","meta":{"_seopress_robots_primary_cat":"","_seopress_titles_title":"","_seopress_titles_desc":"","_seopress_robots_index":"","iawp_total_views":0},"product_brand":[443],"product_cat":[261,277],"product_tag":[],"class_list":{"0":"post-32808","1":"product","2":"type-product","3":"status-publish","4":"has-post-thumbnail","6":"product_brand-headshoulders","7":"product_cat-hrana-i-pice","8":"product_cat-slatkisi-i-grickalice-261","10":"first","11":"outofstock","12":"shipping-taxable","13":"purchasable","14":"product-type-simple"},"_links":{"self":[{"href":"https:\/\/singuli.wpress.me\/index.php\/wp-json\/wp\/v2\/product\/32808","targetHints":{"allow":["GET"]}}],"collection":[{"href":"https:\/\/singuli.wpress.me\/index.php\/wp-json\/wp\/v2\/product"}],"about":[{"href":"https:\/\/singuli.wpress.me\/index.php\/wp-json\/wp\/v2\/types\/product"}],"version-history":[{"count":0,"href":"https:\/\/singuli.wpress.me\/index.php\/wp-json\/wp\/v2\/product\/32808\/revisions"}],"wp:featuredmedia":[{"embeddable":true,"href":"https:\/\/singuli.wpress.me\/index.php\/wp-json\/wp\/v2\/media\/32809"}],"wp:attachment":[{"href":"https:\/\/singuli.wpress.me\/index.php\/wp-json\/wp\/v2\/media?parent=32808"}],"wp:term":[{"taxonomy":"product_brand","embeddable":true,"href":"https:\/\/singuli.wpress.me\/index.php\/wp-json\/wp\/v2\/product_brand?post=32808"},{"taxonomy":"product_cat","embeddable":true,"href":"https:\/\/singuli.wpress.me\/index.php\/wp-json\/wp\/v2\/product_cat?post=32808"},{"taxonomy":"product_tag","embeddable":true,"href":"https:\/\/singuli.wpress.me\/index.php\/wp-json\/wp\/v2\/product_tag?post=32808"}],"curies":[{"name":"wp","href":"https:\/\/api.w.org\/{rel}","templated":true}]}}