{"id":32814,"date":"2026-04-17T00:46:12","date_gmt":"2026-04-17T00:46:12","guid":{"rendered":"https:\/\/singuli.wpress.me\/index.php\/proizvod\/pantene-infinitely-long-poklon-paket\/"},"modified":"2026-04-20T12:33:09","modified_gmt":"2026-04-20T12:33:09","slug":"pantene-infinitely-long-poklon-paket","status":"publish","type":"product","link":"https:\/\/singuli.wpress.me\/index.php\/proizvod\/pantene-infinitely-long-poklon-paket\/","title":{"rendered":"PANTENE Infinitely Long, poklon paket"},"content":{"rendered":"<p>Otkrijte set proizvoda <span style=\"font-weight: bold\">Pantene Infinitely Long<\/span>, izvrsnog izvora prehrane i za\u0161tite va\u0161e kose. Nje\u017ena formula s PRO-V i inovativnom tehnologijom Active Nutri-Plex \u010disti kosu i pru\u017ea joj potrebne hranjive tvari. Kori\u0161tenje s na\u0161im regeneratorom poma\u017ee oja\u010dati dugu kosu s o\u0161te\u0107enim vrhovima, daju\u0107i joj zdrav izgled od korijena do vrhova i pru\u017eaju\u0107i meko\u0107u kroz cijelu duljinu. <br \/>\nTestirano od strane Swiss Vitamin Institute.<\/p>\n<p>Na\u010din primjene:<br \/>\n\u0160ampon: Umasirati u mokru kosu i napraviti pjenu. Isprati. <br \/>\nBalzam: Nanesite na mokru kosu. Isperite.<\/p>\n","protected":false},"excerpt":{"rendered":"<p>Paket sadr\u017ei \u0161ampon za kosu 400ml i 3mm balzam 220ml<br \/>\nTajna sna\u017enije duge kose<br \/>\nZa do 100 % sna\u017eniju i obnovljenu kosu<\/p>\n","protected":false},"featured_media":32815,"template":"","meta":{"_seopress_robots_primary_cat":"","_seopress_titles_title":"","_seopress_titles_desc":"","_seopress_robots_index":"","iawp_total_views":0},"product_brand":[411],"product_cat":[261,277],"product_tag":[],"class_list":{"0":"post-32814","1":"product","2":"type-product","3":"status-publish","4":"has-post-thumbnail","6":"product_brand-pantene","7":"product_cat-hrana-i-pice","8":"product_cat-slatkisi-i-grickalice-261","10":"first","11":"outofstock","12":"shipping-taxable","13":"purchasable","14":"product-type-simple"},"_links":{"self":[{"href":"https:\/\/singuli.wpress.me\/index.php\/wp-json\/wp\/v2\/product\/32814","targetHints":{"allow":["GET"]}}],"collection":[{"href":"https:\/\/singuli.wpress.me\/index.php\/wp-json\/wp\/v2\/product"}],"about":[{"href":"https:\/\/singuli.wpress.me\/index.php\/wp-json\/wp\/v2\/types\/product"}],"version-history":[{"count":0,"href":"https:\/\/singuli.wpress.me\/index.php\/wp-json\/wp\/v2\/product\/32814\/revisions"}],"wp:featuredmedia":[{"embeddable":true,"href":"https:\/\/singuli.wpress.me\/index.php\/wp-json\/wp\/v2\/media\/32815"}],"wp:attachment":[{"href":"https:\/\/singuli.wpress.me\/index.php\/wp-json\/wp\/v2\/media?parent=32814"}],"wp:term":[{"taxonomy":"product_brand","embeddable":true,"href":"https:\/\/singuli.wpress.me\/index.php\/wp-json\/wp\/v2\/product_brand?post=32814"},{"taxonomy":"product_cat","embeddable":true,"href":"https:\/\/singuli.wpress.me\/index.php\/wp-json\/wp\/v2\/product_cat?post=32814"},{"taxonomy":"product_tag","embeddable":true,"href":"https:\/\/singuli.wpress.me\/index.php\/wp-json\/wp\/v2\/product_tag?post=32814"}],"curies":[{"name":"wp","href":"https:\/\/api.w.org\/{rel}","templated":true}]}}