{"id":32820,"date":"2026-04-17T00:46:17","date_gmt":"2026-04-17T00:46:17","guid":{"rendered":"https:\/\/singuli.wpress.me\/index.php\/proizvod\/pantene-intensive-repair-poklon-paket\/"},"modified":"2026-04-20T12:33:09","modified_gmt":"2026-04-20T12:33:09","slug":"pantene-intensive-repair-poklon-paket","status":"publish","type":"product","link":"https:\/\/singuli.wpress.me\/index.php\/proizvod\/pantene-intensive-repair-poklon-paket\/","title":{"rendered":"PANTENE Intensive Repair, poklon paket"},"content":{"rendered":"<p>Otkrijte <span style=\"font-weight: bold\">set proizvoda Pantene Intensive Repair<\/span>, izvrsnog izvora prehrane i za\u0161tite va\u0161e kose. Nje\u017ena formula s PRO-V i inovativnom tehnologijom Active Nutri-Plex \u010disti kosu i pru\u017ea joj potrebne hranjive tvari. <br \/>\nKori\u0161tenje s na\u0161im regeneratorom poma\u017ee popraviti znakove o\u0161te\u0107enja, poput nedostatka glatko\u0107e i sjaja, ja\u010daju\u0107i kosu iznutra. <br \/>\nTestirano od strane Swiss Vitamin Institute.<\/p>\n<p>Na\u010din primjene:<br \/>\n\u0160ampon: Umasirati u mokru kosu i napraviti pjenu. Isprati. <br \/>\nBalzam: Nanesite na mokru kosu. Isperite.<\/p>\n","protected":false},"excerpt":{"rendered":"<p>Paket sadr\u017ei \u0161ampon 400ml i 3mm balzam 220ml<br \/>\n\u0160ampon bez silikona<br \/>\nBolja za\u0161tita veza, za slabu kosu<\/p>\n","protected":false},"featured_media":32821,"template":"","meta":{"_seopress_robots_primary_cat":"","_seopress_titles_title":"","_seopress_titles_desc":"","_seopress_robots_index":"","iawp_total_views":0},"product_brand":[411],"product_cat":[261,277],"product_tag":[],"class_list":{"0":"post-32820","1":"product","2":"type-product","3":"status-publish","4":"has-post-thumbnail","6":"product_brand-pantene","7":"product_cat-hrana-i-pice","8":"product_cat-slatkisi-i-grickalice-261","10":"first","11":"outofstock","12":"shipping-taxable","13":"purchasable","14":"product-type-simple"},"_links":{"self":[{"href":"https:\/\/singuli.wpress.me\/index.php\/wp-json\/wp\/v2\/product\/32820","targetHints":{"allow":["GET"]}}],"collection":[{"href":"https:\/\/singuli.wpress.me\/index.php\/wp-json\/wp\/v2\/product"}],"about":[{"href":"https:\/\/singuli.wpress.me\/index.php\/wp-json\/wp\/v2\/types\/product"}],"version-history":[{"count":0,"href":"https:\/\/singuli.wpress.me\/index.php\/wp-json\/wp\/v2\/product\/32820\/revisions"}],"wp:featuredmedia":[{"embeddable":true,"href":"https:\/\/singuli.wpress.me\/index.php\/wp-json\/wp\/v2\/media\/32821"}],"wp:attachment":[{"href":"https:\/\/singuli.wpress.me\/index.php\/wp-json\/wp\/v2\/media?parent=32820"}],"wp:term":[{"taxonomy":"product_brand","embeddable":true,"href":"https:\/\/singuli.wpress.me\/index.php\/wp-json\/wp\/v2\/product_brand?post=32820"},{"taxonomy":"product_cat","embeddable":true,"href":"https:\/\/singuli.wpress.me\/index.php\/wp-json\/wp\/v2\/product_cat?post=32820"},{"taxonomy":"product_tag","embeddable":true,"href":"https:\/\/singuli.wpress.me\/index.php\/wp-json\/wp\/v2\/product_tag?post=32820"}],"curies":[{"name":"wp","href":"https:\/\/api.w.org\/{rel}","templated":true}]}}