{"id":32827,"date":"2026-04-17T00:46:25","date_gmt":"2026-04-17T00:46:25","guid":{"rendered":"https:\/\/singuli.wpress.me\/index.php\/proizvod\/glade-aromatherapy-pure-happiness-mirisna-svijeca-naranca-i-cvijet-nerolija-170-g\/"},"modified":"2026-04-20T12:33:09","modified_gmt":"2026-04-20T12:33:09","slug":"glade-aromatherapy-pure-happiness-mirisna-svijeca-naranca-i-cvijet-nerolija-170-g","status":"publish","type":"product","link":"https:\/\/singuli.wpress.me\/index.php\/proizvod\/glade-aromatherapy-pure-happiness-mirisna-svijeca-naranca-i-cvijet-nerolija-170-g\/","title":{"rendered":"GLADE Aromatherapy Pure Happiness, mirisna svije\u0107a, naran\u010da i cvijet nerolija, 170\u00a0g"},"content":{"rendered":"<p>Pure Happines svije\u0107a &#8211; Glade\u00ae Mirisna svije\u0107a pru\u017ea ugodan miris oboga\u0107en dvostrukom mje\u0161avinom premium esencijalnih ulja koji ispunjavaju cijelu prostoriju. Uljep\u0161ajte svoj dan i inspirirajte se uz pomo\u0107 \u017eivopisne mje\u0161avine brazilske naran\u010de i slatkog sjevernoafri\u010dkog cvijeta nerolija.<\/p>\n","protected":false},"excerpt":{"rendered":"<p>Mirisna svije\u0107a oboga\u0107ena dvostrukom mje\u0161avinom esencijalnih ulja<br \/>\nNapravljena od voska na biljnoj bazi<br \/>\nNe sadr\u017ei parabene, ftalate, umjetna bojila<\/p>\n","protected":false},"featured_media":32828,"template":"","meta":{"_seopress_robots_primary_cat":"","_seopress_titles_title":"","_seopress_titles_desc":"","_seopress_robots_index":"","iawp_total_views":0},"product_brand":[405],"product_cat":[294,238],"product_tag":[],"class_list":{"0":"post-32827","1":"product","2":"type-product","3":"status-publish","4":"has-post-thumbnail","6":"product_brand-glade","7":"product_cat-osvjezivaci-zraka-238","8":"product_cat-sve-za-dom","10":"first","11":"instock","12":"shipping-taxable","13":"purchasable","14":"product-type-simple"},"_links":{"self":[{"href":"https:\/\/singuli.wpress.me\/index.php\/wp-json\/wp\/v2\/product\/32827","targetHints":{"allow":["GET"]}}],"collection":[{"href":"https:\/\/singuli.wpress.me\/index.php\/wp-json\/wp\/v2\/product"}],"about":[{"href":"https:\/\/singuli.wpress.me\/index.php\/wp-json\/wp\/v2\/types\/product"}],"version-history":[{"count":0,"href":"https:\/\/singuli.wpress.me\/index.php\/wp-json\/wp\/v2\/product\/32827\/revisions"}],"wp:featuredmedia":[{"embeddable":true,"href":"https:\/\/singuli.wpress.me\/index.php\/wp-json\/wp\/v2\/media\/32828"}],"wp:attachment":[{"href":"https:\/\/singuli.wpress.me\/index.php\/wp-json\/wp\/v2\/media?parent=32827"}],"wp:term":[{"taxonomy":"product_brand","embeddable":true,"href":"https:\/\/singuli.wpress.me\/index.php\/wp-json\/wp\/v2\/product_brand?post=32827"},{"taxonomy":"product_cat","embeddable":true,"href":"https:\/\/singuli.wpress.me\/index.php\/wp-json\/wp\/v2\/product_cat?post=32827"},{"taxonomy":"product_tag","embeddable":true,"href":"https:\/\/singuli.wpress.me\/index.php\/wp-json\/wp\/v2\/product_tag?post=32827"}],"curies":[{"name":"wp","href":"https:\/\/api.w.org\/{rel}","templated":true}]}}