{"id":32833,"date":"2026-04-17T00:46:36","date_gmt":"2026-04-17T00:46:36","guid":{"rendered":"https:\/\/singuli.wpress.me\/index.php\/proizvod\/jar-pro-v-extra-citrus-tekuci-deterdzent-za-pranje-rublja-900-ml\/"},"modified":"2026-04-20T12:33:09","modified_gmt":"2026-04-20T12:33:09","slug":"jar-pro-v-extra-citrus-tekuci-deterdzent-za-pranje-rublja-900-ml","status":"publish","type":"product","link":"https:\/\/singuli.wpress.me\/index.php\/proizvod\/jar-pro-v-extra-citrus-tekuci-deterdzent-za-pranje-rublja-900-ml\/","title":{"rendered":"JAR Pro-V Extra+ Citrus, teku\u0107i deterd\u017eent za pranje rublja, 900\u00a0ml"},"content":{"rendered":"<p><span style=\"font-weight: bold\">Teku\u0107i deterd\u017eent za pranje posu\u0111a Jar Extra+ Citrus<\/span> poma\u017ee vam da br\u017ee iza\u0111ete iz kuhinje tako \u0161to vam nudi mogu\u0107nost br\u017eeg i jednostavnijeg \u010di\u0161\u0107enja. Svaka kapljica Jara brzo prodire i slabi tvrdokorne naslage masno\u0107e na posu\u0111u i ostavlja besprijekorne rezultate, \u010dak i kod najizazovnije tvrdokorne masno\u0107e.<br \/>\nNanesite kap proizvoda u skladu s vrstom i razinom zaprljanja posu\u0111a.<\/p>\n","protected":false},"excerpt":{"rendered":"<p>Brzo pranje posu\u0111a<br \/>\nLako \u010di\u0161\u0107enje<br \/>\nLako ispiranje<\/p>\n","protected":false},"featured_media":32834,"template":"","meta":{"_seopress_robots_primary_cat":"","_seopress_titles_title":"","_seopress_titles_desc":"","_seopress_robots_index":"","iawp_total_views":0},"product_brand":[454],"product_cat":[314,238],"product_tag":[],"class_list":{"0":"post-32833","1":"product","2":"type-product","3":"status-publish","4":"has-post-thumbnail","6":"product_brand-jar","7":"product_cat-pranje-posuda-238","8":"product_cat-sve-za-dom","10":"first","11":"instock","12":"shipping-taxable","13":"purchasable","14":"product-type-simple"},"_links":{"self":[{"href":"https:\/\/singuli.wpress.me\/index.php\/wp-json\/wp\/v2\/product\/32833","targetHints":{"allow":["GET"]}}],"collection":[{"href":"https:\/\/singuli.wpress.me\/index.php\/wp-json\/wp\/v2\/product"}],"about":[{"href":"https:\/\/singuli.wpress.me\/index.php\/wp-json\/wp\/v2\/types\/product"}],"version-history":[{"count":0,"href":"https:\/\/singuli.wpress.me\/index.php\/wp-json\/wp\/v2\/product\/32833\/revisions"}],"wp:featuredmedia":[{"embeddable":true,"href":"https:\/\/singuli.wpress.me\/index.php\/wp-json\/wp\/v2\/media\/32834"}],"wp:attachment":[{"href":"https:\/\/singuli.wpress.me\/index.php\/wp-json\/wp\/v2\/media?parent=32833"}],"wp:term":[{"taxonomy":"product_brand","embeddable":true,"href":"https:\/\/singuli.wpress.me\/index.php\/wp-json\/wp\/v2\/product_brand?post=32833"},{"taxonomy":"product_cat","embeddable":true,"href":"https:\/\/singuli.wpress.me\/index.php\/wp-json\/wp\/v2\/product_cat?post=32833"},{"taxonomy":"product_tag","embeddable":true,"href":"https:\/\/singuli.wpress.me\/index.php\/wp-json\/wp\/v2\/product_tag?post=32833"}],"curies":[{"name":"wp","href":"https:\/\/api.w.org\/{rel}","templated":true}]}}